{"id":78722,"date":"2024-05-16T18:13:35","date_gmt":"2024-05-16T16:13:35","guid":{"rendered":"https:\/\/iffr.com\/nl\/?page_id=78722"},"modified":"2025-12-04T16:43:04","modified_gmt":"2025-12-04T15:43:04","slug":"robby-m%c3%bcller-award","status":"publish","type":"page","link":"https:\/\/iffr.com\/nl\/awards-competitions\/robby-m%c3%bcller-award","title":{"rendered":"Robby M\u00fcller Award"},"content":{"rendered":"\n<p>De Robby M\u00fcller Award is een gezamenlijk initiatief van IFFR, de Netherlands Society of Cinematographers (NSC) en Andrea M\u00fcller-Schirmer, de vrouw van Robby M\u00fcller.<\/p>\n\n\n\n<p>Jaarlijks kiezen Andrea en een jury van filmprofessionals een winnende \u2018beeldmaker\u2019 die in de geest van wijlen Robby M\u00fcller een authentieke, geloofwaardige en aangrijpende beeldtaal heeft ontwikkeld met zijn of haar gehele oeuvre. Tijdens het festival wordt de winnaar beloond met een exemplaar van een beroemde polaroid van Robby M\u00fcller en geeft de winnaar een Talk over diens werk.<\/p>\n\n\n\n<h2 class=\"wp-block-heading\">Robby M\u00fcller Award winnaar 2026: Yorick Le Saux<\/h2>\n\n\n\n<figure class=\"wp-block-image size-full\"><img loading=\"lazy\" decoding=\"async\" width=\"1320\" height=\"743\" src=\"https:\/\/iffr.com\/nl\/wp-content\/uploads\/2025\/12\/Yorick-Le-Saux_Directors-portrait-2.jpg\" alt=\"\" class=\"wp-image-209078\" srcset=\"https:\/\/iffr.com\/nl\/wp-content\/uploads\/2025\/12\/Yorick-Le-Saux_Directors-portrait-2.jpg?image-crop-positioner-ts=1764753683 1320w, https:\/\/iffr.com\/nl\/wp-content\/uploads\/2025\/12\/Yorick-Le-Saux_Directors-portrait-2-288x162.jpg?image-crop-positioner-ts=1764753683 288w, https:\/\/iffr.com\/nl\/wp-content\/uploads\/2025\/12\/Yorick-Le-Saux_Directors-portrait-2-432x243.jpg?image-crop-positioner-ts=1764753683 432w, https:\/\/iffr.com\/nl\/wp-content\/uploads\/2025\/12\/Yorick-Le-Saux_Directors-portrait-2-832x468.jpg?image-crop-positioner-ts=1764753683 832w, https:\/\/iffr.com\/nl\/wp-content\/uploads\/2025\/12\/Yorick-Le-Saux_Directors-portrait-2-1296x729.jpg?image-crop-positioner-ts=1764753683 1296w\" sizes=\"auto, (max-width: 1320px) 100vw, 1320px\" \/><\/figure>\n\n\n\n\t<div data-name=\"acf\/block-buttons\" class=\"align\">\n\t\t\n\t\t<ul class=\"flex flex-wrap gap-2 md:gap-6\">\n\t\t\t\t\t\t\t<li>\n\t\t\t\t\t\t\t\t\t\t\n\n\n\n\n<a\n\tclass=\"group btn btn-outline  \"\n\t\t\thref=\"https:\/\/iffr.com\/nl\/blog-iffr-eert-yorick-le-saux-met-robby-muller-award\"\n\t\t\t\t\t\t\t\t\t\t\t\t\t\t>\n\t\n\t\t\t<span data-button-text>\n\t\t\tLees de volledige aankondiging hier\n\n\t\t\t\t\t<\/span>\n\t\n\t\t\t\t\t\n\t\t\t\t\t<span class=\"transition-transform duration-300 group-hover:translate-x-2 group-focus-visible:translate-x-2 flex items-center justify-center w-[1em] h-[1em] icon group-expanded:hidden\" aria-hidden=\"true\">\n\t\t\t<svg width=\"24\" height=\"24\" viewBox=\"0 0 24 24\" fill=\"none\" xmlns=\"http:\/\/www.w3.org\/2000\/svg\"><path d=\"m23.575 13.022-8.639 8.638a1.442 1.442 0 0 1-2.04-2.04l6.18-6.177H1.44a1.44 1.44 0 0 1 0-2.88h17.637l-6.178-6.18a1.442 1.442 0 0 1 2.04-2.04l8.638 8.638a1.44 1.44 0 0 1-.002 2.04Z\" fill=\"currentColor\"\/><\/svg>\n\n\t\t<\/span>\n\n\t\t\t\n\t<\/a>\n\t\t\t\t<\/li>\n\t\t\t\t\t<\/ul>\n\t<\/div>\n\n\n\n<h2 class=\"wp-block-heading\">Eerdere winnaars<\/h2>\n\n\n\n<h3 class=\"wp-block-heading\">2025<\/h3>\n\n\n\n<p>Cinematograaf <a href=\"https:\/\/iffr.com\/nl\/the-brutalist-director-of-photography-lol-crawley-ge\u00eberd-met-de-robby-m\u00fcller-award-2025-talk-en-vertoning-op-iffr\">Lol Crawley<\/a> (Verenigd Koninkrijk)<\/p>\n\n\n\n\t<div data-name=\"acf\/block-buttons\" class=\"align\">\n\t\t\n\t\t<ul class=\"flex flex-wrap gap-2 md:gap-6\">\n\t\t\t\t\t\t\t<li>\n\t\t\t\t\t\t\t\t\t\t\n\n\n\n\n<a\n\tclass=\"group btn btn-outline  \"\n\t\t\thref=\"https:\/\/www.youtube.com\/watch?v=DJH7k5gt1PY&amp;list=PLF_RT4GM9bEmFW-fIoX0iqYXXYNs1PuWp&amp;index=7\"\n\t\t\t\ttarget=\"_blank\" rel=\"noopener\"\n\t\t\t\t\t\t\t\t\t\t\t\t\t>\n\t\n\t\t\t<span data-button-text>\n\t\t\tKijk de Big Talk met Lol Crawley\n\n\t\t\t\t\t\t\t<span class=\"sr-only\">Opent in een nieuw venster<\/span>\n\t\t\t\t\t<\/span>\n\t\n\t\t\t\t\t\n\t\t\t\t\t<span class=\"transition-transform duration-300 group-hover:rotate-45 group-focus-visible:rotate-45 flex items-center justify-center w-[1em] h-[1em] icon group-expanded:hidden\" aria-hidden=\"true\">\n\t\t\t<svg width=\"16\" height=\"16\" viewBox=\"0 0 16 16\" fill=\"none\" xmlns=\"http:\/\/www.w3.org\/2000\/svg\"><path d=\"M14.667 2.386v9.122a1.053 1.053 0 0 1-2.105 0V4.93l-9.43 9.428a1.054 1.054 0 1 1-1.49-1.491l9.429-9.429H4.493a1.052 1.052 0 0 1 0-2.105h9.121a1.053 1.053 0 0 1 1.053 1.053Z\" fill=\"currentColor\"\/><\/svg>\n\n\t\t<\/span>\n\n\t\t\t\n\t<\/a>\n\t\t\t\t<\/li>\n\t\t\t\t\t<\/ul>\n\t<\/div>\n\n\n\n<h3 class=\"wp-block-heading\">2024<\/h3>\n\n\n\n<p>Cinematograaf&nbsp;<a href=\"https:\/\/iffr.com\/nl\/blog\/robby-muller-award-2024\" target=\"_blank\" rel=\"noreferrer noopener\">Grimm Vandekerckhove<\/a>&nbsp;(Belgi\u00eb)<\/p>\n\n\n\n\t<div data-name=\"acf\/block-buttons\" class=\"align\">\n\t\t\n\t\t<ul class=\"flex flex-wrap gap-2 md:gap-6\">\n\t\t\t\t\t\t\t<li>\n\t\t\t\t\t\t\t\t\t\t\n\n\n\n\n<a\n\tclass=\"group btn btn-outline  \"\n\t\t\thref=\"https:\/\/www.youtube.com\/watch?v=AfLxWRroJ5s&amp;ab_channel=InternationalFilmFestivalRotterdam\"\n\t\t\t\ttarget=\"_blank\" rel=\"noopener\"\n\t\t\t\t\t\t\t\t\t\t\t\t\t>\n\t\n\t\t\t<span data-button-text>\n\t\t\tKijk de Talk met Grimm Vandekerckhove\n\n\t\t\t\t\t\t\t<span class=\"sr-only\">Opent in een nieuw venster<\/span>\n\t\t\t\t\t<\/span>\n\t\n\t\t\t\t\t\n\t\t\t\t\t<span class=\"transition-transform duration-300 group-hover:rotate-45 group-focus-visible:rotate-45 flex items-center justify-center w-[1em] h-[1em] icon group-expanded:hidden\" aria-hidden=\"true\">\n\t\t\t<svg width=\"16\" height=\"16\" viewBox=\"0 0 16 16\" fill=\"none\" xmlns=\"http:\/\/www.w3.org\/2000\/svg\"><path d=\"M14.667 2.386v9.122a1.053 1.053 0 0 1-2.105 0V4.93l-9.43 9.428a1.054 1.054 0 1 1-1.49-1.491l9.429-9.429H4.493a1.052 1.052 0 0 1 0-2.105h9.121a1.053 1.053 0 0 1 1.053 1.053Z\" fill=\"currentColor\"\/><\/svg>\n\n\t\t<\/span>\n\n\t\t\t\n\t<\/a>\n\t\t\t\t<\/li>\n\t\t\t\t\t<\/ul>\n\t<\/div>\n\n\n\n<h3 class=\"wp-block-heading\">2023<\/h3>\n\n\n\n<p>Cinematograaf&nbsp;<a href=\"https:\/\/iffr.com\/nl\/blog\/robby-muller-award-2023-helene-louvart\" target=\"_blank\" rel=\"noreferrer noopener\">H\u00e9l\u00e8ne Louvart<\/a>&nbsp;(Frankrijk)<\/p>\n\n\n\n\t<div data-name=\"acf\/block-buttons\" class=\"align\">\n\t\t\n\t\t<ul class=\"flex flex-wrap gap-2 md:gap-6\">\n\t\t\t\t\t\t\t<li>\n\t\t\t\t\t\t\t\t\t\t\n\n\n\n\n<a\n\tclass=\"group btn btn-outline  \"\n\t\t\thref=\"https:\/\/vimeo.com\/814569810\"\n\t\t\t\ttarget=\"_blank\" rel=\"noopener\"\n\t\t\t\t\t\t\t\t\t\t\t\t\t>\n\t\n\t\t\t<span data-button-text>\n\t\t\tKijk de Talk met H\u00e9l\u00e8ne Louvart\n\n\t\t\t\t\t\t\t<span class=\"sr-only\">Opent in een nieuw venster<\/span>\n\t\t\t\t\t<\/span>\n\t\n\t\t\t\t\t\n\t\t\t\t\t<span class=\"transition-transform duration-300 group-hover:rotate-45 group-focus-visible:rotate-45 flex items-center justify-center w-[1em] h-[1em] icon group-expanded:hidden\" aria-hidden=\"true\">\n\t\t\t<svg width=\"16\" height=\"16\" viewBox=\"0 0 16 16\" fill=\"none\" xmlns=\"http:\/\/www.w3.org\/2000\/svg\"><path d=\"M14.667 2.386v9.122a1.053 1.053 0 0 1-2.105 0V4.93l-9.43 9.428a1.054 1.054 0 1 1-1.49-1.491l9.429-9.429H4.493a1.052 1.052 0 0 1 0-2.105h9.121a1.053 1.053 0 0 1 1.053 1.053Z\" fill=\"currentColor\"\/><\/svg>\n\n\t\t<\/span>\n\n\t\t\t\n\t<\/a>\n\t\t\t\t<\/li>\n\t\t\t\t\t<\/ul>\n\t<\/div>\n\n\n\n<h3 class=\"wp-block-heading\">2022<\/h3>\n\n\n\n<p>Cinematograaf&nbsp;<a href=\"https:\/\/iffr.com\/nl\/blog\/sayombhu-mukdeeprom-ontvangt-robby-muller-award\" target=\"_blank\" rel=\"noreferrer noopener\">Sayombhu Mukdeeprom<\/a>&nbsp;(Thailand)&nbsp;<\/p>\n\n\n\n\t<div data-name=\"acf\/block-buttons\" class=\"align\">\n\t\t\n\t\t<ul class=\"flex flex-wrap gap-2 md:gap-6\">\n\t\t\t\t\t\t\t<li>\n\t\t\t\t\t\t\t\t\t\t\n\n\n\n\n<a\n\tclass=\"group btn btn-outline  \"\n\t\t\thref=\"https:\/\/vimeo.com\/673206578\"\n\t\t\t\ttarget=\"_blank\" rel=\"noopener\"\n\t\t\t\t\t\t\t\t\t\t\t\t\t>\n\t\n\t\t\t<span data-button-text>\n\t\t\tKijk de Big Talk met Sayombhu Mukdeeprom\n\n\t\t\t\t\t\t\t<span class=\"sr-only\">Opent in een nieuw venster<\/span>\n\t\t\t\t\t<\/span>\n\t\n\t\t\t\t\t\n\t\t\t\t\t<span class=\"transition-transform duration-300 group-hover:rotate-45 group-focus-visible:rotate-45 flex items-center justify-center w-[1em] h-[1em] icon group-expanded:hidden\" aria-hidden=\"true\">\n\t\t\t<svg width=\"16\" height=\"16\" viewBox=\"0 0 16 16\" fill=\"none\" xmlns=\"http:\/\/www.w3.org\/2000\/svg\"><path d=\"M14.667 2.386v9.122a1.053 1.053 0 0 1-2.105 0V4.93l-9.43 9.428a1.054 1.054 0 1 1-1.49-1.491l9.429-9.429H4.493a1.052 1.052 0 0 1 0-2.105h9.121a1.053 1.053 0 0 1 1.053 1.053Z\" fill=\"currentColor\"\/><\/svg>\n\n\t\t<\/span>\n\n\t\t\t\n\t<\/a>\n\t\t\t\t<\/li>\n\t\t\t\t\t<\/ul>\n\t<\/div>\n\n\n\n<h3 class=\"wp-block-heading\">2021<\/h3>\n\n\n\n<p>Filmmaker&nbsp;<a href=\"https:\/\/iffr.com\/nl\/kelly-reichardt-ontvangt-robby-muller-award\" target=\"_blank\" rel=\"noreferrer noopener\">Kelly Reichardt<\/a>&nbsp;(VS)<\/p>\n\n\n\n\t<div data-name=\"acf\/block-buttons\" class=\"align\">\n\t\t\n\t\t<ul class=\"flex flex-wrap gap-2 md:gap-6\">\n\t\t\t\t\t\t\t<li>\n\t\t\t\t\t\t\t\t\t\t\n\n\n\n\n<a\n\tclass=\"group btn btn-outline  \"\n\t\t\thref=\"https:\/\/vimeo.com\/508096634\/2ff75cdebb\"\n\t\t\t\ttarget=\"_blank\" rel=\"noopener\"\n\t\t\t\t\t\t\t\t\t\t\t\t\t>\n\t\n\t\t\t<span data-button-text>\n\t\t\tKijk de Big Talk met Kelly Reichardt\n\n\t\t\t\t\t\t\t<span class=\"sr-only\">Opent in een nieuw venster<\/span>\n\t\t\t\t\t<\/span>\n\t\n\t\t\t\t\t\n\t\t\t\t\t<span class=\"transition-transform duration-300 group-hover:rotate-45 group-focus-visible:rotate-45 flex items-center justify-center w-[1em] h-[1em] icon group-expanded:hidden\" aria-hidden=\"true\">\n\t\t\t<svg width=\"16\" height=\"16\" viewBox=\"0 0 16 16\" fill=\"none\" xmlns=\"http:\/\/www.w3.org\/2000\/svg\"><path d=\"M14.667 2.386v9.122a1.053 1.053 0 0 1-2.105 0V4.93l-9.43 9.428a1.054 1.054 0 1 1-1.49-1.491l9.429-9.429H4.493a1.052 1.052 0 0 1 0-2.105h9.121a1.053 1.053 0 0 1 1.053 1.053Z\" fill=\"currentColor\"\/><\/svg>\n\n\t\t<\/span>\n\n\t\t\t\n\t<\/a>\n\t\t\t\t<\/li>\n\t\t\t\t\t<\/ul>\n\t<\/div>\n\n\n\n<h3 class=\"wp-block-heading\">2020<\/h3>\n\n\n\n<p>Cinematograaf en schrijver&nbsp;<a href=\"https:\/\/iffr.com\/en\/persons\/diego-garc%C3%ADa\" target=\"_blank\" rel=\"noreferrer noopener\">Diego Garc\u00eda<\/a>&nbsp;(Mexico)<\/p>\n\n\n\n\t<div data-name=\"acf\/block-buttons\" class=\"align\">\n\t\t\n\t\t<ul class=\"flex flex-wrap gap-2 md:gap-6\">\n\t\t\t\t\t\t\t<li>\n\t\t\t\t\t\t\t\t\t\t\n\n\n\n\n<a\n\tclass=\"group btn btn-outline  \"\n\t\t\thref=\"https:\/\/www.youtube.com\/watch?v=vJtrKLvwF1A\"\n\t\t\t\ttarget=\"_blank\" rel=\"noopener\"\n\t\t\t\t\t\t\t\t\t\t\t\t\t>\n\t\n\t\t\t<span data-button-text>\n\t\t\tKijk de Masterclass met Diego Garc\u00eda\n\n\t\t\t\t\t\t\t<span class=\"sr-only\">Opent in een nieuw venster<\/span>\n\t\t\t\t\t<\/span>\n\t\n\t\t\t\t\t\n\t\t\t\t\t<span class=\"transition-transform duration-300 group-hover:rotate-45 group-focus-visible:rotate-45 flex items-center justify-center w-[1em] h-[1em] icon group-expanded:hidden\" aria-hidden=\"true\">\n\t\t\t<svg width=\"16\" height=\"16\" viewBox=\"0 0 16 16\" fill=\"none\" xmlns=\"http:\/\/www.w3.org\/2000\/svg\"><path d=\"M14.667 2.386v9.122a1.053 1.053 0 0 1-2.105 0V4.93l-9.43 9.428a1.054 1.054 0 1 1-1.49-1.491l9.429-9.429H4.493a1.052 1.052 0 0 1 0-2.105h9.121a1.053 1.053 0 0 1 1.053 1.053Z\" fill=\"currentColor\"\/><\/svg>\n\n\t\t<\/span>\n\n\t\t\t\n\t<\/a>\n\t\t\t\t<\/li>\n\t\t\t\t\t<\/ul>\n\t<\/div>\n","protected":false},"excerpt":{"rendered":"<p>De Robby M\u00fcller Award is een gezamenlijk initiatief van IFFR, de Netherlands Society of Cinematographers (NSC) en Andrea M\u00fcller-Schirmer, de vrouw van Robby M\u00fcller. Jaarlijks kiezen Andrea en een jury van filmprofessionals een winnende \u2018beeldmaker\u2019 die in de geest van wijlen Robby M\u00fcller een authentieke, geloofwaardige en aangrijpende beeldtaal heeft ontwikkeld met zijn of haar [&hellip;]<\/p>\n","protected":false},"author":8,"featured_media":0,"parent":78717,"menu_order":0,"comment_status":"closed","ping_status":"closed","template":"","meta":{"_acf_changed":false,"editor_notices":[],"footnotes":""},"class_list":["post-78722","page","type-page","status-publish","hentry"],"acf":[],"yoast_head":"<!-- This site is optimized with the Yoast SEO plugin v27.1.1 - https:\/\/yoast.com\/product\/yoast-seo-wordpress\/ -->\n<title>Robby M\u00fcller Award - IFFR<\/title>\n<meta name=\"robots\" content=\"index, follow, max-snippet:-1, max-image-preview:large, max-video-preview:-1\" \/>\n<link rel=\"canonical\" href=\"https:\/\/iffr.com\/nl\/awards-competitions\/robby-m\u00fcller-award\" \/>\n<meta property=\"og:locale\" content=\"nl_NL\" \/>\n<meta property=\"og:type\" content=\"article\" \/>\n<meta property=\"og:title\" content=\"Robby M\u00fcller Award - IFFR\" \/>\n<meta property=\"og:description\" content=\"De Robby M\u00fcller Award is een gezamenlijk initiatief van IFFR, de Netherlands Society of Cinematographers (NSC) en Andrea M\u00fcller-Schirmer, de vrouw van Robby M\u00fcller. Jaarlijks kiezen Andrea en een jury van filmprofessionals een winnende \u2018beeldmaker\u2019 die in de geest van wijlen Robby M\u00fcller een authentieke, geloofwaardige en aangrijpende beeldtaal heeft ontwikkeld met zijn of haar [&hellip;]\" \/>\n<meta property=\"og:url\" content=\"https:\/\/iffr.com\/nl\/awards-competitions\/robby-m\u00fcller-award\" \/>\n<meta property=\"og:site_name\" content=\"IFFR\" \/>\n<meta property=\"article:modified_time\" content=\"2025-12-04T15:43:04+00:00\" \/>\n<meta property=\"og:image\" content=\"https:\/\/iffr.com\/nl\/wp-content\/uploads\/2025\/12\/Yorick-Le-Saux_Directors-portrait-2.jpg?image-crop-positioner-ts=1764753683\" \/>\n\t<meta property=\"og:image:width\" content=\"1320\" \/>\n\t<meta property=\"og:image:height\" content=\"743\" \/>\n\t<meta property=\"og:image:type\" content=\"image\/jpeg\" \/>\n<meta name=\"twitter:card\" content=\"summary_large_image\" \/>\n<meta name=\"twitter:label1\" content=\"Geschatte leestijd\" \/>\n\t<meta name=\"twitter:data1\" content=\"1 minuut\" \/>\n<script type=\"application\/ld+json\" class=\"yoast-schema-graph\">{\"@context\":\"https:\/\/schema.org\",\"@graph\":[{\"@type\":\"WebPage\",\"@id\":\"https:\/\/iffr.com\/nl\/awards-competitions\/robby-m%c3%bcller-award\",\"url\":\"https:\/\/iffr.com\/nl\/awards-competitions\/robby-m%c3%bcller-award\",\"name\":\"Robby M\u00fcller Award - IFFR\",\"isPartOf\":{\"@id\":\"https:\/\/iffr.com\/nl\/#website\"},\"primaryImageOfPage\":{\"@id\":\"https:\/\/iffr.com\/nl\/awards-competitions\/robby-m%c3%bcller-award#primaryimage\"},\"image\":{\"@id\":\"https:\/\/iffr.com\/nl\/awards-competitions\/robby-m%c3%bcller-award#primaryimage\"},\"thumbnailUrl\":\"https:\/\/iffr.com\/nl\/wp-content\/uploads\/2025\/12\/Yorick-Le-Saux_Directors-portrait-2.jpg\",\"datePublished\":\"2024-05-16T16:13:35+00:00\",\"dateModified\":\"2025-12-04T15:43:04+00:00\",\"breadcrumb\":{\"@id\":\"https:\/\/iffr.com\/nl\/awards-competitions\/robby-m%c3%bcller-award#breadcrumb\"},\"inLanguage\":\"nl-NL\",\"potentialAction\":[{\"@type\":\"ReadAction\",\"target\":[\"https:\/\/iffr.com\/nl\/awards-competitions\/robby-m%c3%bcller-award\"]}]},{\"@type\":\"ImageObject\",\"inLanguage\":\"nl-NL\",\"@id\":\"https:\/\/iffr.com\/nl\/awards-competitions\/robby-m%c3%bcller-award#primaryimage\",\"url\":\"https:\/\/iffr.com\/nl\/wp-content\/uploads\/2025\/12\/Yorick-Le-Saux_Directors-portrait-2.jpg?image-crop-positioner-ts=1764753683\",\"contentUrl\":\"https:\/\/iffr.com\/nl\/wp-content\/uploads\/2025\/12\/Yorick-Le-Saux_Directors-portrait-2.jpg?image-crop-positioner-ts=1764753683\",\"width\":1320,\"height\":743},{\"@type\":\"BreadcrumbList\",\"@id\":\"https:\/\/iffr.com\/nl\/awards-competitions\/robby-m%c3%bcller-award#breadcrumb\",\"itemListElement\":[{\"@type\":\"ListItem\",\"position\":1,\"name\":\"Home\",\"item\":\"https:\/\/iffr.com\/nl\/\"},{\"@type\":\"ListItem\",\"position\":2,\"name\":\"Awards &amp; Competities\",\"item\":\"https:\/\/iffr.com\/nl\/awards-competitions\"},{\"@type\":\"ListItem\",\"position\":3,\"name\":\"Robby M\u00fcller Award\"}]},{\"@type\":\"WebSite\",\"@id\":\"https:\/\/iffr.com\/nl\/#website\",\"url\":\"https:\/\/iffr.com\/nl\/\",\"name\":\"IFFR\",\"description\":\"\",\"potentialAction\":[{\"@type\":\"SearchAction\",\"target\":{\"@type\":\"EntryPoint\",\"urlTemplate\":\"https:\/\/iffr.com\/nl\/?s={search_term_string}\"},\"query-input\":{\"@type\":\"PropertyValueSpecification\",\"valueRequired\":true,\"valueName\":\"search_term_string\"}}],\"inLanguage\":\"nl-NL\"}]}<\/script>\n<!-- \/ Yoast SEO plugin. -->","yoast_head_json":{"title":"Robby M\u00fcller Award - IFFR","robots":{"index":"index","follow":"follow","max-snippet":"max-snippet:-1","max-image-preview":"max-image-preview:large","max-video-preview":"max-video-preview:-1"},"canonical":"https:\/\/iffr.com\/nl\/awards-competitions\/robby-m\u00fcller-award","og_locale":"nl_NL","og_type":"article","og_title":"Robby M\u00fcller Award - IFFR","og_description":"De Robby M\u00fcller Award is een gezamenlijk initiatief van IFFR, de Netherlands Society of Cinematographers (NSC) en Andrea M\u00fcller-Schirmer, de vrouw van Robby M\u00fcller. Jaarlijks kiezen Andrea en een jury van filmprofessionals een winnende \u2018beeldmaker\u2019 die in de geest van wijlen Robby M\u00fcller een authentieke, geloofwaardige en aangrijpende beeldtaal heeft ontwikkeld met zijn of haar [&hellip;]","og_url":"https:\/\/iffr.com\/nl\/awards-competitions\/robby-m\u00fcller-award","og_site_name":"IFFR","article_modified_time":"2025-12-04T15:43:04+00:00","og_image":[{"width":1320,"height":743,"url":"https:\/\/iffr.com\/nl\/wp-content\/uploads\/2025\/12\/Yorick-Le-Saux_Directors-portrait-2.jpg?image-crop-positioner-ts=1764753683","type":"image\/jpeg"}],"twitter_card":"summary_large_image","twitter_misc":{"Geschatte leestijd":"1 minuut"},"schema":{"@context":"https:\/\/schema.org","@graph":[{"@type":"WebPage","@id":"https:\/\/iffr.com\/nl\/awards-competitions\/robby-m%c3%bcller-award","url":"https:\/\/iffr.com\/nl\/awards-competitions\/robby-m%c3%bcller-award","name":"Robby M\u00fcller Award - IFFR","isPartOf":{"@id":"https:\/\/iffr.com\/nl\/#website"},"primaryImageOfPage":{"@id":"https:\/\/iffr.com\/nl\/awards-competitions\/robby-m%c3%bcller-award#primaryimage"},"image":{"@id":"https:\/\/iffr.com\/nl\/awards-competitions\/robby-m%c3%bcller-award#primaryimage"},"thumbnailUrl":"https:\/\/iffr.com\/nl\/wp-content\/uploads\/2025\/12\/Yorick-Le-Saux_Directors-portrait-2.jpg","datePublished":"2024-05-16T16:13:35+00:00","dateModified":"2025-12-04T15:43:04+00:00","breadcrumb":{"@id":"https:\/\/iffr.com\/nl\/awards-competitions\/robby-m%c3%bcller-award#breadcrumb"},"inLanguage":"nl-NL","potentialAction":[{"@type":"ReadAction","target":["https:\/\/iffr.com\/nl\/awards-competitions\/robby-m%c3%bcller-award"]}]},{"@type":"ImageObject","inLanguage":"nl-NL","@id":"https:\/\/iffr.com\/nl\/awards-competitions\/robby-m%c3%bcller-award#primaryimage","url":"https:\/\/iffr.com\/nl\/wp-content\/uploads\/2025\/12\/Yorick-Le-Saux_Directors-portrait-2.jpg?image-crop-positioner-ts=1764753683","contentUrl":"https:\/\/iffr.com\/nl\/wp-content\/uploads\/2025\/12\/Yorick-Le-Saux_Directors-portrait-2.jpg?image-crop-positioner-ts=1764753683","width":1320,"height":743},{"@type":"BreadcrumbList","@id":"https:\/\/iffr.com\/nl\/awards-competitions\/robby-m%c3%bcller-award#breadcrumb","itemListElement":[{"@type":"ListItem","position":1,"name":"Home","item":"https:\/\/iffr.com\/nl\/"},{"@type":"ListItem","position":2,"name":"Awards &amp; Competities","item":"https:\/\/iffr.com\/nl\/awards-competitions"},{"@type":"ListItem","position":3,"name":"Robby M\u00fcller Award"}]},{"@type":"WebSite","@id":"https:\/\/iffr.com\/nl\/#website","url":"https:\/\/iffr.com\/nl\/","name":"IFFR","description":"","potentialAction":[{"@type":"SearchAction","target":{"@type":"EntryPoint","urlTemplate":"https:\/\/iffr.com\/nl\/?s={search_term_string}"},"query-input":{"@type":"PropertyValueSpecification","valueRequired":true,"valueName":"search_term_string"}}],"inLanguage":"nl-NL"}]}},"_links":{"self":[{"href":"https:\/\/iffr.com\/nl\/wp-json\/wp\/v2\/pages\/78722","targetHints":{"allow":["GET"]}}],"collection":[{"href":"https:\/\/iffr.com\/nl\/wp-json\/wp\/v2\/pages"}],"about":[{"href":"https:\/\/iffr.com\/nl\/wp-json\/wp\/v2\/types\/page"}],"author":[{"embeddable":true,"href":"https:\/\/iffr.com\/nl\/wp-json\/wp\/v2\/users\/8"}],"replies":[{"embeddable":true,"href":"https:\/\/iffr.com\/nl\/wp-json\/wp\/v2\/comments?post=78722"}],"version-history":[{"count":6,"href":"https:\/\/iffr.com\/nl\/wp-json\/wp\/v2\/pages\/78722\/revisions"}],"predecessor-version":[{"id":209176,"href":"https:\/\/iffr.com\/nl\/wp-json\/wp\/v2\/pages\/78722\/revisions\/209176"}],"up":[{"embeddable":true,"href":"https:\/\/iffr.com\/nl\/wp-json\/wp\/v2\/pages\/78717"}],"wp:attachment":[{"href":"https:\/\/iffr.com\/nl\/wp-json\/wp\/v2\/media?parent=78722"}],"curies":[{"name":"wp","href":"https:\/\/api.w.org\/{rel}","templated":true}]}}