{"id":78721,"date":"2024-05-16T18:05:29","date_gmt":"2024-05-16T16:05:29","guid":{"rendered":"https:\/\/iffr.com\/nl\/?page_id=78721"},"modified":"2026-02-06T18:24:06","modified_gmt":"2026-02-06T17:24:06","slug":"netpac-award","status":"publish","type":"page","link":"https:\/\/iffr.com\/nl\/awards-competitions\/netpac-award","title":{"rendered":"NETPAC Award"},"content":{"rendered":"\n<p>De NETPAC Award wordt uitgereikt aan de beste speelfilm uit Azi\u00eb en de Stille Oceaan door een jury van het Network for the Promotion of Asian Cinema. De missie van NETPAC is om nieuw talent in de schijnwerpers te zetten en daarom kijkt de jury alleen naar de eerste of tweede speelfilm van filmmakers, die hun Europese, Internationale of Wereldpremi\u00e8re beleven tijdens het festival. De film die voor de award geselecteerd wordt moet afkomstig zijn uit een van de 71 in aanmerking komende landen in Azi\u00eb of de Pacifische landen en eilanden om in aanmerking te komen.<\/p>\n\n\n\n<h2 class=\"wp-block-heading\">NETPAC Award-winnaar 2026<\/h2>\n\n\n\n<ul class=\"wp-block-list\">\n<li><strong>i grew an inch when my father died<\/strong> van P. R. Monencillo Patindol <em>(Filipijnen)<\/em><\/li>\n<\/ul>\n\n\n\n<figure class=\"wp-block-image size-full\"><img loading=\"lazy\" decoding=\"async\" width=\"2560\" height=\"1440\" src=\"https:\/\/iffr.com\/nl\/wp-content\/uploads\/2026\/02\/I_Grew_an_Inch_When_My_Father_Died_Still_1-scaled.jpg?image-crop-positioner-ts=1770398005\" alt=\"\" class=\"wp-image-225039\" srcset=\"https:\/\/iffr.com\/nl\/wp-content\/uploads\/2026\/02\/I_Grew_an_Inch_When_My_Father_Died_Still_1-scaled.jpg?image-crop-positioner-ts=1770398005 2560w, https:\/\/iffr.com\/nl\/wp-content\/uploads\/2026\/02\/I_Grew_an_Inch_When_My_Father_Died_Still_1-288x162.jpg?image-crop-positioner-ts=1770398005 288w, https:\/\/iffr.com\/nl\/wp-content\/uploads\/2026\/02\/I_Grew_an_Inch_When_My_Father_Died_Still_1-432x243.jpg?image-crop-positioner-ts=1770398005 432w, https:\/\/iffr.com\/nl\/wp-content\/uploads\/2026\/02\/I_Grew_an_Inch_When_My_Father_Died_Still_1-832x468.jpg?image-crop-positioner-ts=1770398005 832w, https:\/\/iffr.com\/nl\/wp-content\/uploads\/2026\/02\/I_Grew_an_Inch_When_My_Father_Died_Still_1-1296x729.jpg?image-crop-positioner-ts=1770398005 1296w, https:\/\/iffr.com\/nl\/wp-content\/uploads\/2026\/02\/I_Grew_an_Inch_When_My_Father_Died_Still_1-2576x1449.jpg?image-crop-positioner-ts=1770398005 2576w\" sizes=\"auto, (max-width: 2560px) 100vw, 2560px\" \/><\/figure>\n\n\n\n<h2 class=\"wp-block-heading\">Special mention<\/h2>\n\n\n\n<ul class=\"wp-block-list\">\n<li><strong>The Seoul Guardians<\/strong> van Kim Jong-Woo, Kim Shin-Wan en Cho Chul-Young <em>(Zuid-Korea)<\/em><\/li>\n<\/ul>\n\n\n\n<h2 class=\"wp-block-heading\">De IFFR 2026 NETPAC-jury<\/h2>\n\n\n\n<ul class=\"wp-block-list\">\n<li>Fr\u00e9d\u00e9ric Ambroisine<\/li>\n\n\n\n<li>Rada \u0160e\u0161i\u0107<\/li>\n\n\n\n<li>Miyuki Takamatsu<\/li>\n<\/ul>\n\n\n\n<p>De winnaar van de IFFR 2026 NETPAC-award wordt tijdens de Awards Ceremony op vrijdag 6 februari bekendgemaakt.<\/p>\n\n\n\n<h2 class=\"wp-block-heading\">Eerdere winnaars<\/h2>\n\n\n\n<h3 class=\"wp-block-heading\">2025<\/h3>\n\n\n\n<p><strong><a href=\"https:\/\/iffr.com\/nl\/iffr\/2025\/films\/bad-girl\">Bad Girl<\/a><\/strong> van Varsha Bharath<\/p>\n\n\n\n<h3 class=\"wp-block-heading\">2024<\/h3>\n\n\n\n<p><strong><a href=\"https:\/\/iffr.com\/en\/iffr\/2024\/films\/schirkoa-in-lies-we-trust\" target=\"_blank\" rel=\"noreferrer noopener\">Schirkoa: In Lies We Trust<\/a>&nbsp;<\/strong>van Ishan Shukla<\/p>\n\n\n\n<h3 class=\"wp-block-heading\">2023<\/h3>\n\n\n\n<p><strong><a href=\"https:\/\/iffr.com\/en\/iffr\/2023\/films\/whispering-mountains\" target=\"_blank\" rel=\"noreferrer noopener\">Whispering Mountains<\/a>&nbsp;<\/strong>van&nbsp;Jagath Manuwarna<\/p>\n\n\n\n<h3 class=\"wp-block-heading\">2022<\/h3>\n\n\n\n<p><em>niet uitgereikt<\/em><\/p>\n\n\n\n<h3 class=\"wp-block-heading\">2021<\/h3>\n\n\n\n<p><em>niet uitgereikt<\/em><\/p>\n\n\n\n<h3 class=\"wp-block-heading\">2020<\/h3>\n\n\n\n<p><strong><a href=\"https:\/\/iffr.com\/en\/2020\/films\/nasir\" target=\"_blank\" rel=\"noreferrer noopener\">Nasir<\/a><\/strong>&nbsp;van Arun Karthick<\/p>\n\n\n\n<h3 class=\"wp-block-heading\">2019<\/h3>\n\n\n\n<p><strong><a href=\"https:\/\/iffr.com\/en\/2019\/films\/last-night-i-saw-you-smiling\" target=\"_blank\" rel=\"noreferrer noopener\">Last Night I Saw You Smiling<\/a><\/strong>&nbsp;van Kavich Neang<\/p>\n\n\n\n<h3 class=\"wp-block-heading\">2018<\/h3>\n\n\n\n<p><strong><a href=\"https:\/\/iffr.com\/en\/2018\/films\/nervous-translation\">Nervous Translation<\/a><\/strong>&nbsp;van&nbsp;Shireen Seno<\/p>\n\n\n\n<h3 class=\"wp-block-heading\">2017<\/h3>\n\n\n\n<p><strong><a href=\"https:\/\/iffr.com\/en\/2017\/films\/children-are-not-afraid-of-death-children-are-afraid-of-ghosts\">Children Are Not Afraid of Death, Children Are Afraid of Ghosts<\/a><\/strong>&nbsp;van&nbsp;Rong Guang Rong<\/p>\n\n\n\n<h3 class=\"wp-block-heading\">2016<\/h3>\n\n\n\n<p><strong><a href=\"https:\/\/iffr.com\/en\/2016\/films\/the-plague-at-the-karatas-village\">The Plague at the Karatas Village<\/a><\/strong>&nbsp;van Adilkhan Yerzhanov<\/p>\n\n\n\n<h3 class=\"wp-block-heading\">2015<\/h3>\n\n\n\n<p><strong><a href=\"https:\/\/iffr.com\/en\/2015\/films\/poet-on-a-business-trip\">Poet on a Business Trip<\/a><\/strong>&nbsp;van Ju Anqi <\/p>\n\n\n\n<h3 class=\"wp-block-heading\">2014<\/h3>\n\n\n\n<p><strong><a href=\"https:\/\/iffr.com\/en\/2014\/films\/28\">28<\/a>&nbsp;<\/strong>van Jayakody Prasanna <\/p>\n\n\n\n<h3 class=\"wp-block-heading\">2013<\/h3>\n\n\n\n<p><strong><a href=\"https:\/\/iffr.com\/en\/2013\/films\/what-they-dont-talk-about-when-they-talk-about-love\">What They Don&#8217;t Talk About When They Talk About Love<\/a><\/strong>&nbsp;van Mouly Surya <\/p>\n\n\n\n<h3 class=\"wp-block-heading\">2012<\/h3>\n\n\n\n<p><strong><a href=\"https:\/\/iffr.com\/en\/2012\/films\/sentimental-animal\" target=\"_blank\" rel=\"noreferrer noopener\">Sentimental Animal<\/a>&nbsp;<\/strong>van Wu Quan <\/p>\n\n\n\n<h3 class=\"wp-block-heading\">2011<\/h3>\n\n\n\n<p><strong><a href=\"https:\/\/iffr.com\/en\/2011\/films\/black-blood\" target=\"_blank\" rel=\"noreferrer noopener\">Black Blood<\/a><\/strong>&nbsp;van Zhang Miaoyan <br><strong><a href=\"https:\/\/iffr.com\/en\/2011\/films\/the-day-i-disappeared\">The Day I Disappeared<\/a><\/strong>&nbsp;van Atousa Bandeh Ghiasabadi <\/p>\n\n\n\n<h3 class=\"wp-block-heading\">2010<\/h3>\n\n\n\n<p><strong><a href=\"https:\/\/iffr.com\/en\/2010\/films\/moscow\">Moscow<\/a>&nbsp;<\/strong>van Whang Cheol-Mean <\/p>\n\n\n\n<h3 class=\"wp-block-heading\">2009<\/h3>\n\n\n\n<p><strong><a href=\"https:\/\/iffr.com\/en\/2009\/films\/the-land\">The Land<\/a><\/strong>&nbsp;van He Jia <\/p>\n\n\n\n<h3 class=\"wp-block-heading\">2008<\/h3>\n\n\n\n<p><strong><a href=\"https:\/\/iffr.com\/en\/2008\/films\/what-on-earth-have-i-done-wrong\" target=\"_blank\" rel=\"noreferrer noopener\">What on Earth Have I Done Wrong?!<\/a><\/strong>&nbsp;van Niu Chen-zer <\/p>\n\n\n\n<h3 class=\"wp-block-heading\">2007<\/h3>\n\n\n\n<p><strong><a href=\"https:\/\/iffr.com\/en\/2007\/films\/fourteen\">Fourteen<\/a>&nbsp;<\/strong>(<strong>Ju-yon-sai<\/strong>) van Hirosue Hiromasa <\/p>\n\n\n\n<h3 class=\"wp-block-heading\">2006<\/h3>\n\n\n\n<p><strong><a href=\"https:\/\/iffr.com\/en\/2006\/films\/the-lost-hum\">The Lost Hum<\/a>&nbsp;<\/strong>(Hanauta-Dorobou) van Hirosue Hiromasa <\/p>\n\n\n\n<h3 class=\"wp-block-heading\">2005<\/h3>\n\n\n\n<p><strong><a href=\"https:\/\/iffr.com\/en\/2005\/films\/sanctuary\" target=\"_blank\" rel=\"noreferrer noopener\">Sanctuary<\/a>&nbsp;<\/strong>van Ho Yuhang <\/p>\n\n\n\n<h3 class=\"wp-block-heading\">2004<\/h3>\n\n\n\n<p><strong><a href=\"https:\/\/iffr.com\/en\/2004\/films\/the-missing\">The Missing<\/a><\/strong>&nbsp;(Bu Jian) van Lee Kang-sheng <\/p>\n\n\n\n<p><em>Eervolle vermelding:&nbsp;<\/em><br><strong>Uniform<\/strong>&nbsp;(<strong>Zhifu<\/strong>) van Diao Yinan <\/p>\n\n\n\n<h3 class=\"wp-block-heading\">2003<\/h3>\n\n\n\n<p>(geen NETPAC Jury, geen Award uitgereikt)&nbsp;<\/p>\n\n\n\n<h3 class=\"wp-block-heading\">2002<\/h3>\n\n\n\n<p><strong>Wave<\/strong>&nbsp;van Okuhara Hiroshi <br><em>Eervolle vermelding:&nbsp;<\/em><br><strong>Secret Ballot<\/strong>&nbsp;van Babak Payami <\/p>\n\n\n\n<h3 class=\"wp-block-heading\">2001<\/h3>\n\n\n\n<p><strong>Dokhtaran Khorshid<\/strong>&nbsp;(<strong>Daughters of the Sun<\/strong>) van Mariam Shahriar <\/p>\n\n\n\n<h3 class=\"wp-block-heading\">2000<\/h3>\n\n\n\n<p><strong>Nang Nak<\/strong>&nbsp;van Nonzee Nimibutr <\/p>\n\n\n\n<h3 class=\"wp-block-heading\">1999<\/h3>\n\n\n\n<p><strong>The Servant&#8217;s Shirt<\/strong>&nbsp;van Mani Kaul <\/p>\n\n\n\n<h3 class=\"wp-block-heading\">1998<\/h3>\n\n\n\n<p><strong>Dance of the Wind<\/strong>&nbsp;van Rajan Khosa<br><em>Eervolle vermelding:&nbsp;<\/em><br><strong>Green Fish<\/strong>&nbsp;van Lee Chang-Dong <\/p>\n\n\n\n<h3 class=\"wp-block-heading\">1997<\/h3>\n\n\n\n<p><strong>2 Duo<\/strong>&nbsp;van Suwa Nobuhiro<\/p>\n\n\n\n<h3 class=\"wp-block-heading\">1996<\/h3>\n\n\n\n<p>ex aequo:&nbsp;<br><strong>Heartbreak Island<\/strong>&nbsp;van Hsu Hsiao-Ming <br><strong>Nostalgia For Countryland<\/strong>&nbsp;van Dang Nath Minh<\/p>\n\n\n\n<h3 class=\"wp-block-heading\">1995<\/h3>\n\n\n\n<p><strong>Vidheyan&nbsp;<\/strong>van&nbsp;Adoor Gopalakrishnan<\/p>\n","protected":false},"excerpt":{"rendered":"<p>De NETPAC Award wordt uitgereikt aan de beste speelfilm uit Azi\u00eb en de Stille Oceaan door een jury van het Network for the Promotion of Asian Cinema. De missie van NETPAC is om nieuw talent in de schijnwerpers te zetten en daarom kijkt de jury alleen naar de eerste of tweede speelfilm van filmmakers, die [&hellip;]<\/p>\n","protected":false},"author":8,"featured_media":0,"parent":78717,"menu_order":0,"comment_status":"closed","ping_status":"closed","template":"","meta":{"_acf_changed":false,"editor_notices":[],"footnotes":""},"class_list":["post-78721","page","type-page","status-publish","hentry"],"acf":[],"yoast_head":"<!-- This site is optimized with the Yoast SEO plugin v27.1.1 - https:\/\/yoast.com\/product\/yoast-seo-wordpress\/ -->\n<title>NETPAC Award - IFFR<\/title>\n<meta name=\"robots\" content=\"index, follow, max-snippet:-1, max-image-preview:large, max-video-preview:-1\" \/>\n<link rel=\"canonical\" href=\"https:\/\/iffr.com\/nl\/awards-competitions\/netpac-award\" \/>\n<meta property=\"og:locale\" content=\"nl_NL\" \/>\n<meta property=\"og:type\" content=\"article\" \/>\n<meta property=\"og:title\" content=\"NETPAC Award - IFFR\" \/>\n<meta property=\"og:description\" content=\"De NETPAC Award wordt uitgereikt aan de beste speelfilm uit Azi\u00eb en de Stille Oceaan door een jury van het Network for the Promotion of Asian Cinema. De missie van NETPAC is om nieuw talent in de schijnwerpers te zetten en daarom kijkt de jury alleen naar de eerste of tweede speelfilm van filmmakers, die [&hellip;]\" \/>\n<meta property=\"og:url\" content=\"https:\/\/iffr.com\/nl\/awards-competitions\/netpac-award\" \/>\n<meta property=\"og:site_name\" content=\"IFFR\" \/>\n<meta property=\"article:modified_time\" content=\"2026-02-06T17:24:06+00:00\" \/>\n<meta property=\"og:image\" content=\"https:\/\/iffr.com\/nl\/wp-content\/uploads\/2026\/02\/I_Grew_an_Inch_When_My_Father_Died_Still_1-scaled.jpg?image-crop-positioner-ts=1770398005\" \/>\n\t<meta property=\"og:image:width\" content=\"2560\" \/>\n\t<meta property=\"og:image:height\" content=\"1440\" \/>\n\t<meta property=\"og:image:type\" content=\"image\/jpeg\" \/>\n<meta name=\"twitter:card\" content=\"summary_large_image\" \/>\n<meta name=\"twitter:label1\" content=\"Geschatte leestijd\" \/>\n\t<meta name=\"twitter:data1\" content=\"3 minuten\" \/>\n<script type=\"application\/ld+json\" class=\"yoast-schema-graph\">{\"@context\":\"https:\/\/schema.org\",\"@graph\":[{\"@type\":\"WebPage\",\"@id\":\"https:\/\/iffr.com\/nl\/awards-competitions\/netpac-award\",\"url\":\"https:\/\/iffr.com\/nl\/awards-competitions\/netpac-award\",\"name\":\"NETPAC Award - IFFR\",\"isPartOf\":{\"@id\":\"https:\/\/iffr.com\/nl\/#website\"},\"primaryImageOfPage\":{\"@id\":\"https:\/\/iffr.com\/nl\/awards-competitions\/netpac-award#primaryimage\"},\"image\":{\"@id\":\"https:\/\/iffr.com\/nl\/awards-competitions\/netpac-award#primaryimage\"},\"thumbnailUrl\":\"https:\/\/iffr.com\/nl\/wp-content\/uploads\/2026\/02\/I_Grew_an_Inch_When_My_Father_Died_Still_1-scaled.jpg?image-crop-positioner-ts=1770398005\",\"datePublished\":\"2024-05-16T16:05:29+00:00\",\"dateModified\":\"2026-02-06T17:24:06+00:00\",\"breadcrumb\":{\"@id\":\"https:\/\/iffr.com\/nl\/awards-competitions\/netpac-award#breadcrumb\"},\"inLanguage\":\"nl-NL\",\"potentialAction\":[{\"@type\":\"ReadAction\",\"target\":[\"https:\/\/iffr.com\/nl\/awards-competitions\/netpac-award\"]}]},{\"@type\":\"ImageObject\",\"inLanguage\":\"nl-NL\",\"@id\":\"https:\/\/iffr.com\/nl\/awards-competitions\/netpac-award#primaryimage\",\"url\":\"https:\/\/iffr.com\/nl\/wp-content\/uploads\/2026\/02\/I_Grew_an_Inch_When_My_Father_Died_Still_1-scaled.jpg?image-crop-positioner-ts=1770398005\",\"contentUrl\":\"https:\/\/iffr.com\/nl\/wp-content\/uploads\/2026\/02\/I_Grew_an_Inch_When_My_Father_Died_Still_1-scaled.jpg?image-crop-positioner-ts=1770398005\",\"width\":2560,\"height\":1440},{\"@type\":\"BreadcrumbList\",\"@id\":\"https:\/\/iffr.com\/nl\/awards-competitions\/netpac-award#breadcrumb\",\"itemListElement\":[{\"@type\":\"ListItem\",\"position\":1,\"name\":\"Home\",\"item\":\"https:\/\/iffr.com\/nl\/\"},{\"@type\":\"ListItem\",\"position\":2,\"name\":\"Awards &amp; Competities\",\"item\":\"https:\/\/iffr.com\/nl\/awards-competitions\"},{\"@type\":\"ListItem\",\"position\":3,\"name\":\"NETPAC Award\"}]},{\"@type\":\"WebSite\",\"@id\":\"https:\/\/iffr.com\/nl\/#website\",\"url\":\"https:\/\/iffr.com\/nl\/\",\"name\":\"IFFR\",\"description\":\"\",\"potentialAction\":[{\"@type\":\"SearchAction\",\"target\":{\"@type\":\"EntryPoint\",\"urlTemplate\":\"https:\/\/iffr.com\/nl\/?s={search_term_string}\"},\"query-input\":{\"@type\":\"PropertyValueSpecification\",\"valueRequired\":true,\"valueName\":\"search_term_string\"}}],\"inLanguage\":\"nl-NL\"}]}<\/script>\n<!-- \/ Yoast SEO plugin. -->","yoast_head_json":{"title":"NETPAC Award - IFFR","robots":{"index":"index","follow":"follow","max-snippet":"max-snippet:-1","max-image-preview":"max-image-preview:large","max-video-preview":"max-video-preview:-1"},"canonical":"https:\/\/iffr.com\/nl\/awards-competitions\/netpac-award","og_locale":"nl_NL","og_type":"article","og_title":"NETPAC Award - IFFR","og_description":"De NETPAC Award wordt uitgereikt aan de beste speelfilm uit Azi\u00eb en de Stille Oceaan door een jury van het Network for the Promotion of Asian Cinema. De missie van NETPAC is om nieuw talent in de schijnwerpers te zetten en daarom kijkt de jury alleen naar de eerste of tweede speelfilm van filmmakers, die [&hellip;]","og_url":"https:\/\/iffr.com\/nl\/awards-competitions\/netpac-award","og_site_name":"IFFR","article_modified_time":"2026-02-06T17:24:06+00:00","og_image":[{"width":2560,"height":1440,"url":"https:\/\/iffr.com\/nl\/wp-content\/uploads\/2026\/02\/I_Grew_an_Inch_When_My_Father_Died_Still_1-scaled.jpg?image-crop-positioner-ts=1770398005","type":"image\/jpeg"}],"twitter_card":"summary_large_image","twitter_misc":{"Geschatte leestijd":"3 minuten"},"schema":{"@context":"https:\/\/schema.org","@graph":[{"@type":"WebPage","@id":"https:\/\/iffr.com\/nl\/awards-competitions\/netpac-award","url":"https:\/\/iffr.com\/nl\/awards-competitions\/netpac-award","name":"NETPAC Award - IFFR","isPartOf":{"@id":"https:\/\/iffr.com\/nl\/#website"},"primaryImageOfPage":{"@id":"https:\/\/iffr.com\/nl\/awards-competitions\/netpac-award#primaryimage"},"image":{"@id":"https:\/\/iffr.com\/nl\/awards-competitions\/netpac-award#primaryimage"},"thumbnailUrl":"https:\/\/iffr.com\/nl\/wp-content\/uploads\/2026\/02\/I_Grew_an_Inch_When_My_Father_Died_Still_1-scaled.jpg?image-crop-positioner-ts=1770398005","datePublished":"2024-05-16T16:05:29+00:00","dateModified":"2026-02-06T17:24:06+00:00","breadcrumb":{"@id":"https:\/\/iffr.com\/nl\/awards-competitions\/netpac-award#breadcrumb"},"inLanguage":"nl-NL","potentialAction":[{"@type":"ReadAction","target":["https:\/\/iffr.com\/nl\/awards-competitions\/netpac-award"]}]},{"@type":"ImageObject","inLanguage":"nl-NL","@id":"https:\/\/iffr.com\/nl\/awards-competitions\/netpac-award#primaryimage","url":"https:\/\/iffr.com\/nl\/wp-content\/uploads\/2026\/02\/I_Grew_an_Inch_When_My_Father_Died_Still_1-scaled.jpg?image-crop-positioner-ts=1770398005","contentUrl":"https:\/\/iffr.com\/nl\/wp-content\/uploads\/2026\/02\/I_Grew_an_Inch_When_My_Father_Died_Still_1-scaled.jpg?image-crop-positioner-ts=1770398005","width":2560,"height":1440},{"@type":"BreadcrumbList","@id":"https:\/\/iffr.com\/nl\/awards-competitions\/netpac-award#breadcrumb","itemListElement":[{"@type":"ListItem","position":1,"name":"Home","item":"https:\/\/iffr.com\/nl\/"},{"@type":"ListItem","position":2,"name":"Awards &amp; Competities","item":"https:\/\/iffr.com\/nl\/awards-competitions"},{"@type":"ListItem","position":3,"name":"NETPAC Award"}]},{"@type":"WebSite","@id":"https:\/\/iffr.com\/nl\/#website","url":"https:\/\/iffr.com\/nl\/","name":"IFFR","description":"","potentialAction":[{"@type":"SearchAction","target":{"@type":"EntryPoint","urlTemplate":"https:\/\/iffr.com\/nl\/?s={search_term_string}"},"query-input":{"@type":"PropertyValueSpecification","valueRequired":true,"valueName":"search_term_string"}}],"inLanguage":"nl-NL"}]}},"_links":{"self":[{"href":"https:\/\/iffr.com\/nl\/wp-json\/wp\/v2\/pages\/78721","targetHints":{"allow":["GET"]}}],"collection":[{"href":"https:\/\/iffr.com\/nl\/wp-json\/wp\/v2\/pages"}],"about":[{"href":"https:\/\/iffr.com\/nl\/wp-json\/wp\/v2\/types\/page"}],"author":[{"embeddable":true,"href":"https:\/\/iffr.com\/nl\/wp-json\/wp\/v2\/users\/8"}],"replies":[{"embeddable":true,"href":"https:\/\/iffr.com\/nl\/wp-json\/wp\/v2\/comments?post=78721"}],"version-history":[{"count":7,"href":"https:\/\/iffr.com\/nl\/wp-json\/wp\/v2\/pages\/78721\/revisions"}],"predecessor-version":[{"id":225044,"href":"https:\/\/iffr.com\/nl\/wp-json\/wp\/v2\/pages\/78721\/revisions\/225044"}],"up":[{"embeddable":true,"href":"https:\/\/iffr.com\/nl\/wp-json\/wp\/v2\/pages\/78717"}],"wp:attachment":[{"href":"https:\/\/iffr.com\/nl\/wp-json\/wp\/v2\/media?parent=78721"}],"curies":[{"name":"wp","href":"https:\/\/api.w.org\/{rel}","templated":true}]}}