{"id":78719,"date":"2024-05-16T17:54:16","date_gmt":"2024-05-16T15:54:16","guid":{"rendered":"https:\/\/iffr.com\/nl\/?page_id=78719"},"modified":"2026-02-06T18:15:08","modified_gmt":"2026-02-06T17:15:08","slug":"fipresci-award","status":"publish","type":"page","link":"https:\/\/iffr.com\/nl\/awards-competitions\/fipresci-award","title":{"rendered":"FIPRESCI Award"},"content":{"rendered":"\n<p>Op dit moment wordt de FIPRESCI Award jaarlijks uitgereikt aan de beste film in de Tiger Competition. De jury bestaat uit internationale filmjournalisten, leden van de F\u00e9d\u00e9ration Internationale de la Presse Cin\u00e9matographique (FIPRESCI).<\/p>\n\n\n\n<h2 class=\"wp-block-heading\">FIPRESCI Award-winnaar 2026<\/h2>\n\n\n\n<ul class=\"wp-block-list\">\n<li><strong>Supporting Role <\/strong>van Ana Urushadze <em><em>(Georgi\u00eb, Estland, Turkije, Zwitserland, Verenigde Staten)<\/em><\/em><\/li>\n<\/ul>\n\n\n\n<figure class=\"wp-block-image size-full\"><img loading=\"lazy\" decoding=\"async\" width=\"2560\" height=\"1440\" src=\"https:\/\/iffr.com\/nl\/wp-content\/uploads\/2026\/02\/Supporting_Role_Film_still_1-scaled.jpg?image-crop-positioner-ts=1770397670\" alt=\"\" class=\"wp-image-225037\" srcset=\"https:\/\/iffr.com\/nl\/wp-content\/uploads\/2026\/02\/Supporting_Role_Film_still_1-scaled.jpg?image-crop-positioner-ts=1770397670 2560w, https:\/\/iffr.com\/nl\/wp-content\/uploads\/2026\/02\/Supporting_Role_Film_still_1-288x162.jpg?image-crop-positioner-ts=1770397670 288w, https:\/\/iffr.com\/nl\/wp-content\/uploads\/2026\/02\/Supporting_Role_Film_still_1-432x243.jpg?image-crop-positioner-ts=1770397670 432w, https:\/\/iffr.com\/nl\/wp-content\/uploads\/2026\/02\/Supporting_Role_Film_still_1-832x468.jpg?image-crop-positioner-ts=1770397670 832w, https:\/\/iffr.com\/nl\/wp-content\/uploads\/2026\/02\/Supporting_Role_Film_still_1-1296x729.jpg?image-crop-positioner-ts=1770397670 1296w, https:\/\/iffr.com\/nl\/wp-content\/uploads\/2026\/02\/Supporting_Role_Film_still_1-2576x1449.jpg?image-crop-positioner-ts=1770397670 2576w\" sizes=\"auto, (max-width: 2560px) 100vw, 2560px\" \/><\/figure>\n\n\n\n<p><\/p>\n\n\n\n<h2 class=\"wp-block-heading\">De IFFR 2026 FIPRESCI-jury<\/h2>\n\n\n\n<ul class=\"wp-block-list\">\n<li>Jenny S. Li<\/li>\n\n\n\n<li>Dina Pokrajac<\/li>\n\n\n\n<li>Joyce Roodnat<\/li>\n\n\n\n<li>Gustavo Herrera Taboada <\/li>\n\n\n\n<li>Jake Wilson<\/li>\n<\/ul>\n\n\n\n<p>De winnaar van de IFFR 2026 FIPRESCI-award wordt tijdens de Awards Ceremony op vrijdag 6 februari bekendgemaakt.<\/p>\n\n\n\n<h2 class=\"wp-block-heading\">Eerdere winnaars<\/h2>\n\n\n\n<h3 class=\"wp-block-heading\">2025<\/h3>\n\n\n\n<p><strong><a href=\"https:\/\/iffr.com\/nl\/iffr\/2025\/films\/fiume-o-morte\">Fiume o morte!<\/a><\/strong> van Igor Bezinovi\u0107<\/p>\n\n\n\n<h3 class=\"wp-block-heading\">2024<\/h3>\n\n\n\n<p><strong><a href=\"https:\/\/iffr.com\/en\/iffr\/2024\/films\/kiss-wagon\" target=\"_blank\" rel=\"noreferrer noopener\">Kiss Wagon<\/a>&nbsp;<\/strong>van Midhun Murali<\/p>\n\n\n\n<h3 class=\"wp-block-heading\">2023<\/h3>\n\n\n\n<p><strong><a href=\"https:\/\/iffr.com\/en\/iffr\/2023\/films\/la-palisiada\" target=\"_blank\" rel=\"noreferrer noopener\">La Palisiada<\/a>&nbsp;<\/strong>van&nbsp;Philip Sotnychenko<\/p>\n\n\n\n<h3 class=\"wp-block-heading\">2022<\/h3>\n\n\n\n<p><a href=\"https:\/\/iffr.com\/en\/expanded\/2022\/films\/to-love-again\" target=\"_blank\" rel=\"noreferrer noopener\"><strong>To Love Again<\/strong><\/a><strong>&nbsp;<\/strong>van&nbsp;Gao Linyang<\/p>\n\n\n\n<h3 class=\"wp-block-heading\">2021<\/h3>\n\n\n\n<p><strong><a href=\"https:\/\/iffr.com\/en\/2021\/films\/the-edge-of-daybreak\" target=\"_blank\" rel=\"noreferrer noopener\">The Edge of Daybreak<\/a>&nbsp;<\/strong>van&nbsp;Taiki Sakpisit<\/p>\n\n\n\n<h3 class=\"wp-block-heading\">2020<\/h3>\n\n\n\n<p><strong><a href=\"https:\/\/iffr.com\/en\/2020\/films\/only-you-alone\" target=\"_blank\" rel=\"noreferrer noopener\">Only You Alone<\/a>&nbsp;<\/strong>van Zhou Zhou <\/p>\n\n\n\n<h3 class=\"wp-block-heading\">2019<\/h3>\n\n\n\n<p><strong><a href=\"https:\/\/iffr.com\/en\/2019\/films\/end-of-season\" target=\"_blank\" rel=\"noreferrer noopener\">End of Season<\/a><\/strong>&nbsp;van Elmar Imanov <\/p>\n\n\n\n<h3 class=\"wp-block-heading\">2018<\/h3>\n\n\n\n<p><strong><a href=\"https:\/\/iffr.com\/en\/2018\/films\/balekempa\">Balekempa<\/a>&nbsp;<\/strong>van Ere Gowda <\/p>\n\n\n\n<h3 class=\"wp-block-heading\">2017<\/h3>\n\n\n\n<p><strong><a href=\"https:\/\/iffr.com\/en\/2017\/films\/pela-janela\">Pela janela<\/a><\/strong>&nbsp;van&nbsp;Caroline Leone<\/p>\n\n\n\n<h3 class=\"wp-block-heading\">2016<\/h3>\n\n\n\n<p><strong><a href=\"https:\/\/iffr.com\/en\/2016\/films\/bodkin-ras\">Bodkin Ras<\/a><\/strong>&nbsp;van Kaweh Modiri&nbsp;<\/p>\n\n\n\n<h3 class=\"wp-block-heading\">2015<\/h3>\n\n\n\n<p><strong><a href=\"https:\/\/iffr.com\/en\/films\/battles\">Battles<\/a>&nbsp;<\/strong>van Isabelle Tollenaere <\/p>\n\n\n\n<h3 class=\"wp-block-heading\">2014<\/h3>\n\n\n\n<p><strong><a href=\"https:\/\/iffr.com\/en\/2014\/films\/the-songs-of-rice\">The Songs of Rice<\/a><\/strong>&nbsp;van Uruphong Raksasad <\/p>\n\n\n\n<h3 class=\"wp-block-heading\">2013<\/h3>\n\n\n\n<p><strong><a href=\"https:\/\/iffr.com\/en\/2013\/films\/the-fifth-gospel-of-kaspar-hauser\">The Fifth Gospel of Kaspar Hauser<\/a><\/strong>&nbsp;van Alberto Gracia<\/p>\n\n\n\n<h3 class=\"wp-block-heading\">2012<\/h3>\n\n\n\n<p><strong><a href=\"https:\/\/iffr.com\/en\/2012\/films\/neighbouring-sounds\">Neighbouring Sounds<\/a><\/strong>&nbsp;van Kleber Mendon\u00e7a Filho <\/p>\n\n\n\n<h3 class=\"wp-block-heading\">2011<\/h3>\n\n\n\n<p><strong><a href=\"https:\/\/iffr.com\/en\/2011\/films\/the-journals-of-musan\">The Journals of Musan<\/a><\/strong>&nbsp;van Park Jung-bum<\/p>\n\n\n\n<h3 class=\"wp-block-heading\">2010<\/h3>\n\n\n\n<p><strong><a href=\"https:\/\/iffr.com\/en\/films\/let-each-one-go-where-he-may\">Let Each One Go Where He May<\/a><\/strong>&nbsp;van Ben Russell<\/p>\n\n\n\n<h3 class=\"wp-block-heading\">2009<\/h3>\n\n\n\n<p><strong><a href=\"https:\/\/iffr.com\/en\/2009\/films\/blind-pig-who-wants-to-fly\">Blind Pig Who Wants To Fly<\/a><\/strong>&nbsp;van Edwin <\/p>\n\n\n\n<h3 class=\"wp-block-heading\">2008<\/h3>\n\n\n\n<p><strong><a href=\"https:\/\/iffr.com\/en\/films\/el-cielo-la-tierra-y-la-lluvia\">El cielo, la terra y la lluvia<\/a><\/strong>&nbsp;van Jos\u00e9 Luis Torres Leiva <\/p>\n\n\n\n<h3 class=\"wp-block-heading\">2007<\/h3>\n\n\n\n<p><strong><a href=\"https:\/\/iffr.com\/en\/films\/yo\">Yo<\/a>&nbsp;<\/strong>van Rafa Cort\u00e9s <\/p>\n\n\n\n<h3 class=\"wp-block-heading\">2006<\/h3>\n\n\n\n<p><strong><a href=\"https:\/\/iffr.com\/en\/films\/madeinusa\">Madeinusa<\/a>&nbsp;<\/strong>van Claudia Llosa <\/p>\n\n\n\n<h3 class=\"wp-block-heading\">2005<\/h3>\n\n\n\n<p><strong><a href=\"https:\/\/iffr.com\/en\/2004\/films\/spying-cam\">Spying Cam<\/a><\/strong>&nbsp;van Wang Cheol-Mean <\/p>\n\n\n\n<h3 class=\"wp-block-heading\">2004<\/h3>\n\n\n\n<p><strong><a href=\"https:\/\/iffr.com\/en\/films\/peep-tv-show\">Peep &#8220;TV&#8221; Show<\/a><\/strong>&nbsp;van Yutaka Tsuchiya <\/p>\n\n\n\n<h3 class=\"wp-block-heading\">2003<\/h3>\n\n\n\n<p><strong><a href=\"https:\/\/iffr.com\/en\/2003\/films\/welcome-to-destination-shanghai\">Welcome to Destination Shanghai<\/a>&nbsp;<\/strong>van Andrew Cheng <br><em>Eervolle vermelding:<\/em><br><strong><a href=\"https:\/\/iffr.com\/en\/films\/cowards-bend-the-knee\">Cowards bend the knee<\/a><\/strong>&nbsp;van Guy Maddin (video-installatie in opdracht van The Power Plant, Toronto)<\/p>\n\n\n\n<h3 class=\"wp-block-heading\">2002<\/h3>\n\n\n\n<p><strong><a href=\"https:\/\/iffr.com\/en\/films\/mein-bruder-der-vampir\">Mein Bruder der Vampir<\/a><\/strong>&nbsp;(<strong>Getting my Brother Laid<\/strong>) van Sven Taddicken <br><em>Eervolle vermelding:<\/em><br><strong><a href=\"https:\/\/iffr.com\/en\/films\/la-libertad\">La libertad<\/a><\/strong>&nbsp;van Lisandro Alonso <\/p>\n\n\n\n<h3 class=\"wp-block-heading\">2001<\/h3>\n\n\n\n<p><strong><a href=\"https:\/\/iffr.com\/en\/2000\/films\/bad-company\">Bad Company<\/a><\/strong>&nbsp;van Furumaya Tomoyuki <\/p>\n\n\n\n<h3 class=\"wp-block-heading\">2000<\/h3>\n\n\n\n<p><strong>Mundo gr\u00faa<\/strong>&nbsp;van Pablo Trapero <br>(beste film in competitie)<br><strong>Audition<\/strong>&nbsp;van Miike Takashi <br>(beste film niet in competitie)<\/p>\n\n\n\n<h3 class=\"wp-block-heading\">1999<\/h3>\n\n\n\n<p><strong>Victor&#8230;pendant qu&#8217;il trop tard<\/strong>&nbsp;van Sandrine Veysset <\/p>\n\n\n\n<h3 class=\"wp-block-heading\">1998<\/h3>\n\n\n\n<p>ex aequo:<br><strong>Frost<\/strong>&nbsp;van Fred Kelemen <br><strong>First love, last rites<\/strong>&nbsp;van Jesse Peretz<br><em>Eervolle vermelding:<\/em><br><strong>Motel Cactus<\/strong>&nbsp;van Park Ki-Yong <\/p>\n\n\n\n<h3 class=\"wp-block-heading\">1997<\/h3>\n\n\n\n<p><strong>Suzaku<\/strong>&nbsp;van Kawase Naomi <br><em>Eervolle vermelding:<\/em><br><strong>Frozen<\/strong>&nbsp;van Wu Ming <\/p>\n\n\n\n<h3 class=\"wp-block-heading\">1996<\/h3>\n\n\n\n<p><strong>Erzi<\/strong>&nbsp;(<strong>Sons<\/strong>) van Zhang Yuan <br><em>Eervolle vermelding:<\/em><br><strong>Safe<\/strong>&nbsp;van Todd Haynes <\/p>\n\n\n\n<h3 class=\"wp-block-heading\">1995<\/h3>\n\n\n\n<p><strong>Postman<\/strong>&nbsp;van He Jianjun <\/p>\n\n\n\n<h3 class=\"wp-block-heading\">1994<\/h3>\n\n\n\n<p><strong>Red Beads<\/strong>&nbsp;van He Yi <\/p>\n\n\n\n<h3 class=\"wp-block-heading\">1993<\/h3>\n\n\n\n<p><strong>Ich bin meine eigene Frau<\/strong>&nbsp;van Rosa van Praunheim <\/p>\n\n\n\n<h3 class=\"wp-block-heading\">1992<\/h3>\n\n\n\n<p><strong>Five Girls on a Rope<\/strong>&nbsp;van Ye Hung-wei <br><em>Eervolle vermelding:<\/em><br><strong>Noga<\/strong>&nbsp;(<strong>Leg<\/strong>) van Nikita Thikonov <br><strong>Alta marea<\/strong>&nbsp;van Lucian Segura <\/p>\n\n\n\n<h3 class=\"wp-block-heading\">1991<\/h3>\n\n\n\n<p><strong>Kroeg vtoroj<\/strong>&nbsp;(<strong>The Second Circle<\/strong>) van Aleksandr Sokoerov<br><em>Eervolle vermelding:<\/em><br><strong>Tinpis run<\/strong>&nbsp;van Pengau Nengo <br><strong>Himmel oder H\u00f6lle<\/strong>&nbsp;van Wolfgang Mumberger <\/p>\n\n\n\n<h3 class=\"wp-block-heading\">1990<\/h3>\n\n\n\n<p><strong>Khayal Gatha<\/strong>&nbsp;van Kumar Shahani <br><em>Eervolle vermelding:<\/em><br>Filmmaker Alejandro Agresti \u2018for his many contributions to the film art&#8217;.<\/p>\n","protected":false},"excerpt":{"rendered":"<p>Op dit moment wordt de FIPRESCI Award jaarlijks uitgereikt aan de beste film in de Tiger Competition. De jury bestaat uit internationale filmjournalisten, leden van de F\u00e9d\u00e9ration Internationale de la Presse Cin\u00e9matographique (FIPRESCI). FIPRESCI Award-winnaar 2026 De IFFR 2026 FIPRESCI-jury De winnaar van de IFFR 2026 FIPRESCI-award wordt tijdens de Awards Ceremony op vrijdag 6 [&hellip;]<\/p>\n","protected":false},"author":8,"featured_media":0,"parent":78717,"menu_order":0,"comment_status":"closed","ping_status":"closed","template":"","meta":{"_acf_changed":false,"editor_notices":[],"footnotes":""},"class_list":["post-78719","page","type-page","status-publish","hentry"],"acf":[],"yoast_head":"<!-- This site is optimized with the Yoast SEO plugin v27.1.1 - https:\/\/yoast.com\/product\/yoast-seo-wordpress\/ -->\n<title>FIPRESCI Award - IFFR<\/title>\n<meta name=\"robots\" content=\"index, follow, max-snippet:-1, max-image-preview:large, max-video-preview:-1\" \/>\n<link rel=\"canonical\" href=\"https:\/\/iffr.com\/nl\/awards-competitions\/fipresci-award\" \/>\n<meta property=\"og:locale\" content=\"nl_NL\" \/>\n<meta property=\"og:type\" content=\"article\" \/>\n<meta property=\"og:title\" content=\"FIPRESCI Award - IFFR\" \/>\n<meta property=\"og:description\" content=\"Op dit moment wordt de FIPRESCI Award jaarlijks uitgereikt aan de beste film in de Tiger Competition. De jury bestaat uit internationale filmjournalisten, leden van de F\u00e9d\u00e9ration Internationale de la Presse Cin\u00e9matographique (FIPRESCI). FIPRESCI Award-winnaar 2026 De IFFR 2026 FIPRESCI-jury De winnaar van de IFFR 2026 FIPRESCI-award wordt tijdens de Awards Ceremony op vrijdag 6 [&hellip;]\" \/>\n<meta property=\"og:url\" content=\"https:\/\/iffr.com\/nl\/awards-competitions\/fipresci-award\" \/>\n<meta property=\"og:site_name\" content=\"IFFR\" \/>\n<meta property=\"article:modified_time\" content=\"2026-02-06T17:15:08+00:00\" \/>\n<meta property=\"og:image\" content=\"https:\/\/iffr.com\/nl\/wp-content\/uploads\/2026\/02\/Supporting_Role_Film_still_1-scaled.jpg?image-crop-positioner-ts=1770397670\" \/>\n\t<meta property=\"og:image:width\" content=\"2560\" \/>\n\t<meta property=\"og:image:height\" content=\"1440\" \/>\n\t<meta property=\"og:image:type\" content=\"image\/jpeg\" \/>\n<meta name=\"twitter:card\" content=\"summary_large_image\" \/>\n<meta name=\"twitter:label1\" content=\"Geschatte leestijd\" \/>\n\t<meta name=\"twitter:data1\" content=\"3 minuten\" \/>\n<script type=\"application\/ld+json\" class=\"yoast-schema-graph\">{\"@context\":\"https:\/\/schema.org\",\"@graph\":[{\"@type\":\"WebPage\",\"@id\":\"https:\/\/iffr.com\/nl\/awards-competitions\/fipresci-award\",\"url\":\"https:\/\/iffr.com\/nl\/awards-competitions\/fipresci-award\",\"name\":\"FIPRESCI Award - IFFR\",\"isPartOf\":{\"@id\":\"https:\/\/iffr.com\/nl\/#website\"},\"primaryImageOfPage\":{\"@id\":\"https:\/\/iffr.com\/nl\/awards-competitions\/fipresci-award#primaryimage\"},\"image\":{\"@id\":\"https:\/\/iffr.com\/nl\/awards-competitions\/fipresci-award#primaryimage\"},\"thumbnailUrl\":\"https:\/\/iffr.com\/nl\/wp-content\/uploads\/2026\/02\/Supporting_Role_Film_still_1-scaled.jpg?image-crop-positioner-ts=1770397670\",\"datePublished\":\"2024-05-16T15:54:16+00:00\",\"dateModified\":\"2026-02-06T17:15:08+00:00\",\"breadcrumb\":{\"@id\":\"https:\/\/iffr.com\/nl\/awards-competitions\/fipresci-award#breadcrumb\"},\"inLanguage\":\"nl-NL\",\"potentialAction\":[{\"@type\":\"ReadAction\",\"target\":[\"https:\/\/iffr.com\/nl\/awards-competitions\/fipresci-award\"]}]},{\"@type\":\"ImageObject\",\"inLanguage\":\"nl-NL\",\"@id\":\"https:\/\/iffr.com\/nl\/awards-competitions\/fipresci-award#primaryimage\",\"url\":\"https:\/\/iffr.com\/nl\/wp-content\/uploads\/2026\/02\/Supporting_Role_Film_still_1-scaled.jpg?image-crop-positioner-ts=1770397670\",\"contentUrl\":\"https:\/\/iffr.com\/nl\/wp-content\/uploads\/2026\/02\/Supporting_Role_Film_still_1-scaled.jpg?image-crop-positioner-ts=1770397670\",\"width\":2560,\"height\":1440},{\"@type\":\"BreadcrumbList\",\"@id\":\"https:\/\/iffr.com\/nl\/awards-competitions\/fipresci-award#breadcrumb\",\"itemListElement\":[{\"@type\":\"ListItem\",\"position\":1,\"name\":\"Home\",\"item\":\"https:\/\/iffr.com\/nl\/\"},{\"@type\":\"ListItem\",\"position\":2,\"name\":\"Awards &amp; Competities\",\"item\":\"https:\/\/iffr.com\/nl\/awards-competitions\"},{\"@type\":\"ListItem\",\"position\":3,\"name\":\"FIPRESCI Award\"}]},{\"@type\":\"WebSite\",\"@id\":\"https:\/\/iffr.com\/nl\/#website\",\"url\":\"https:\/\/iffr.com\/nl\/\",\"name\":\"IFFR\",\"description\":\"\",\"potentialAction\":[{\"@type\":\"SearchAction\",\"target\":{\"@type\":\"EntryPoint\",\"urlTemplate\":\"https:\/\/iffr.com\/nl\/?s={search_term_string}\"},\"query-input\":{\"@type\":\"PropertyValueSpecification\",\"valueRequired\":true,\"valueName\":\"search_term_string\"}}],\"inLanguage\":\"nl-NL\"}]}<\/script>\n<!-- \/ Yoast SEO plugin. -->","yoast_head_json":{"title":"FIPRESCI Award - IFFR","robots":{"index":"index","follow":"follow","max-snippet":"max-snippet:-1","max-image-preview":"max-image-preview:large","max-video-preview":"max-video-preview:-1"},"canonical":"https:\/\/iffr.com\/nl\/awards-competitions\/fipresci-award","og_locale":"nl_NL","og_type":"article","og_title":"FIPRESCI Award - IFFR","og_description":"Op dit moment wordt de FIPRESCI Award jaarlijks uitgereikt aan de beste film in de Tiger Competition. De jury bestaat uit internationale filmjournalisten, leden van de F\u00e9d\u00e9ration Internationale de la Presse Cin\u00e9matographique (FIPRESCI). FIPRESCI Award-winnaar 2026 De IFFR 2026 FIPRESCI-jury De winnaar van de IFFR 2026 FIPRESCI-award wordt tijdens de Awards Ceremony op vrijdag 6 [&hellip;]","og_url":"https:\/\/iffr.com\/nl\/awards-competitions\/fipresci-award","og_site_name":"IFFR","article_modified_time":"2026-02-06T17:15:08+00:00","og_image":[{"width":2560,"height":1440,"url":"https:\/\/iffr.com\/nl\/wp-content\/uploads\/2026\/02\/Supporting_Role_Film_still_1-scaled.jpg?image-crop-positioner-ts=1770397670","type":"image\/jpeg"}],"twitter_card":"summary_large_image","twitter_misc":{"Geschatte leestijd":"3 minuten"},"schema":{"@context":"https:\/\/schema.org","@graph":[{"@type":"WebPage","@id":"https:\/\/iffr.com\/nl\/awards-competitions\/fipresci-award","url":"https:\/\/iffr.com\/nl\/awards-competitions\/fipresci-award","name":"FIPRESCI Award - IFFR","isPartOf":{"@id":"https:\/\/iffr.com\/nl\/#website"},"primaryImageOfPage":{"@id":"https:\/\/iffr.com\/nl\/awards-competitions\/fipresci-award#primaryimage"},"image":{"@id":"https:\/\/iffr.com\/nl\/awards-competitions\/fipresci-award#primaryimage"},"thumbnailUrl":"https:\/\/iffr.com\/nl\/wp-content\/uploads\/2026\/02\/Supporting_Role_Film_still_1-scaled.jpg?image-crop-positioner-ts=1770397670","datePublished":"2024-05-16T15:54:16+00:00","dateModified":"2026-02-06T17:15:08+00:00","breadcrumb":{"@id":"https:\/\/iffr.com\/nl\/awards-competitions\/fipresci-award#breadcrumb"},"inLanguage":"nl-NL","potentialAction":[{"@type":"ReadAction","target":["https:\/\/iffr.com\/nl\/awards-competitions\/fipresci-award"]}]},{"@type":"ImageObject","inLanguage":"nl-NL","@id":"https:\/\/iffr.com\/nl\/awards-competitions\/fipresci-award#primaryimage","url":"https:\/\/iffr.com\/nl\/wp-content\/uploads\/2026\/02\/Supporting_Role_Film_still_1-scaled.jpg?image-crop-positioner-ts=1770397670","contentUrl":"https:\/\/iffr.com\/nl\/wp-content\/uploads\/2026\/02\/Supporting_Role_Film_still_1-scaled.jpg?image-crop-positioner-ts=1770397670","width":2560,"height":1440},{"@type":"BreadcrumbList","@id":"https:\/\/iffr.com\/nl\/awards-competitions\/fipresci-award#breadcrumb","itemListElement":[{"@type":"ListItem","position":1,"name":"Home","item":"https:\/\/iffr.com\/nl\/"},{"@type":"ListItem","position":2,"name":"Awards &amp; Competities","item":"https:\/\/iffr.com\/nl\/awards-competitions"},{"@type":"ListItem","position":3,"name":"FIPRESCI Award"}]},{"@type":"WebSite","@id":"https:\/\/iffr.com\/nl\/#website","url":"https:\/\/iffr.com\/nl\/","name":"IFFR","description":"","potentialAction":[{"@type":"SearchAction","target":{"@type":"EntryPoint","urlTemplate":"https:\/\/iffr.com\/nl\/?s={search_term_string}"},"query-input":{"@type":"PropertyValueSpecification","valueRequired":true,"valueName":"search_term_string"}}],"inLanguage":"nl-NL"}]}},"_links":{"self":[{"href":"https:\/\/iffr.com\/nl\/wp-json\/wp\/v2\/pages\/78719","targetHints":{"allow":["GET"]}}],"collection":[{"href":"https:\/\/iffr.com\/nl\/wp-json\/wp\/v2\/pages"}],"about":[{"href":"https:\/\/iffr.com\/nl\/wp-json\/wp\/v2\/types\/page"}],"author":[{"embeddable":true,"href":"https:\/\/iffr.com\/nl\/wp-json\/wp\/v2\/users\/8"}],"replies":[{"embeddable":true,"href":"https:\/\/iffr.com\/nl\/wp-json\/wp\/v2\/comments?post=78719"}],"version-history":[{"count":6,"href":"https:\/\/iffr.com\/nl\/wp-json\/wp\/v2\/pages\/78719\/revisions"}],"predecessor-version":[{"id":225040,"href":"https:\/\/iffr.com\/nl\/wp-json\/wp\/v2\/pages\/78719\/revisions\/225040"}],"up":[{"embeddable":true,"href":"https:\/\/iffr.com\/nl\/wp-json\/wp\/v2\/pages\/78717"}],"wp:attachment":[{"href":"https:\/\/iffr.com\/nl\/wp-json\/wp\/v2\/media?parent=78719"}],"curies":[{"name":"wp","href":"https:\/\/api.w.org\/{rel}","templated":true}]}}