{"id":225429,"date":"2026-04-20T14:52:28","date_gmt":"2026-04-20T12:52:28","guid":{"rendered":"https:\/\/iffr.com\/nl\/?page_id=225429"},"modified":"2026-04-20T14:52:31","modified_gmt":"2026-04-20T12:52:31","slug":"stage-communicatie","status":"publish","type":"page","link":"https:\/\/iffr.com\/nl\/over-ons\/vacatures\/stage-communicatie","title":{"rendered":"Stage Communicatie"},"content":{"rendered":"\n<p>International Film Festival Rotterdam (IFFR) is een toonaangevend filmfestival met daarnaast een gevarieerd jaarrond programma. We ondersteunen vernieuwende en avontuurlijke filmmakers, ook buiten de filmzalen, via initiatieven zoals CineMart, het Hubert Bals Fonds, Rotterdam Lab en andere activiteiten binnen de filmindustrie.<\/p>\n\n\n\n<p>Elk jaar in januari brengt IFFR zowel opkomende als gevestigde filmmakers en kunstenaars van over de hele wereld samen voor een inspirerend programma van onafhankelijke films, talks, tentoonstellingen, performances, installaties, immersive media en meer. IFFR trekt jaarlijks meer dan 300.000 bezoeken naar films en evenementen. Naast het festival bieden we het hele jaar door filmgerelateerde activiteiten via onze Filmclub en andere samenwerkingen met (Rotterdamse) partners.<\/p>\n\n\n\n<p>In januari\/februari 2027 vindt de 56ste editie van ons elfdaagse festival plaats en wij zoeken twee enthousiaste stagiairs voor onze Communications-afdeling. Dit is jouw kans om van dichtbij mee te maken hoe het is om te werken bij een van de grootste festivals van Nederland!<\/p>\n\n\n\n<h2 class=\"wp-block-heading\">Over de stage<\/h2>\n\n\n\n<p>Het Communications-team, dat deel uitmaakt van de afdeling Audiences &amp; Communities, is verantwoordelijk voor de publieks- en industriegerichte communicatie van het festival, waaronder publicaties, nieuwsbrieven, programma-informatie en redactionele artikelen. We hebben twee verschillende stages: <strong>Beeldredactie<\/strong> en <strong>Tekstredactie<\/strong>.<\/p>\n\n\n\n\n\n\t<div data-name=\"acf\/block-accordion\" class=\"aligncenter\" >\n\t\t<div class=\"flex flex-col gap-4 md:gap-6\">\n\t\t\t\n\t\t\t\n<ul data-component=\"accordion\" class=\"flex flex-col gap-2\">\n\t\t\t<li>\n\t\t\t<details  class=\"rounded-lg group bg-base-300\">\n\t\t\t\t<summary class=\"flex items-center justify-between gap-2 p-4 list-none cursor-pointer md:py-6\">\n\t\t\t\t\t<h3 class=\"font-heading md:text-md\">\n\t\t\t\t\t\tWat ga je doen? [Beeldredactie]\n\t\t\t\t\t<\/h3>\n\n\t\t\t\t\t\t\t\t\t\t<svg class=\"transition group-open:rotate-90 shrink-0\" aria-hidden=\"true\" width=\"18\" height=\"18\" viewBox=\"0 0 18 18\" fill=\"none\" xmlns=\"http:\/\/www.w3.org\/2000\/svg\">\n\t\t\t\t\t\t<path d=\"M8.29688 0.5625H9.70312C9.82812 0.5625 9.89062 0.625 9.89062 0.75V17.25C9.89062 17.375 9.82812 17.4375 9.70312 17.4375H8.29688C8.17188 17.4375 8.10938 17.375 8.10938 17.25V0.75C8.10938 0.625 8.17188 0.5625 8.29688 0.5625Z\" fill=\"currentColor\"\/>\n\t\t\t\t\t\t<path class=\"transition group-open:opacity-0\" d=\"M1.125 8.10938H16.875C17 8.10938 17.0625 8.17188 17.0625 8.29688V9.70312C17.0625 9.82812 17 9.89062 16.875 9.89062H1.125C1 9.89062 0.9375 9.82812 0.9375 9.70312V8.29688C0.9375 8.17188 1 8.10938 1.125 8.10938Z\" fill=\"currentColor\"\/>\n\t\t\t\t\t<\/svg>\n\t\t\t\t<\/summary>\n\n\t\t\t\t<div class=\"px-4 pb-4 -mt-2 md:pb-6 ll-wysiwyg\">\n\t\t\t\t\t<ul>\n<li style=\"font-weight: 400;\" aria-level=\"1\"><span style=\"font-weight: 400;\">Je ondersteunt het Communications-team met de publicatie (online en print) van het IFFR 2027 filmprogramma, door middel van het verwerken van publiciteitsmaterialen (film stills\/portretten\/trailers) van de films geselecteerd voor IFFR 2027.<\/span><\/li>\n<li style=\"font-weight: 400;\" aria-level=\"1\"><span style=\"font-weight: 400;\">Met behulp van de Image Coordinator doe je ervaring op wat betreft professionele communicatie en beeldbewerking\/curatie.<\/span><\/li>\n<li style=\"font-weight: 400;\" aria-level=\"1\"><span style=\"font-weight: 400;\">Bio- en filmografie\u00ebn van filmmakers schrijven en updaten.<\/span><\/li>\n<li style=\"font-weight: 400;\" aria-level=\"1\"><span style=\"font-weight: 400;\">Publiciteitsmaterialen over de geselecteerde films en filmmakers verzamelen, verwerken en archiveren.<\/span><\/li>\n<li style=\"font-weight: 400;\" aria-level=\"1\"><span style=\"font-weight: 400;\">Het YouTube-kanaal van IFFR up-to-date houden: uploaden en publiceren van trailers en film clips.<\/span><\/li>\n<li style=\"font-weight: 400;\" aria-level=\"1\"><span style=\"font-weight: 400;\">Tenslotte zul je ook je collega\u2019s van het Communications-team ondersteunen bij verdere werkzaamheden ten behoeve van de presentatie van het IFFR 2027 programma in diverse festival print publicaties en IFFR.com.<\/span><\/li>\n<\/ul>\n<p><br style=\"font-weight: 400;\" \/><br style=\"font-weight: 400;\" \/><\/p>\n\n\t\t\t\t<\/div>\n\t\t\t<\/details>\n\t\t<\/li>\n\t\t\t<li>\n\t\t\t<details  class=\"rounded-lg group bg-base-300\">\n\t\t\t\t<summary class=\"flex items-center justify-between gap-2 p-4 list-none cursor-pointer md:py-6\">\n\t\t\t\t\t<h3 class=\"font-heading md:text-md\">\n\t\t\t\t\t\tWat ga je doen? [Tekstredactie]\n\t\t\t\t\t<\/h3>\n\n\t\t\t\t\t\t\t\t\t\t<svg class=\"transition group-open:rotate-90 shrink-0\" aria-hidden=\"true\" width=\"18\" height=\"18\" viewBox=\"0 0 18 18\" fill=\"none\" xmlns=\"http:\/\/www.w3.org\/2000\/svg\">\n\t\t\t\t\t\t<path d=\"M8.29688 0.5625H9.70312C9.82812 0.5625 9.89062 0.625 9.89062 0.75V17.25C9.89062 17.375 9.82812 17.4375 9.70312 17.4375H8.29688C8.17188 17.4375 8.10938 17.375 8.10938 17.25V0.75C8.10938 0.625 8.17188 0.5625 8.29688 0.5625Z\" fill=\"currentColor\"\/>\n\t\t\t\t\t\t<path class=\"transition group-open:opacity-0\" d=\"M1.125 8.10938H16.875C17 8.10938 17.0625 8.17188 17.0625 8.29688V9.70312C17.0625 9.82812 17 9.89062 16.875 9.89062H1.125C1 9.89062 0.9375 9.82812 0.9375 9.70312V8.29688C0.9375 8.17188 1 8.10938 1.125 8.10938Z\" fill=\"currentColor\"\/>\n\t\t\t\t\t<\/svg>\n\t\t\t\t<\/summary>\n\n\t\t\t\t<div class=\"px-4 pb-4 -mt-2 md:pb-6 ll-wysiwyg\">\n\t\t\t\t\t<ul>\n<li style=\"font-weight: 400;\" aria-level=\"1\"><span style=\"font-weight: 400;\">Het communicatieteam ondersteunen bij de publicatie en promotie van het professionals programma van IFFR Pro 2027, door te helpen bij de uitvoering van de redactionele strategie van het festival, waaronder het schrijven van nieuwsbrieven en redactionele artikelen, het afnemen van interviews en het voorbereiden van uitnodigingen.<\/span><\/li>\n<li style=\"font-weight: 400;\" aria-level=\"1\"><span style=\"font-weight: 400;\">Redactievaardigheden ontwikkelen, waaronder research doen, schrijven, redigeren en publiceren.<\/span><\/li>\n<li style=\"font-weight: 400;\" aria-level=\"1\"><span style=\"font-weight: 400;\">Ondersteunen bij het cre\u00ebren van content die de bekendheid van de programma&#8217;s van IFFR voor filmmakers en talent vergroot, waaronder het Hubert Bals Fonds, CineMart en Rotterdam Lab.<\/span><\/li>\n<li style=\"font-weight: 400;\" aria-level=\"1\"><span style=\"font-weight: 400;\">Bio- en filmografie\u00ebn van filmmakers schrijven en updaten.<\/span><\/li>\n<li style=\"font-weight: 400;\" aria-level=\"1\"><span style=\"font-weight: 400;\">Tenslotte zul je ook je collega\u2019s van het Communications-team ondersteunen bij verdere werkzaamheden ten behoeve van de presentatie van het IFFR 2027 programma in diverse festival print publicaties en IFFR.com.<\/span><\/li>\n<\/ul>\n\n\t\t\t\t<\/div>\n\t\t\t<\/details>\n\t\t<\/li>\n\t\t\t<li>\n\t\t\t<details  class=\"rounded-lg group bg-base-300\">\n\t\t\t\t<summary class=\"flex items-center justify-between gap-2 p-4 list-none cursor-pointer md:py-6\">\n\t\t\t\t\t<h3 class=\"font-heading md:text-md\">\n\t\t\t\t\t\tWie ben jij?\n\t\t\t\t\t<\/h3>\n\n\t\t\t\t\t\t\t\t\t\t<svg class=\"transition group-open:rotate-90 shrink-0\" aria-hidden=\"true\" width=\"18\" height=\"18\" viewBox=\"0 0 18 18\" fill=\"none\" xmlns=\"http:\/\/www.w3.org\/2000\/svg\">\n\t\t\t\t\t\t<path d=\"M8.29688 0.5625H9.70312C9.82812 0.5625 9.89062 0.625 9.89062 0.75V17.25C9.89062 17.375 9.82812 17.4375 9.70312 17.4375H8.29688C8.17188 17.4375 8.10938 17.375 8.10938 17.25V0.75C8.10938 0.625 8.17188 0.5625 8.29688 0.5625Z\" fill=\"currentColor\"\/>\n\t\t\t\t\t\t<path class=\"transition group-open:opacity-0\" d=\"M1.125 8.10938H16.875C17 8.10938 17.0625 8.17188 17.0625 8.29688V9.70312C17.0625 9.82812 17 9.89062 16.875 9.89062H1.125C1 9.89062 0.9375 9.82812 0.9375 9.70312V8.29688C0.9375 8.17188 1 8.10938 1.125 8.10938Z\" fill=\"currentColor\"\/>\n\t\t\t\t\t<\/svg>\n\t\t\t\t<\/summary>\n\n\t\t\t\t<div class=\"px-4 pb-4 -mt-2 md:pb-6 ll-wysiwyg\">\n\t\t\t\t\t<ul>\n<li style=\"font-weight: 400;\" aria-level=\"1\"><span style=\"font-weight: 400;\">Je volgt een studie in Nederland op het gebied van bijvoorbeeld film, kunst, media, communicatie, journalistiek of cultuur.\u00a0<\/span><\/li>\n<li style=\"font-weight: 400;\" aria-level=\"1\"><span style=\"font-weight: 400;\">Je beheerst de Engelse en Nederlandse taal uitstekend zowel in woord als in schrift.<\/span><\/li>\n<li style=\"font-weight: 400;\" aria-level=\"1\"><span style=\"font-weight: 400;\">Je kunt goed overweg met programma\u2019s als Photoshop (dit geldt alleen voor de stage beeldredactie), Microsoft Office en Google Drive.<\/span><\/li>\n<li style=\"font-weight: 400;\" aria-level=\"1\"><span style=\"font-weight: 400;\">Iemand die creatief, nieuwsgierig, stressbestendig en secuur is, met sterke organisatorische- en analytische vaardigheden.<\/span><\/li>\n<li style=\"font-weight: 400;\" aria-level=\"1\"><span style=\"font-weight: 400;\">Je bent een teamplayer en durft initiatief te nemen.<\/span><\/li>\n<li style=\"font-weight: 400;\" aria-level=\"1\"><span style=\"font-weight: 400;\">Iemand die bij voorkeur woonachtig is in Rotterdam of omgeving.<\/span><\/li>\n<li style=\"font-weight: 400;\" aria-level=\"1\"><span style=\"font-weight: 400;\">Iemand die graag bezig is met tekst en beeld. Je hebt taalgevoel, kan goed schrijven, en hebt ervaring met beeldbewerking.<\/span><\/li>\n<\/ul>\n\n\t\t\t\t<\/div>\n\t\t\t<\/details>\n\t\t<\/li>\n\t\t\t<li>\n\t\t\t<details  class=\"rounded-lg group bg-base-300\">\n\t\t\t\t<summary class=\"flex items-center justify-between gap-2 p-4 list-none cursor-pointer md:py-6\">\n\t\t\t\t\t<h3 class=\"font-heading md:text-md\">\n\t\t\t\t\t\tWat bieden wij?\n\t\t\t\t\t<\/h3>\n\n\t\t\t\t\t\t\t\t\t\t<svg class=\"transition group-open:rotate-90 shrink-0\" aria-hidden=\"true\" width=\"18\" height=\"18\" viewBox=\"0 0 18 18\" fill=\"none\" xmlns=\"http:\/\/www.w3.org\/2000\/svg\">\n\t\t\t\t\t\t<path d=\"M8.29688 0.5625H9.70312C9.82812 0.5625 9.89062 0.625 9.89062 0.75V17.25C9.89062 17.375 9.82812 17.4375 9.70312 17.4375H8.29688C8.17188 17.4375 8.10938 17.375 8.10938 17.25V0.75C8.10938 0.625 8.17188 0.5625 8.29688 0.5625Z\" fill=\"currentColor\"\/>\n\t\t\t\t\t\t<path class=\"transition group-open:opacity-0\" d=\"M1.125 8.10938H16.875C17 8.10938 17.0625 8.17188 17.0625 8.29688V9.70312C17.0625 9.82812 17 9.89062 16.875 9.89062H1.125C1 9.89062 0.9375 9.82812 0.9375 9.70312V8.29688C0.9375 8.17188 1 8.10938 1.125 8.10938Z\" fill=\"currentColor\"\/>\n\t\t\t\t\t<\/svg>\n\t\t\t\t<\/summary>\n\n\t\t\t\t<div class=\"px-4 pb-4 -mt-2 md:pb-6 ll-wysiwyg\">\n\t\t\t\t\t<ul>\n<li style=\"font-weight: 400;\" aria-level=\"1\"><span style=\"font-weight: 400;\">Een meeloopstage binnen het team Communications voor 5 maanden, 4-5 dagen per week.<\/span><\/li>\n<li style=\"font-weight: 400;\" aria-level=\"1\"><span style=\"font-weight: 400;\">Een inspirerende werkomgeving in de filmwereld, met veel dynamiek en ruimte om te leren.<\/span><\/li>\n<li style=\"font-weight: 400;\" aria-level=\"1\"><span style=\"font-weight: 400;\">De mogelijkheid om een kijkje achter de schermen te nemen bij een internationaal filmfestival.<\/span><\/li>\n<li style=\"font-weight: 400;\" aria-level=\"1\"><span style=\"font-weight: 400;\">Een stagevergoeding van \u20ac375 bruto per maand op basis van een 38-urige werkweek (5 dagen).<\/span><\/li>\n<li style=\"font-weight: 400;\" aria-level=\"1\"><span style=\"font-weight: 400;\">De kans om deel uit te maken van een enthousiast team en samen te bouwen aan een onvergetelijk festival met films, evenementen en feestjes!<\/span><\/li>\n<\/ul>\n\n\t\t\t\t<\/div>\n\t\t\t<\/details>\n\t\t<\/li>\n\t<\/ul>\n\n\t\t\t\t\t<\/div>\n\t<\/div>\n\n\n\n<h2 class=\"wp-block-heading\">Enthousiast geworden?<\/h2>\n\n\n\n<p>Wil jij deel uitmaken van IFFR? Stuur je motivatie en CV via de onderstaande link <strong>v\u00f3\u00f3r<\/strong> <strong>18 mei 2026<\/strong>. We kijken uit naar je reactie!<\/p>\n\n\n\n<p>Heb je vragen over deze stage? Neem contact op met Anne Wabeke, Head of Communications, via <a href=\"mailto:a.wabeke@IFFR.com\">a.wabeke@IFFR.com<\/a>.<\/p>\n\n\n\n<p>We vragen je om op \u00e9\u00e9n stage te solliciteren. Ben je ook ge\u00efnteresseerd in een andere stageplek? Geef dit dan gerust aan in je motivatie.<\/p>\n\n\n\n\t<div data-name=\"acf\/block-buttons\" class=\"align\">\n\t\t\n\t\t<ul class=\"flex flex-wrap gap-2 md:gap-6\">\n\t\t\t\t\t\t\t<li>\n\t\t\t\t\t\t\t\t\t\t\n\n\n\n\n<a\n\tclass=\"group btn btn-primary  \"\n\t\t\thref=\"https:\/\/daywize.mendixcloud.com\/p\/application?param=14574&amp;other=830baf10-b588-4a8f-92c8-923a0f2e6eb4\"\n\t\t\t\ttarget=\"_blank\" rel=\"noopener\"\n\t\t\t\t\t\t\t\t\t\t\t\t\t>\n\t\n\t\t\t<span data-button-text>\n\t\t\tSolliciteer nu\n\n\t\t\t\t\t\t\t<span class=\"sr-only\">Opent in een nieuw venster<\/span>\n\t\t\t\t\t<\/span>\n\t\n\t\t\t\t\t\n\t\t\t\t\t<span class=\"transition-transform duration-300 group-hover:rotate-45 group-focus-visible:rotate-45 flex items-center justify-center w-[1em] h-[1em] icon group-expanded:hidden\" aria-hidden=\"true\">\n\t\t\t<svg width=\"16\" height=\"16\" viewBox=\"0 0 16 16\" fill=\"none\" xmlns=\"http:\/\/www.w3.org\/2000\/svg\"><path d=\"M14.667 2.386v9.122a1.053 1.053 0 0 1-2.105 0V4.93l-9.43 9.428a1.054 1.054 0 1 1-1.49-1.491l9.429-9.429H4.493a1.052 1.052 0 0 1 0-2.105h9.121a1.053 1.053 0 0 1 1.053 1.053Z\" fill=\"currentColor\"\/><\/svg>\n\n\t\t<\/span>\n\n\t\t\t\n\t<\/a>\n\t\t\t\t<\/li>\n\t\t\t\t\t<\/ul>\n\t<\/div>\n\n\n\n<h2 class=\"wp-block-heading\">Inclusiviteit bij IFFR<\/h2>\n\n\n\n<p>IFFR streeft naar een diverse samenstelling van het team, waarin iedereen zich welkom voelt, ongeacht etnische, economische, culturele en religieuze achtergrond, gender, seksuele voorkeur, leeftijd of beperking. We nodigen alle ge\u00efnteresseerden van harte uit om te reageren op deze vacature.&nbsp;<\/p>\n\n\n\n<p><em>Acquisitie naar aanleiding van deze vacature wordt niet op prijs gesteld.<\/em><\/p>\n\n\n\n<p><\/p>\n","protected":false},"excerpt":{"rendered":"<p>International Film Festival Rotterdam (IFFR) is een toonaangevend filmfestival met daarnaast een gevarieerd jaarrond programma. We ondersteunen vernieuwende en avontuurlijke filmmakers, ook buiten de filmzalen, via initiatieven zoals CineMart, het Hubert Bals Fonds, Rotterdam Lab en andere activiteiten binnen de filmindustrie. Elk jaar in januari brengt IFFR zowel opkomende als gevestigde filmmakers en kunstenaars van [&hellip;]<\/p>\n","protected":false},"author":8,"featured_media":0,"parent":109485,"menu_order":0,"comment_status":"closed","ping_status":"closed","template":"","meta":{"_acf_changed":false,"editor_notices":[],"footnotes":""},"class_list":["post-225429","page","type-page","status-publish","hentry"],"acf":[],"yoast_head":"<!-- This site is optimized with the Yoast SEO plugin v27.3 - https:\/\/yoast.com\/product\/yoast-seo-wordpress\/ -->\n<title>Stage Communicatie - IFFR<\/title>\n<meta name=\"robots\" content=\"index, follow, max-snippet:-1, max-image-preview:large, max-video-preview:-1\" \/>\n<link rel=\"canonical\" href=\"https:\/\/iffr.com\/nl\/over-ons\/vacatures\/stage-communicatie\" \/>\n<meta property=\"og:locale\" content=\"nl_NL\" \/>\n<meta property=\"og:type\" content=\"article\" \/>\n<meta property=\"og:title\" content=\"Stage Communicatie - IFFR\" \/>\n<meta property=\"og:description\" content=\"International Film Festival Rotterdam (IFFR) is een toonaangevend filmfestival met daarnaast een gevarieerd jaarrond programma. We ondersteunen vernieuwende en avontuurlijke filmmakers, ook buiten de filmzalen, via initiatieven zoals CineMart, het Hubert Bals Fonds, Rotterdam Lab en andere activiteiten binnen de filmindustrie. Elk jaar in januari brengt IFFR zowel opkomende als gevestigde filmmakers en kunstenaars van [&hellip;]\" \/>\n<meta property=\"og:url\" content=\"https:\/\/iffr.com\/nl\/over-ons\/vacatures\/stage-communicatie\" \/>\n<meta property=\"og:site_name\" content=\"IFFR\" \/>\n<meta property=\"article:modified_time\" content=\"2026-04-20T12:52:31+00:00\" \/>\n<meta name=\"twitter:card\" content=\"summary_large_image\" \/>\n<meta name=\"twitter:label1\" content=\"Geschatte leestijd\" \/>\n\t<meta name=\"twitter:data1\" content=\"2 minuten\" \/>\n<script type=\"application\/ld+json\" class=\"yoast-schema-graph\">{\"@context\":\"https:\\\/\\\/schema.org\",\"@graph\":[{\"@type\":\"WebPage\",\"@id\":\"https:\\\/\\\/iffr.com\\\/nl\\\/over-ons\\\/vacatures\\\/stage-communicatie\",\"url\":\"https:\\\/\\\/iffr.com\\\/nl\\\/over-ons\\\/vacatures\\\/stage-communicatie\",\"name\":\"Stage Communicatie - IFFR\",\"isPartOf\":{\"@id\":\"https:\\\/\\\/iffr.com\\\/nl\\\/#website\"},\"datePublished\":\"2026-04-20T12:52:28+00:00\",\"dateModified\":\"2026-04-20T12:52:31+00:00\",\"breadcrumb\":{\"@id\":\"https:\\\/\\\/iffr.com\\\/nl\\\/over-ons\\\/vacatures\\\/stage-communicatie#breadcrumb\"},\"inLanguage\":\"nl-NL\",\"potentialAction\":[{\"@type\":\"ReadAction\",\"target\":[\"https:\\\/\\\/iffr.com\\\/nl\\\/over-ons\\\/vacatures\\\/stage-communicatie\"]}]},{\"@type\":\"BreadcrumbList\",\"@id\":\"https:\\\/\\\/iffr.com\\\/nl\\\/over-ons\\\/vacatures\\\/stage-communicatie#breadcrumb\",\"itemListElement\":[{\"@type\":\"ListItem\",\"position\":1,\"name\":\"Home\",\"item\":\"https:\\\/\\\/iffr.com\\\/nl\\\/\"},{\"@type\":\"ListItem\",\"position\":2,\"name\":\"Over ons\",\"item\":\"https:\\\/\\\/iffr.com\\\/nl\\\/over-ons\"},{\"@type\":\"ListItem\",\"position\":3,\"name\":\"Vacatures\",\"item\":\"https:\\\/\\\/iffr.com\\\/nl\\\/over-ons\\\/vacatures\"},{\"@type\":\"ListItem\",\"position\":4,\"name\":\"Stage Communicatie\"}]},{\"@type\":\"WebSite\",\"@id\":\"https:\\\/\\\/iffr.com\\\/nl\\\/#website\",\"url\":\"https:\\\/\\\/iffr.com\\\/nl\\\/\",\"name\":\"IFFR\",\"description\":\"\",\"potentialAction\":[{\"@type\":\"SearchAction\",\"target\":{\"@type\":\"EntryPoint\",\"urlTemplate\":\"https:\\\/\\\/iffr.com\\\/nl\\\/?s={search_term_string}\"},\"query-input\":{\"@type\":\"PropertyValueSpecification\",\"valueRequired\":true,\"valueName\":\"search_term_string\"}}],\"inLanguage\":\"nl-NL\"}]}<\/script>\n<!-- \/ Yoast SEO plugin. -->","yoast_head_json":{"title":"Stage Communicatie - IFFR","robots":{"index":"index","follow":"follow","max-snippet":"max-snippet:-1","max-image-preview":"max-image-preview:large","max-video-preview":"max-video-preview:-1"},"canonical":"https:\/\/iffr.com\/nl\/over-ons\/vacatures\/stage-communicatie","og_locale":"nl_NL","og_type":"article","og_title":"Stage Communicatie - IFFR","og_description":"International Film Festival Rotterdam (IFFR) is een toonaangevend filmfestival met daarnaast een gevarieerd jaarrond programma. We ondersteunen vernieuwende en avontuurlijke filmmakers, ook buiten de filmzalen, via initiatieven zoals CineMart, het Hubert Bals Fonds, Rotterdam Lab en andere activiteiten binnen de filmindustrie. Elk jaar in januari brengt IFFR zowel opkomende als gevestigde filmmakers en kunstenaars van [&hellip;]","og_url":"https:\/\/iffr.com\/nl\/over-ons\/vacatures\/stage-communicatie","og_site_name":"IFFR","article_modified_time":"2026-04-20T12:52:31+00:00","twitter_card":"summary_large_image","twitter_misc":{"Geschatte leestijd":"2 minuten"},"schema":{"@context":"https:\/\/schema.org","@graph":[{"@type":"WebPage","@id":"https:\/\/iffr.com\/nl\/over-ons\/vacatures\/stage-communicatie","url":"https:\/\/iffr.com\/nl\/over-ons\/vacatures\/stage-communicatie","name":"Stage Communicatie - IFFR","isPartOf":{"@id":"https:\/\/iffr.com\/nl\/#website"},"datePublished":"2026-04-20T12:52:28+00:00","dateModified":"2026-04-20T12:52:31+00:00","breadcrumb":{"@id":"https:\/\/iffr.com\/nl\/over-ons\/vacatures\/stage-communicatie#breadcrumb"},"inLanguage":"nl-NL","potentialAction":[{"@type":"ReadAction","target":["https:\/\/iffr.com\/nl\/over-ons\/vacatures\/stage-communicatie"]}]},{"@type":"BreadcrumbList","@id":"https:\/\/iffr.com\/nl\/over-ons\/vacatures\/stage-communicatie#breadcrumb","itemListElement":[{"@type":"ListItem","position":1,"name":"Home","item":"https:\/\/iffr.com\/nl\/"},{"@type":"ListItem","position":2,"name":"Over ons","item":"https:\/\/iffr.com\/nl\/over-ons"},{"@type":"ListItem","position":3,"name":"Vacatures","item":"https:\/\/iffr.com\/nl\/over-ons\/vacatures"},{"@type":"ListItem","position":4,"name":"Stage Communicatie"}]},{"@type":"WebSite","@id":"https:\/\/iffr.com\/nl\/#website","url":"https:\/\/iffr.com\/nl\/","name":"IFFR","description":"","potentialAction":[{"@type":"SearchAction","target":{"@type":"EntryPoint","urlTemplate":"https:\/\/iffr.com\/nl\/?s={search_term_string}"},"query-input":{"@type":"PropertyValueSpecification","valueRequired":true,"valueName":"search_term_string"}}],"inLanguage":"nl-NL"}]}},"_links":{"self":[{"href":"https:\/\/iffr.com\/nl\/wp-json\/wp\/v2\/pages\/225429","targetHints":{"allow":["GET"]}}],"collection":[{"href":"https:\/\/iffr.com\/nl\/wp-json\/wp\/v2\/pages"}],"about":[{"href":"https:\/\/iffr.com\/nl\/wp-json\/wp\/v2\/types\/page"}],"author":[{"embeddable":true,"href":"https:\/\/iffr.com\/nl\/wp-json\/wp\/v2\/users\/8"}],"replies":[{"embeddable":true,"href":"https:\/\/iffr.com\/nl\/wp-json\/wp\/v2\/comments?post=225429"}],"version-history":[{"count":2,"href":"https:\/\/iffr.com\/nl\/wp-json\/wp\/v2\/pages\/225429\/revisions"}],"predecessor-version":[{"id":225447,"href":"https:\/\/iffr.com\/nl\/wp-json\/wp\/v2\/pages\/225429\/revisions\/225447"}],"up":[{"embeddable":true,"href":"https:\/\/iffr.com\/nl\/wp-json\/wp\/v2\/pages\/109485"}],"wp:attachment":[{"href":"https:\/\/iffr.com\/nl\/wp-json\/wp\/v2\/media?parent=225429"}],"curies":[{"name":"wp","href":"https:\/\/api.w.org\/{rel}","templated":true}]}}