{"id":217103,"date":"2026-01-14T11:36:30","date_gmt":"2026-01-14T10:36:30","guid":{"rendered":"https:\/\/iffr.com\/nl\/?page_id=217103"},"modified":"2026-01-30T16:22:57","modified_gmt":"2026-01-30T15:22:57","slug":"big-talk-film-kleber-mendon%c3%a7a-filho-carla-sim%c3%b3n-the-secret-agent","status":"publish","type":"page","link":"https:\/\/iffr.com\/nl\/iffr-2026-talks\/big-talk-film-kleber-mendon%c3%a7a-filho-carla-sim%c3%b3n-the-secret-agent","title":{"rendered":"Big Talk + Film: Kleber Mendon\u00e7a Filho &#038; Carla Sim\u00f3n + The Secret Agent"},"content":{"rendered":"\n<p class=\"has-intro-font-size\">Wat dacht je van een <em>double-bill<\/em>? Naast losse tickets is het is dit jaar ook mogelijk om een combinatieticket te kopen voor een Big Talk en  de gelinkte film uit het programma, tegen een gereduceerd tarief.<\/p>\n\n\n\n<figure class=\"wp-block-image size-full\"><img loading=\"lazy\" decoding=\"async\" width=\"1908\" height=\"1073\" src=\"https:\/\/iffr.com\/nl\/wp-content\/uploads\/2026\/01\/0ed10c09-9fc3-4625-8f15-be6172e6b2e0.jpg?image-crop-positioner-ts=1768346134\" alt=\"\" class=\"wp-image-217106\" srcset=\"https:\/\/iffr.com\/nl\/wp-content\/uploads\/2026\/01\/0ed10c09-9fc3-4625-8f15-be6172e6b2e0.jpg?image-crop-positioner-ts=1768346134 1908w, https:\/\/iffr.com\/nl\/wp-content\/uploads\/2026\/01\/0ed10c09-9fc3-4625-8f15-be6172e6b2e0-288x162.jpg?image-crop-positioner-ts=1768346134 288w, https:\/\/iffr.com\/nl\/wp-content\/uploads\/2026\/01\/0ed10c09-9fc3-4625-8f15-be6172e6b2e0-432x243.jpg?image-crop-positioner-ts=1768346134 432w, https:\/\/iffr.com\/nl\/wp-content\/uploads\/2026\/01\/0ed10c09-9fc3-4625-8f15-be6172e6b2e0-832x468.jpg?image-crop-positioner-ts=1768346134 832w, https:\/\/iffr.com\/nl\/wp-content\/uploads\/2026\/01\/0ed10c09-9fc3-4625-8f15-be6172e6b2e0-1296x729.jpg?image-crop-positioner-ts=1768346134 1296w\" sizes=\"auto, (max-width: 1908px) 100vw, 1908px\" \/><figcaption class=\"wp-element-caption\">Film still: The Secret Agent<\/figcaption><\/figure>\n\n\n\n<h2 class=\"wp-block-heading\">Over de <a href=\"https:\/\/iffr.com\/nl\/iffr\/2026\/events\/big-talk-kleber-mendon\u00e7a-filho-carla-sim\u00f3n\">Big Talk: Kleber Mendon\u00e7a Filho &amp; Carla Sim\u00f3n<\/a><\/h2>\n\n\n\n<p>Kleber Mendon\u00e7a Filho (<strong>The Secret Agent<\/strong>, IFFR 2026) en Carla Sim\u00f3n (<strong>Romer\u00eda<\/strong>, IFFR 2026) bespreken hoe cinema vorm kan geven aan zowel intieme als historische herinneringen, door enerzijds realisme te combineren met genre en anderzijds formele experimenten te combineren met zeer persoonlijke verhalen.<\/p>\n\n\n\n<h2 class=\"wp-block-heading\">Over <strong><a href=\"https:\/\/iffr.com\/nl\/iffr\/2026\/films\/the-secret-agent\">The Secret Agent<\/a><\/strong><\/h2>\n\n\n\n<p>Kleber Mendon\u00e7a Filho bewijst met&nbsp;<strong>The Secret Agent<\/strong>&nbsp;een van de meest interessante filmmakers van het moment te zijn. Deze onconventionele politieke thriller speelt zich af in 1977, verweeft verschillende verhaallijnen en biedt een indrukwekkende kijk op persoonlijke en collectieve herinneringen aan de gewelddadige geschiedenis van Brazili\u00eb.<\/p>\n\n\n\n<p><strong>Ticketprijzen<\/strong><\/p>\n\n\n\n<ul class=\"wp-block-list\">\n<li>Regulier: \u20ac22<\/li>\n\n\n\n<li>&lt; 23 jaar: \u20ac14<\/li>\n\n\n\n<li>Studenten: \u20ac14<\/li>\n<\/ul>\n\n\n\n<p><strong>Datum &amp; tijd<\/strong><\/p>\n\n\n\n<ul class=\"wp-block-list\">\n<li>Big Talk: zaterdag 31 januari, 18.00 uur<\/li>\n\n\n\n<li>Filmvertoning: maandag 2 februari, 12.00 uur<br><em>Let op: heb je voor vrijdag 16 januari een combinatieticket gekocht voor deze Film + Talk, dan heb je een filmkaartje ontvangen voor de vertoning op zaterdag 31 januari.<\/em><\/li>\n<\/ul>\n\n\n\n<p><em>Combinatietickets voor deze Big Talk + Film zijn uitverkocht.<\/em><br>Tickets voor alleen de Talk zijn nog wel beschikbaar, deze via de knop hieronder verkrijgbaar.<\/p>\n\n\n\n\t<div data-name=\"acf\/block-buttons\" class=\"align\">\n\t\t\n\t\t<ul class=\"flex flex-wrap gap-2 md:gap-6\">\n\t\t\t\t\t\t\t<li>\n\t\t\t\t\t\t\t\t\t\t\n\n\n\n\n<a\n\tclass=\"group btn btn-primary  \"\n\t\t\thref=\"https:\/\/iffr.com\/nl\/iffr\/2026\/events\/big-talk-kleber-mendon%c3%a7a-filho-carla-sim%c3%b3n\"\n\t\t\t\t\t\t\t\t\t\t\t\t\t\t>\n\t\n\t\t\t<span data-button-text>\n\t\t\tTickets Big Talk only\n\n\t\t\t\t\t<\/span>\n\t\n\t\t\t\t\t\n\t\t\t\t\t<span class=\"transition-transform duration-300 group-hover:rotate-45 group-focus-visible:rotate-45 flex items-center justify-center w-[1em] h-[1em] icon group-expanded:hidden\" aria-hidden=\"true\">\n\t\t\t<svg width=\"16\" height=\"16\" viewBox=\"0 0 16 16\" fill=\"none\" xmlns=\"http:\/\/www.w3.org\/2000\/svg\"><path d=\"M14.667 2.386v9.122a1.053 1.053 0 0 1-2.105 0V4.93l-9.43 9.428a1.054 1.054 0 1 1-1.49-1.491l9.429-9.429H4.493a1.052 1.052 0 0 1 0-2.105h9.121a1.053 1.053 0 0 1 1.053 1.053Z\" fill=\"currentColor\"\/><\/svg>\n\n\t\t<\/span>\n\n\t\t\t\n\t<\/a>\n\t\t\t\t<\/li>\n\t\t\t\t\t<\/ul>\n\t<\/div>\n","protected":false},"excerpt":{"rendered":"<p>Wat dacht je van een double-bill? Naast losse tickets is het is dit jaar ook mogelijk om een combinatieticket te kopen voor een Big Talk en de gelinkte film uit het programma, tegen een gereduceerd tarief. Over de Big Talk: Kleber Mendon\u00e7a Filho &amp; Carla Sim\u00f3n Kleber Mendon\u00e7a Filho (The Secret Agent, IFFR 2026) en [&hellip;]<\/p>\n","protected":false},"author":8,"featured_media":0,"parent":199415,"menu_order":0,"comment_status":"closed","ping_status":"closed","template":"","meta":{"_acf_changed":false,"editor_notices":[],"footnotes":""},"class_list":["post-217103","page","type-page","status-publish","hentry"],"acf":[],"yoast_head":"<!-- This site is optimized with the Yoast SEO plugin v27.3 - https:\/\/yoast.com\/product\/yoast-seo-wordpress\/ -->\n<title>Big Talk + Film: Kleber Mendon\u00e7a Filho &amp; Carla Sim\u00f3n + The Secret Agent - IFFR<\/title>\n<meta name=\"robots\" content=\"index, follow, max-snippet:-1, max-image-preview:large, max-video-preview:-1\" \/>\n<link rel=\"canonical\" href=\"https:\/\/iffr.com\/nl\/iffr-2026-talks\/big-talk-film-kleber-mendon\u00e7a-filho-carla-sim\u00f3n-the-secret-agent\" \/>\n<meta property=\"og:locale\" content=\"nl_NL\" \/>\n<meta property=\"og:type\" content=\"article\" \/>\n<meta property=\"og:title\" content=\"Big Talk + Film: Kleber Mendon\u00e7a Filho &amp; Carla Sim\u00f3n + The Secret Agent - IFFR\" \/>\n<meta property=\"og:description\" content=\"Wat dacht je van een double-bill? Naast losse tickets is het is dit jaar ook mogelijk om een combinatieticket te kopen voor een Big Talk en de gelinkte film uit het programma, tegen een gereduceerd tarief. Over de Big Talk: Kleber Mendon\u00e7a Filho &amp; Carla Sim\u00f3n Kleber Mendon\u00e7a Filho (The Secret Agent, IFFR 2026) en [&hellip;]\" \/>\n<meta property=\"og:url\" content=\"https:\/\/iffr.com\/nl\/iffr-2026-talks\/big-talk-film-kleber-mendon\u00e7a-filho-carla-sim\u00f3n-the-secret-agent\" \/>\n<meta property=\"og:site_name\" content=\"IFFR\" \/>\n<meta property=\"article:modified_time\" content=\"2026-01-30T15:22:57+00:00\" \/>\n<meta property=\"og:image\" content=\"https:\/\/iffr.com\/nl\/wp-content\/uploads\/2026\/01\/0ed10c09-9fc3-4625-8f15-be6172e6b2e0.jpg?image-crop-positioner-ts=1768346134\" \/>\n\t<meta property=\"og:image:width\" content=\"1908\" \/>\n\t<meta property=\"og:image:height\" content=\"1073\" \/>\n\t<meta property=\"og:image:type\" content=\"image\/jpeg\" \/>\n<meta name=\"twitter:card\" content=\"summary_large_image\" \/>\n<meta name=\"twitter:label1\" content=\"Geschatte leestijd\" \/>\n\t<meta name=\"twitter:data1\" content=\"2 minuten\" \/>\n<script type=\"application\/ld+json\" class=\"yoast-schema-graph\">{\"@context\":\"https:\\\/\\\/schema.org\",\"@graph\":[{\"@type\":\"WebPage\",\"@id\":\"https:\\\/\\\/iffr.com\\\/nl\\\/iffr-2026-talks\\\/big-talk-film-kleber-mendon%c3%a7a-filho-carla-sim%c3%b3n-the-secret-agent\",\"url\":\"https:\\\/\\\/iffr.com\\\/nl\\\/iffr-2026-talks\\\/big-talk-film-kleber-mendon%c3%a7a-filho-carla-sim%c3%b3n-the-secret-agent\",\"name\":\"Big Talk + Film: Kleber Mendon\u00e7a Filho & Carla Sim\u00f3n + The Secret Agent - IFFR\",\"isPartOf\":{\"@id\":\"https:\\\/\\\/iffr.com\\\/nl\\\/#website\"},\"primaryImageOfPage\":{\"@id\":\"https:\\\/\\\/iffr.com\\\/nl\\\/iffr-2026-talks\\\/big-talk-film-kleber-mendon%c3%a7a-filho-carla-sim%c3%b3n-the-secret-agent#primaryimage\"},\"image\":{\"@id\":\"https:\\\/\\\/iffr.com\\\/nl\\\/iffr-2026-talks\\\/big-talk-film-kleber-mendon%c3%a7a-filho-carla-sim%c3%b3n-the-secret-agent#primaryimage\"},\"thumbnailUrl\":\"https:\\\/\\\/iffr.com\\\/nl\\\/wp-content\\\/uploads\\\/2026\\\/01\\\/0ed10c09-9fc3-4625-8f15-be6172e6b2e0.jpg?image-crop-positioner-ts=1768346134\",\"datePublished\":\"2026-01-14T10:36:30+00:00\",\"dateModified\":\"2026-01-30T15:22:57+00:00\",\"breadcrumb\":{\"@id\":\"https:\\\/\\\/iffr.com\\\/nl\\\/iffr-2026-talks\\\/big-talk-film-kleber-mendon%c3%a7a-filho-carla-sim%c3%b3n-the-secret-agent#breadcrumb\"},\"inLanguage\":\"nl-NL\",\"potentialAction\":[{\"@type\":\"ReadAction\",\"target\":[\"https:\\\/\\\/iffr.com\\\/nl\\\/iffr-2026-talks\\\/big-talk-film-kleber-mendon%c3%a7a-filho-carla-sim%c3%b3n-the-secret-agent\"]}]},{\"@type\":\"ImageObject\",\"inLanguage\":\"nl-NL\",\"@id\":\"https:\\\/\\\/iffr.com\\\/nl\\\/iffr-2026-talks\\\/big-talk-film-kleber-mendon%c3%a7a-filho-carla-sim%c3%b3n-the-secret-agent#primaryimage\",\"url\":\"https:\\\/\\\/iffr.com\\\/nl\\\/wp-content\\\/uploads\\\/2026\\\/01\\\/0ed10c09-9fc3-4625-8f15-be6172e6b2e0.jpg?image-crop-positioner-ts=1768346134\",\"contentUrl\":\"https:\\\/\\\/iffr.com\\\/nl\\\/wp-content\\\/uploads\\\/2026\\\/01\\\/0ed10c09-9fc3-4625-8f15-be6172e6b2e0.jpg?image-crop-positioner-ts=1768346134\",\"width\":1908,\"height\":1073},{\"@type\":\"BreadcrumbList\",\"@id\":\"https:\\\/\\\/iffr.com\\\/nl\\\/iffr-2026-talks\\\/big-talk-film-kleber-mendon%c3%a7a-filho-carla-sim%c3%b3n-the-secret-agent#breadcrumb\",\"itemListElement\":[{\"@type\":\"ListItem\",\"position\":1,\"name\":\"Home\",\"item\":\"https:\\\/\\\/iffr.com\\\/nl\\\/\"},{\"@type\":\"ListItem\",\"position\":2,\"name\":\"IFFR 2026 Talks\",\"item\":\"https:\\\/\\\/iffr.com\\\/nl\\\/iffr-2026-talks\"},{\"@type\":\"ListItem\",\"position\":3,\"name\":\"Big Talk + Film: Kleber Mendon\u00e7a Filho &#038; Carla Sim\u00f3n + The Secret Agent\"}]},{\"@type\":\"WebSite\",\"@id\":\"https:\\\/\\\/iffr.com\\\/nl\\\/#website\",\"url\":\"https:\\\/\\\/iffr.com\\\/nl\\\/\",\"name\":\"IFFR\",\"description\":\"\",\"potentialAction\":[{\"@type\":\"SearchAction\",\"target\":{\"@type\":\"EntryPoint\",\"urlTemplate\":\"https:\\\/\\\/iffr.com\\\/nl\\\/?s={search_term_string}\"},\"query-input\":{\"@type\":\"PropertyValueSpecification\",\"valueRequired\":true,\"valueName\":\"search_term_string\"}}],\"inLanguage\":\"nl-NL\"}]}<\/script>\n<!-- \/ Yoast SEO plugin. -->","yoast_head_json":{"title":"Big Talk + Film: Kleber Mendon\u00e7a Filho & Carla Sim\u00f3n + The Secret Agent - IFFR","robots":{"index":"index","follow":"follow","max-snippet":"max-snippet:-1","max-image-preview":"max-image-preview:large","max-video-preview":"max-video-preview:-1"},"canonical":"https:\/\/iffr.com\/nl\/iffr-2026-talks\/big-talk-film-kleber-mendon\u00e7a-filho-carla-sim\u00f3n-the-secret-agent","og_locale":"nl_NL","og_type":"article","og_title":"Big Talk + Film: Kleber Mendon\u00e7a Filho & Carla Sim\u00f3n + The Secret Agent - IFFR","og_description":"Wat dacht je van een double-bill? Naast losse tickets is het is dit jaar ook mogelijk om een combinatieticket te kopen voor een Big Talk en de gelinkte film uit het programma, tegen een gereduceerd tarief. Over de Big Talk: Kleber Mendon\u00e7a Filho &amp; Carla Sim\u00f3n Kleber Mendon\u00e7a Filho (The Secret Agent, IFFR 2026) en [&hellip;]","og_url":"https:\/\/iffr.com\/nl\/iffr-2026-talks\/big-talk-film-kleber-mendon\u00e7a-filho-carla-sim\u00f3n-the-secret-agent","og_site_name":"IFFR","article_modified_time":"2026-01-30T15:22:57+00:00","og_image":[{"width":1908,"height":1073,"url":"https:\/\/iffr.com\/nl\/wp-content\/uploads\/2026\/01\/0ed10c09-9fc3-4625-8f15-be6172e6b2e0.jpg?image-crop-positioner-ts=1768346134","type":"image\/jpeg"}],"twitter_card":"summary_large_image","twitter_misc":{"Geschatte leestijd":"2 minuten"},"schema":{"@context":"https:\/\/schema.org","@graph":[{"@type":"WebPage","@id":"https:\/\/iffr.com\/nl\/iffr-2026-talks\/big-talk-film-kleber-mendon%c3%a7a-filho-carla-sim%c3%b3n-the-secret-agent","url":"https:\/\/iffr.com\/nl\/iffr-2026-talks\/big-talk-film-kleber-mendon%c3%a7a-filho-carla-sim%c3%b3n-the-secret-agent","name":"Big Talk + Film: Kleber Mendon\u00e7a Filho & Carla Sim\u00f3n + The Secret Agent - IFFR","isPartOf":{"@id":"https:\/\/iffr.com\/nl\/#website"},"primaryImageOfPage":{"@id":"https:\/\/iffr.com\/nl\/iffr-2026-talks\/big-talk-film-kleber-mendon%c3%a7a-filho-carla-sim%c3%b3n-the-secret-agent#primaryimage"},"image":{"@id":"https:\/\/iffr.com\/nl\/iffr-2026-talks\/big-talk-film-kleber-mendon%c3%a7a-filho-carla-sim%c3%b3n-the-secret-agent#primaryimage"},"thumbnailUrl":"https:\/\/iffr.com\/nl\/wp-content\/uploads\/2026\/01\/0ed10c09-9fc3-4625-8f15-be6172e6b2e0.jpg?image-crop-positioner-ts=1768346134","datePublished":"2026-01-14T10:36:30+00:00","dateModified":"2026-01-30T15:22:57+00:00","breadcrumb":{"@id":"https:\/\/iffr.com\/nl\/iffr-2026-talks\/big-talk-film-kleber-mendon%c3%a7a-filho-carla-sim%c3%b3n-the-secret-agent#breadcrumb"},"inLanguage":"nl-NL","potentialAction":[{"@type":"ReadAction","target":["https:\/\/iffr.com\/nl\/iffr-2026-talks\/big-talk-film-kleber-mendon%c3%a7a-filho-carla-sim%c3%b3n-the-secret-agent"]}]},{"@type":"ImageObject","inLanguage":"nl-NL","@id":"https:\/\/iffr.com\/nl\/iffr-2026-talks\/big-talk-film-kleber-mendon%c3%a7a-filho-carla-sim%c3%b3n-the-secret-agent#primaryimage","url":"https:\/\/iffr.com\/nl\/wp-content\/uploads\/2026\/01\/0ed10c09-9fc3-4625-8f15-be6172e6b2e0.jpg?image-crop-positioner-ts=1768346134","contentUrl":"https:\/\/iffr.com\/nl\/wp-content\/uploads\/2026\/01\/0ed10c09-9fc3-4625-8f15-be6172e6b2e0.jpg?image-crop-positioner-ts=1768346134","width":1908,"height":1073},{"@type":"BreadcrumbList","@id":"https:\/\/iffr.com\/nl\/iffr-2026-talks\/big-talk-film-kleber-mendon%c3%a7a-filho-carla-sim%c3%b3n-the-secret-agent#breadcrumb","itemListElement":[{"@type":"ListItem","position":1,"name":"Home","item":"https:\/\/iffr.com\/nl\/"},{"@type":"ListItem","position":2,"name":"IFFR 2026 Talks","item":"https:\/\/iffr.com\/nl\/iffr-2026-talks"},{"@type":"ListItem","position":3,"name":"Big Talk + Film: Kleber Mendon\u00e7a Filho &#038; Carla Sim\u00f3n + The Secret Agent"}]},{"@type":"WebSite","@id":"https:\/\/iffr.com\/nl\/#website","url":"https:\/\/iffr.com\/nl\/","name":"IFFR","description":"","potentialAction":[{"@type":"SearchAction","target":{"@type":"EntryPoint","urlTemplate":"https:\/\/iffr.com\/nl\/?s={search_term_string}"},"query-input":{"@type":"PropertyValueSpecification","valueRequired":true,"valueName":"search_term_string"}}],"inLanguage":"nl-NL"}]}},"_links":{"self":[{"href":"https:\/\/iffr.com\/nl\/wp-json\/wp\/v2\/pages\/217103","targetHints":{"allow":["GET"]}}],"collection":[{"href":"https:\/\/iffr.com\/nl\/wp-json\/wp\/v2\/pages"}],"about":[{"href":"https:\/\/iffr.com\/nl\/wp-json\/wp\/v2\/types\/page"}],"author":[{"embeddable":true,"href":"https:\/\/iffr.com\/nl\/wp-json\/wp\/v2\/users\/8"}],"replies":[{"embeddable":true,"href":"https:\/\/iffr.com\/nl\/wp-json\/wp\/v2\/comments?post=217103"}],"version-history":[{"count":7,"href":"https:\/\/iffr.com\/nl\/wp-json\/wp\/v2\/pages\/217103\/revisions"}],"predecessor-version":[{"id":224061,"href":"https:\/\/iffr.com\/nl\/wp-json\/wp\/v2\/pages\/217103\/revisions\/224061"}],"up":[{"embeddable":true,"href":"https:\/\/iffr.com\/nl\/wp-json\/wp\/v2\/pages\/199415"}],"wp:attachment":[{"href":"https:\/\/iffr.com\/nl\/wp-json\/wp\/v2\/media?parent=217103"}],"curies":[{"name":"wp","href":"https:\/\/api.w.org\/{rel}","templated":true}]}}