{"id":206098,"date":"2025-03-10T11:39:33","date_gmt":"2025-03-10T10:39:33","guid":{"rendered":"https:\/\/iffr.com\/nl\/?page_id=206098"},"modified":"2025-03-10T11:42:03","modified_gmt":"2025-03-10T10:42:03","slug":"voortgezet-onderwijs-workshop-long-take","status":"publish","type":"page","link":"https:\/\/iffr.com\/nl\/educatie\/voortgezet-onderwijs\/voortgezet-onderwijs-workshop-long-take","title":{"rendered":"Voortgezet onderwijs: workshop &#8220;Long take&#8221;"},"content":{"rendered":"\n<p>Tijdens de workshop \u201cLong take\u201d gaan de jongeren zelf aan de slag met het bedenken en opnemen van een korte filmsc\u00e8ne bestaande uit \u00e9\u00e9n lange take. De workshop begint met een stukje uitleg over verschillende shot types en de long take. De leerlingen bekijken een aantal voorbeelden uit de filmgeschiedenis en ontdekken wat er allemaal bij komt kijken wanneer je met deze vorm aan de slag gaat. Waarom zou een filmmaker voor deze techniek kiezen en wat is hiervoor nodig?<\/p>\n\n\n\n<p>Vervolgens stappen ze zelf in de rol van filmmaker. In groepjes bedenken ze hun eigen film(sc\u00e8ne) van 1-2 minuten, binnen de kaders van de opdracht. Ze krijgen inzicht in het proces van een filmmaker en denken na over de verschillende rollen die nodig zijn om hun film te laten slagen: van regie en camera tot script en acteurs. Goed samenwerken is hiervoor onmisbaar.<\/p>\n\n\n\n<p>In het tweede gedeelte van de workshop gaan de deelnemers hun sc\u00e8ne repeteren en opnemen op iPads. Ten slotte worden de films klassikaal teruggekeken en worden de jongeren gevraagd om op hun eigen werk en dat van de anderen te reflecteren.<\/p>\n\n\n\n<p>Deze workshop kan op zichzelf gevolgd worden of geboekt worden samen met een programma voor het VO en MBO. In dat geval zal er tijdens de workshop ook teruggekeken worden op het filmbezoek.<\/p>\n\n\n\n\n\n\t<div data-name=\"acf\/block-accordion\" class=\"aligncenter\" >\n\t\t<div class=\"flex flex-col gap-4 md:gap-6\">\n\t\t\t\n\t\t\t\n<ul data-component=\"accordion\" class=\"flex flex-col gap-2\">\n\t\t\t<li>\n\t\t\t<details  class=\"rounded-lg group bg-base-300\">\n\t\t\t\t<summary class=\"flex items-center justify-between gap-2 p-4 list-none cursor-pointer md:py-6\">\n\t\t\t\t\t<h3 class=\"font-heading md:text-md\">\n\t\t\t\t\t\tPraktische informatie\n\t\t\t\t\t<\/h3>\n\n\t\t\t\t\t\t\t\t\t\t<svg class=\"transition group-open:rotate-90 shrink-0\" aria-hidden=\"true\" width=\"18\" height=\"18\" viewBox=\"0 0 18 18\" fill=\"none\" xmlns=\"http:\/\/www.w3.org\/2000\/svg\">\n\t\t\t\t\t\t<path d=\"M8.29688 0.5625H9.70312C9.82812 0.5625 9.89062 0.625 9.89062 0.75V17.25C9.89062 17.375 9.82812 17.4375 9.70312 17.4375H8.29688C8.17188 17.4375 8.10938 17.375 8.10938 17.25V0.75C8.10938 0.625 8.17188 0.5625 8.29688 0.5625Z\" fill=\"currentColor\"\/>\n\t\t\t\t\t\t<path class=\"transition group-open:opacity-0\" d=\"M1.125 8.10938H16.875C17 8.10938 17.0625 8.17188 17.0625 8.29688V9.70312C17.0625 9.82812 17 9.89062 16.875 9.89062H1.125C1 9.89062 0.9375 9.82812 0.9375 9.70312V8.29688C0.9375 8.17188 1 8.10938 1.125 8.10938Z\" fill=\"currentColor\"\/>\n\t\t\t\t\t<\/svg>\n\t\t\t\t<\/summary>\n\n\t\t\t\t<div class=\"px-4 pb-4 -mt-2 md:pb-6 ll-wysiwyg\">\n\t\t\t\t\t<p><span style=\"font-weight: 400;\">Kosten: \u20ac250 per klas (max 32 leerlingen)<br \/>\n<\/span><span style=\"font-weight: 400;\">Duur: +\/- 75 minuten<\/span><span style=\"font-weight: 400;\"><br \/>\n<\/span><span style=\"font-weight: 400;\">Locatie: in de klas<\/span><span style=\"font-weight: 400;\"><br \/>\n<\/span><span style=\"font-weight: 400;\">Benodigdheden: beeldscherm met geluid en laptopaansluiting, wifi<\/span><\/p>\n\n\t\t\t\t<\/div>\n\t\t\t<\/details>\n\t\t<\/li>\n\t<\/ul>\n\n\t\t\t\t\t<\/div>\n\t<\/div>\n\n\n\n\t<div data-name=\"acf\/block-cta\">\n\t\t<div data-component=\"cta\">\n\t<div class=\"relative flex flex-col gap-4 p-8 md:p-16 text-base bg-base-300 rounded-lg \">\n\t\t\t\t\t<h2 class=\"text-lg md:text-xl font-heading\">Aanmelden &#038; contact<\/h2>\n\t\t\n\t\t\t\t\t<div class=\"text-md md:text-lg\">\n\t\t\t\t<p>Enthousiast geworden? Via onderstaande knop kun je dit programma boeken voor jaarrond. Mocht je vragen hebben of meer informatie over onze educatieprogramma&#8217;s zoeken, neem dan contact op met het Educatie-team via education@IFFR.com. <\/p>\n\n\t\t\t<\/div>\n\t\t\n\t\t\t\t\t<ul class=\"flex flex-wrap w-auto gap-4\">\n\t\t\t\t\t\t\t\t\t<li class=\"flex items-stretch\">\n\t\t\t\t\t\t\t\t\t\t\t\t\n\n\n\n\n<a\n\tclass=\"group btn btn-primary  \"\n\t\t\thref=\"https:\/\/docs.google.com\/forms\/d\/e\/1FAIpQLSfeutY3AGpnfQYrUy8WyH1MkjbR0cVcD9Q1BdVOia-mhbOniw\/viewform?vc=0&amp;c=0&amp;w=1&amp;flr=0\"\n\t\t\t\ttarget=\"_blank\" rel=\"noopener\"\n\t\t\t\t\t\t\t\t\t\t\t\t\t>\n\t\n\t\t\t<span data-button-text>\n\t\t\tBoek je programma\n\n\t\t\t\t\t\t\t<span class=\"sr-only\">Opent in een nieuw venster<\/span>\n\t\t\t\t\t<\/span>\n\t\n\t\t\t\t\t\n\t\t\t\t\t<span class=\"transition-transform duration-300 group-hover:translate-x-2 group-focus-visible:translate-x-2 flex items-center justify-center w-[1em] h-[1em] icon group-expanded:hidden\" aria-hidden=\"true\">\n\t\t\t<svg width=\"24\" height=\"24\" viewBox=\"0 0 24 24\" fill=\"none\" xmlns=\"http:\/\/www.w3.org\/2000\/svg\"><path d=\"m23.575 13.022-8.639 8.638a1.442 1.442 0 0 1-2.04-2.04l6.18-6.177H1.44a1.44 1.44 0 0 1 0-2.88h17.637l-6.178-6.18a1.442 1.442 0 0 1 2.04-2.04l8.638 8.638a1.44 1.44 0 0 1-.002 2.04Z\" fill=\"currentColor\"\/><\/svg>\n\n\t\t<\/span>\n\n\t\t\t\n\t<\/a>\n\t\t\t\t\t<\/li>\n\t\t\t\t\t\t\t\t\t<li class=\"flex items-stretch\">\n\t\t\t\t\t\t\t\t\t\t\t\t\n\n\n\n\n<a\n\tclass=\"group btn btn-secondary  \"\n\t\t\thref=\"mailto:education@iffr.com\"\n\t\t\t\ttarget=\"_blank\" rel=\"noopener\"\n\t\t\t\t\t\t\t\t\t\t\t\t\t>\n\t\n\t\t\t<span data-button-text>\n\t\t\tContact\n\n\t\t\t\t\t\t\t<span class=\"sr-only\">Opent in een nieuw venster<\/span>\n\t\t\t\t\t<\/span>\n\t\n\t\t\t\t\t\n\t\t\t\t\t<span class=\"transition-transform duration-300 group-hover:translate-x-2 group-focus-visible:translate-x-2 flex items-center justify-center w-[1em] h-[1em] icon group-expanded:hidden\" aria-hidden=\"true\">\n\t\t\t<svg width=\"24\" height=\"24\" viewBox=\"0 0 24 24\" fill=\"none\" xmlns=\"http:\/\/www.w3.org\/2000\/svg\"><path d=\"m23.575 13.022-8.639 8.638a1.442 1.442 0 0 1-2.04-2.04l6.18-6.177H1.44a1.44 1.44 0 0 1 0-2.88h17.637l-6.178-6.18a1.442 1.442 0 0 1 2.04-2.04l8.638 8.638a1.44 1.44 0 0 1-.002 2.04Z\" fill=\"currentColor\"\/><\/svg>\n\n\t\t<\/span>\n\n\t\t\t\n\t<\/a>\n\t\t\t\t\t<\/li>\n\t\t\t\t\t\t\t<\/ul>\n\t\t\t<\/div>\n\n\t<\/div>\n\t<\/div>\n","protected":false},"excerpt":{"rendered":"<p>Tijdens de workshop \u201cLong take\u201d gaan de jongeren zelf aan de slag met het bedenken en opnemen van een korte filmsc\u00e8ne bestaande uit \u00e9\u00e9n lange take. De workshop begint met een stukje uitleg over verschillende shot types en de long take. De leerlingen bekijken een aantal voorbeelden uit de filmgeschiedenis en ontdekken wat er allemaal [&hellip;]<\/p>\n","protected":false},"author":8,"featured_media":0,"parent":78260,"menu_order":0,"comment_status":"closed","ping_status":"closed","template":"","meta":{"_acf_changed":false,"editor_notices":[],"footnotes":""},"class_list":["post-206098","page","type-page","status-publish","hentry"],"acf":[],"yoast_head":"<!-- This site is optimized with the Yoast SEO plugin v27.3 - https:\/\/yoast.com\/product\/yoast-seo-wordpress\/ -->\n<title>Voortgezet onderwijs: workshop &quot;Long take&quot; - IFFR<\/title>\n<meta name=\"robots\" content=\"index, follow, max-snippet:-1, max-image-preview:large, max-video-preview:-1\" \/>\n<link rel=\"canonical\" href=\"https:\/\/iffr.com\/nl\/educatie\/voortgezet-onderwijs\/voortgezet-onderwijs-workshop-long-take\" \/>\n<meta property=\"og:locale\" content=\"nl_NL\" \/>\n<meta property=\"og:type\" content=\"article\" \/>\n<meta property=\"og:title\" content=\"Voortgezet onderwijs: workshop &quot;Long take&quot; - IFFR\" \/>\n<meta property=\"og:description\" content=\"Tijdens de workshop \u201cLong take\u201d gaan de jongeren zelf aan de slag met het bedenken en opnemen van een korte filmsc\u00e8ne bestaande uit \u00e9\u00e9n lange take. De workshop begint met een stukje uitleg over verschillende shot types en de long take. De leerlingen bekijken een aantal voorbeelden uit de filmgeschiedenis en ontdekken wat er allemaal [&hellip;]\" \/>\n<meta property=\"og:url\" content=\"https:\/\/iffr.com\/nl\/educatie\/voortgezet-onderwijs\/voortgezet-onderwijs-workshop-long-take\" \/>\n<meta property=\"og:site_name\" content=\"IFFR\" \/>\n<meta property=\"article:modified_time\" content=\"2025-03-10T10:42:03+00:00\" \/>\n<meta name=\"twitter:card\" content=\"summary_large_image\" \/>\n<meta name=\"twitter:label1\" content=\"Geschatte leestijd\" \/>\n\t<meta name=\"twitter:data1\" content=\"2 minuten\" \/>\n<script type=\"application\/ld+json\" class=\"yoast-schema-graph\">{\"@context\":\"https:\\\/\\\/schema.org\",\"@graph\":[{\"@type\":\"WebPage\",\"@id\":\"https:\\\/\\\/iffr.com\\\/nl\\\/educatie\\\/voortgezet-onderwijs\\\/voortgezet-onderwijs-workshop-long-take\",\"url\":\"https:\\\/\\\/iffr.com\\\/nl\\\/educatie\\\/voortgezet-onderwijs\\\/voortgezet-onderwijs-workshop-long-take\",\"name\":\"Voortgezet onderwijs: workshop \\\"Long take\\\" - IFFR\",\"isPartOf\":{\"@id\":\"https:\\\/\\\/iffr.com\\\/nl\\\/#website\"},\"datePublished\":\"2025-03-10T10:39:33+00:00\",\"dateModified\":\"2025-03-10T10:42:03+00:00\",\"breadcrumb\":{\"@id\":\"https:\\\/\\\/iffr.com\\\/nl\\\/educatie\\\/voortgezet-onderwijs\\\/voortgezet-onderwijs-workshop-long-take#breadcrumb\"},\"inLanguage\":\"nl-NL\",\"potentialAction\":[{\"@type\":\"ReadAction\",\"target\":[\"https:\\\/\\\/iffr.com\\\/nl\\\/educatie\\\/voortgezet-onderwijs\\\/voortgezet-onderwijs-workshop-long-take\"]}]},{\"@type\":\"BreadcrumbList\",\"@id\":\"https:\\\/\\\/iffr.com\\\/nl\\\/educatie\\\/voortgezet-onderwijs\\\/voortgezet-onderwijs-workshop-long-take#breadcrumb\",\"itemListElement\":[{\"@type\":\"ListItem\",\"position\":1,\"name\":\"Home\",\"item\":\"https:\\\/\\\/iffr.com\\\/nl\\\/\"},{\"@type\":\"ListItem\",\"position\":2,\"name\":\"Educatie\",\"item\":\"https:\\\/\\\/iffr.com\\\/nl\\\/educatie\"},{\"@type\":\"ListItem\",\"position\":3,\"name\":\"Voortgezet onderwijs\",\"item\":\"https:\\\/\\\/iffr.com\\\/nl\\\/educatie\\\/voortgezet-onderwijs\"},{\"@type\":\"ListItem\",\"position\":4,\"name\":\"Voortgezet onderwijs: workshop &#8220;Long take&#8221;\"}]},{\"@type\":\"WebSite\",\"@id\":\"https:\\\/\\\/iffr.com\\\/nl\\\/#website\",\"url\":\"https:\\\/\\\/iffr.com\\\/nl\\\/\",\"name\":\"IFFR\",\"description\":\"\",\"potentialAction\":[{\"@type\":\"SearchAction\",\"target\":{\"@type\":\"EntryPoint\",\"urlTemplate\":\"https:\\\/\\\/iffr.com\\\/nl\\\/?s={search_term_string}\"},\"query-input\":{\"@type\":\"PropertyValueSpecification\",\"valueRequired\":true,\"valueName\":\"search_term_string\"}}],\"inLanguage\":\"nl-NL\"}]}<\/script>\n<!-- \/ Yoast SEO plugin. -->","yoast_head_json":{"title":"Voortgezet onderwijs: workshop \"Long take\" - IFFR","robots":{"index":"index","follow":"follow","max-snippet":"max-snippet:-1","max-image-preview":"max-image-preview:large","max-video-preview":"max-video-preview:-1"},"canonical":"https:\/\/iffr.com\/nl\/educatie\/voortgezet-onderwijs\/voortgezet-onderwijs-workshop-long-take","og_locale":"nl_NL","og_type":"article","og_title":"Voortgezet onderwijs: workshop \"Long take\" - IFFR","og_description":"Tijdens de workshop \u201cLong take\u201d gaan de jongeren zelf aan de slag met het bedenken en opnemen van een korte filmsc\u00e8ne bestaande uit \u00e9\u00e9n lange take. De workshop begint met een stukje uitleg over verschillende shot types en de long take. De leerlingen bekijken een aantal voorbeelden uit de filmgeschiedenis en ontdekken wat er allemaal [&hellip;]","og_url":"https:\/\/iffr.com\/nl\/educatie\/voortgezet-onderwijs\/voortgezet-onderwijs-workshop-long-take","og_site_name":"IFFR","article_modified_time":"2025-03-10T10:42:03+00:00","twitter_card":"summary_large_image","twitter_misc":{"Geschatte leestijd":"2 minuten"},"schema":{"@context":"https:\/\/schema.org","@graph":[{"@type":"WebPage","@id":"https:\/\/iffr.com\/nl\/educatie\/voortgezet-onderwijs\/voortgezet-onderwijs-workshop-long-take","url":"https:\/\/iffr.com\/nl\/educatie\/voortgezet-onderwijs\/voortgezet-onderwijs-workshop-long-take","name":"Voortgezet onderwijs: workshop \"Long take\" - IFFR","isPartOf":{"@id":"https:\/\/iffr.com\/nl\/#website"},"datePublished":"2025-03-10T10:39:33+00:00","dateModified":"2025-03-10T10:42:03+00:00","breadcrumb":{"@id":"https:\/\/iffr.com\/nl\/educatie\/voortgezet-onderwijs\/voortgezet-onderwijs-workshop-long-take#breadcrumb"},"inLanguage":"nl-NL","potentialAction":[{"@type":"ReadAction","target":["https:\/\/iffr.com\/nl\/educatie\/voortgezet-onderwijs\/voortgezet-onderwijs-workshop-long-take"]}]},{"@type":"BreadcrumbList","@id":"https:\/\/iffr.com\/nl\/educatie\/voortgezet-onderwijs\/voortgezet-onderwijs-workshop-long-take#breadcrumb","itemListElement":[{"@type":"ListItem","position":1,"name":"Home","item":"https:\/\/iffr.com\/nl\/"},{"@type":"ListItem","position":2,"name":"Educatie","item":"https:\/\/iffr.com\/nl\/educatie"},{"@type":"ListItem","position":3,"name":"Voortgezet onderwijs","item":"https:\/\/iffr.com\/nl\/educatie\/voortgezet-onderwijs"},{"@type":"ListItem","position":4,"name":"Voortgezet onderwijs: workshop &#8220;Long take&#8221;"}]},{"@type":"WebSite","@id":"https:\/\/iffr.com\/nl\/#website","url":"https:\/\/iffr.com\/nl\/","name":"IFFR","description":"","potentialAction":[{"@type":"SearchAction","target":{"@type":"EntryPoint","urlTemplate":"https:\/\/iffr.com\/nl\/?s={search_term_string}"},"query-input":{"@type":"PropertyValueSpecification","valueRequired":true,"valueName":"search_term_string"}}],"inLanguage":"nl-NL"}]}},"_links":{"self":[{"href":"https:\/\/iffr.com\/nl\/wp-json\/wp\/v2\/pages\/206098","targetHints":{"allow":["GET"]}}],"collection":[{"href":"https:\/\/iffr.com\/nl\/wp-json\/wp\/v2\/pages"}],"about":[{"href":"https:\/\/iffr.com\/nl\/wp-json\/wp\/v2\/types\/page"}],"author":[{"embeddable":true,"href":"https:\/\/iffr.com\/nl\/wp-json\/wp\/v2\/users\/8"}],"replies":[{"embeddable":true,"href":"https:\/\/iffr.com\/nl\/wp-json\/wp\/v2\/comments?post=206098"}],"version-history":[{"count":2,"href":"https:\/\/iffr.com\/nl\/wp-json\/wp\/v2\/pages\/206098\/revisions"}],"predecessor-version":[{"id":206102,"href":"https:\/\/iffr.com\/nl\/wp-json\/wp\/v2\/pages\/206098\/revisions\/206102"}],"up":[{"embeddable":true,"href":"https:\/\/iffr.com\/nl\/wp-json\/wp\/v2\/pages\/78260"}],"wp:attachment":[{"href":"https:\/\/iffr.com\/nl\/wp-json\/wp\/v2\/media?parent=206098"}],"curies":[{"name":"wp","href":"https:\/\/api.w.org\/{rel}","templated":true}]}}