{"id":201927,"date":"2025-01-16T22:20:17","date_gmt":"2025-01-16T21:20:17","guid":{"rendered":"https:\/\/iffr.com\/nl\/?page_id=201927"},"modified":"2025-01-16T22:23:09","modified_gmt":"2025-01-16T21:23:09","slug":"film-talk-the-brutalist-robby-m%c3%bcller-award-lol-crawley","status":"publish","type":"page","link":"https:\/\/iffr.com\/nl\/film-talk-the-brutalist-robby-m%c3%bcller-award-lol-crawley","title":{"rendered":"Film + Talk: The Brutalist + Robby M\u00fcller Award: Lol Crawley"},"content":{"rendered":"<figure class=\"wp-block-post-featured-image\"><img loading=\"lazy\" decoding=\"async\" width=\"2560\" height=\"1440\" src=\"https:\/\/iffr.com\/nl\/wp-content\/uploads\/2024\/11\/Lol-Crawley-scaled-edited.jpg?image-crop-positioner-ts=1732205411\" class=\"attachment-post-thumbnail size-post-thumbnail wp-post-image\" alt=\"\" style=\"object-fit:cover;\" srcset=\"https:\/\/iffr.com\/nl\/wp-content\/uploads\/2024\/11\/Lol-Crawley-scaled-edited.jpg?image-crop-positioner-ts=1732205411 2560w, https:\/\/iffr.com\/nl\/wp-content\/uploads\/2024\/11\/Lol-Crawley-scaled-edited-288x162.jpg?image-crop-positioner-ts=1732205411 288w, https:\/\/iffr.com\/nl\/wp-content\/uploads\/2024\/11\/Lol-Crawley-scaled-edited-432x243.jpg?image-crop-positioner-ts=1732205411 432w, https:\/\/iffr.com\/nl\/wp-content\/uploads\/2024\/11\/Lol-Crawley-scaled-edited-832x468.jpg?image-crop-positioner-ts=1732205411 832w, https:\/\/iffr.com\/nl\/wp-content\/uploads\/2024\/11\/Lol-Crawley-scaled-edited-1296x729.jpg?image-crop-positioner-ts=1732205411 1296w\" sizes=\"auto, (max-width: 2560px) 100vw, 2560px\" \/><\/figure>\n\n\n<p>De Britse cinematograaf Lol Crawley is de winnaar van de zesde Robby M\u00fcller Award, een jaarlijkse prijs in samenwerking met de Nederlandse Vereniging van Cinematografen (NSC) en Andrea M\u00fcller-Schirmer, de vrouw van wijlen Robby M\u00fcller. De prijs is een eerbetoon aan hedendaagse kunstenaars achter de lens die, in de geest van de gevierde Nederlandse cinematograaf, een opvallende visuele taal hebben gecre\u00eberd in hun werk. Lol Crawley, BSC (1974) is een bekroonde director of photography met meer dan 25 jaar ervaring in film en televisie, recent het meest bekend van Brady Corbets epische naoorlogse drama\u00a0<strong><a href=\"https:\/\/iffr.com\/en\/iffr\/2025\/films\/the-brutalist\">The Brutalist<\/a><\/strong>\u00a0(IFFR, 2025), dat zijn Nederlandse premi\u00e8re beleeft op IFFR.<\/p>\n\n\n\n<p>Tijdens de Talk, gemodereerd door schrijver en filmcriticus Peter Bradshaw, zal Crawley ingaan op zijn cinematografische benadering, zijn inspiratiebronnen en een aantal werken uit zijn uitgebreide oeuvre.<\/p>\n\n\n\n<p>Brady Corbets indrukwekkende drama The Brutalist volgt een Hongaarse architect na zijn aankomst in de VS aan het einde van de Tweede Wereldoorlog. De film verkent de impact van collectief trauma, de transformerende kracht van kunst en de schadelijke gevolgen van ongebreideld kapitalisme. <\/p>\n\n\n\n<p>Koop hieronder je kaartje voor de filmvertoning + de Talk.<\/p>\n\n\n\n\t<div data-name=\"acf\/block-buttons\" class=\"align\">\n\t\t\n\t\t<ul class=\"flex flex-wrap gap-2 md:gap-6\">\n\t\t\t\t\t\t\t<li>\n\t\t\t\t\t\t\t\t\t\t\n\n\n\n\n<a\n\tclass=\"group btn btn-primary  \"\n\t\t\thref=\"https:\/\/tickets.iffr.com\/mtTicket\/pack\/10188?stlt=iffr\"\n\t\t\t\t\t\t\t\t\t\t\t\t\t\t>\n\t\n\t\t\t<span data-button-text>\n\t\t\tTickets \u2013 Film + Talk\n\n\t\t\t\t\t<\/span>\n\t\n\t\t\t\t\t\n\t\t\t\t\t<span class=\"transition-transform duration-300 group-hover:rotate-45 group-focus-visible:rotate-45 flex items-center justify-center w-[1em] h-[1em] icon group-expanded:hidden\" aria-hidden=\"true\">\n\t\t\t<svg width=\"16\" height=\"16\" viewBox=\"0 0 16 16\" fill=\"none\" xmlns=\"http:\/\/www.w3.org\/2000\/svg\"><path d=\"M14.667 2.386v9.122a1.053 1.053 0 0 1-2.105 0V4.93l-9.43 9.428a1.054 1.054 0 1 1-1.49-1.491l9.429-9.429H4.493a1.052 1.052 0 0 1 0-2.105h9.121a1.053 1.053 0 0 1 1.053 1.053Z\" fill=\"currentColor\"\/><\/svg>\n\n\t\t<\/span>\n\n\t\t\t\n\t<\/a>\n\t\t\t\t<\/li>\n\t\t\t\t\t<\/ul>\n\t<\/div>\n\n\n\n<p><\/p>\n","protected":false},"excerpt":{"rendered":"<p>De Britse cinematograaf Lol Crawley is de winnaar van de zesde Robby M\u00fcller Award, een jaarlijkse prijs in samenwerking met de Nederlandse Vereniging van Cinematografen (NSC) en Andrea M\u00fcller-Schirmer, de vrouw van wijlen Robby M\u00fcller. De prijs is een eerbetoon aan hedendaagse kunstenaars achter de lens die, in de geest van de gevierde Nederlandse cinematograaf, [&hellip;]<\/p>\n","protected":false},"author":2753,"featured_media":186523,"parent":0,"menu_order":0,"comment_status":"closed","ping_status":"closed","template":"","meta":{"_acf_changed":false,"editor_notices":[],"footnotes":""},"class_list":["post-201927","page","type-page","status-publish","has-post-thumbnail","hentry"],"acf":[],"yoast_head":"<!-- This site is optimized with the Yoast SEO plugin v27.3 - https:\/\/yoast.com\/product\/yoast-seo-wordpress\/ -->\n<title>Film + Talk: The Brutalist + Robby M\u00fcller Award: Lol Crawley - IFFR<\/title>\n<meta name=\"robots\" content=\"index, follow, max-snippet:-1, max-image-preview:large, max-video-preview:-1\" \/>\n<link rel=\"canonical\" href=\"https:\/\/iffr.com\/nl\/film-talk-the-brutalist-robby-m\u00fcller-award-lol-crawley\" \/>\n<meta property=\"og:locale\" content=\"nl_NL\" \/>\n<meta property=\"og:type\" content=\"article\" \/>\n<meta property=\"og:title\" content=\"Film + Talk: The Brutalist + Robby M\u00fcller Award: Lol Crawley - IFFR\" \/>\n<meta property=\"og:description\" content=\"De Britse cinematograaf Lol Crawley is de winnaar van de zesde Robby M\u00fcller Award, een jaarlijkse prijs in samenwerking met de Nederlandse Vereniging van Cinematografen (NSC) en Andrea M\u00fcller-Schirmer, de vrouw van wijlen Robby M\u00fcller. De prijs is een eerbetoon aan hedendaagse kunstenaars achter de lens die, in de geest van de gevierde Nederlandse cinematograaf, [&hellip;]\" \/>\n<meta property=\"og:url\" content=\"https:\/\/iffr.com\/nl\/film-talk-the-brutalist-robby-m\u00fcller-award-lol-crawley\" \/>\n<meta property=\"og:site_name\" content=\"IFFR\" \/>\n<meta property=\"article:modified_time\" content=\"2025-01-16T21:23:09+00:00\" \/>\n<meta property=\"og:image\" content=\"https:\/\/iffr.com\/nl\/wp-content\/uploads\/2024\/11\/Lol-Crawley-scaled-edited.jpg?image-crop-positioner-ts=1732205411\" \/>\n\t<meta property=\"og:image:width\" content=\"2560\" \/>\n\t<meta property=\"og:image:height\" content=\"1440\" \/>\n\t<meta property=\"og:image:type\" content=\"image\/jpeg\" \/>\n<meta name=\"twitter:card\" content=\"summary_large_image\" \/>\n<meta name=\"twitter:label1\" content=\"Geschatte leestijd\" \/>\n\t<meta name=\"twitter:data1\" content=\"2 minuten\" \/>\n<script type=\"application\/ld+json\" class=\"yoast-schema-graph\">{\"@context\":\"https:\\\/\\\/schema.org\",\"@graph\":[{\"@type\":\"WebPage\",\"@id\":\"https:\\\/\\\/iffr.com\\\/nl\\\/film-talk-the-brutalist-robby-m%c3%bcller-award-lol-crawley\",\"url\":\"https:\\\/\\\/iffr.com\\\/nl\\\/film-talk-the-brutalist-robby-m%c3%bcller-award-lol-crawley\",\"name\":\"Film + Talk: The Brutalist + Robby M\u00fcller Award: Lol Crawley - IFFR\",\"isPartOf\":{\"@id\":\"https:\\\/\\\/iffr.com\\\/nl\\\/#website\"},\"primaryImageOfPage\":{\"@id\":\"https:\\\/\\\/iffr.com\\\/nl\\\/film-talk-the-brutalist-robby-m%c3%bcller-award-lol-crawley#primaryimage\"},\"image\":{\"@id\":\"https:\\\/\\\/iffr.com\\\/nl\\\/film-talk-the-brutalist-robby-m%c3%bcller-award-lol-crawley#primaryimage\"},\"thumbnailUrl\":\"https:\\\/\\\/iffr.com\\\/nl\\\/wp-content\\\/uploads\\\/2024\\\/11\\\/Lol-Crawley-scaled-edited.jpg?image-crop-positioner-ts=1732205411\",\"datePublished\":\"2025-01-16T21:20:17+00:00\",\"dateModified\":\"2025-01-16T21:23:09+00:00\",\"breadcrumb\":{\"@id\":\"https:\\\/\\\/iffr.com\\\/nl\\\/film-talk-the-brutalist-robby-m%c3%bcller-award-lol-crawley#breadcrumb\"},\"inLanguage\":\"nl-NL\",\"potentialAction\":[{\"@type\":\"ReadAction\",\"target\":[\"https:\\\/\\\/iffr.com\\\/nl\\\/film-talk-the-brutalist-robby-m%c3%bcller-award-lol-crawley\"]}]},{\"@type\":\"ImageObject\",\"inLanguage\":\"nl-NL\",\"@id\":\"https:\\\/\\\/iffr.com\\\/nl\\\/film-talk-the-brutalist-robby-m%c3%bcller-award-lol-crawley#primaryimage\",\"url\":\"https:\\\/\\\/iffr.com\\\/nl\\\/wp-content\\\/uploads\\\/2024\\\/11\\\/Lol-Crawley-scaled-edited.jpg?image-crop-positioner-ts=1732205411\",\"contentUrl\":\"https:\\\/\\\/iffr.com\\\/nl\\\/wp-content\\\/uploads\\\/2024\\\/11\\\/Lol-Crawley-scaled-edited.jpg?image-crop-positioner-ts=1732205411\",\"width\":2560,\"height\":1440,\"caption\":\"Lol Crawley, 2025 Robby M\u00fcller Award recipient\"},{\"@type\":\"BreadcrumbList\",\"@id\":\"https:\\\/\\\/iffr.com\\\/nl\\\/film-talk-the-brutalist-robby-m%c3%bcller-award-lol-crawley#breadcrumb\",\"itemListElement\":[{\"@type\":\"ListItem\",\"position\":1,\"name\":\"Home\",\"item\":\"https:\\\/\\\/iffr.com\\\/nl\\\/\"},{\"@type\":\"ListItem\",\"position\":2,\"name\":\"Film + Talk: The Brutalist + Robby M\u00fcller Award: Lol Crawley\"}]},{\"@type\":\"WebSite\",\"@id\":\"https:\\\/\\\/iffr.com\\\/nl\\\/#website\",\"url\":\"https:\\\/\\\/iffr.com\\\/nl\\\/\",\"name\":\"IFFR\",\"description\":\"\",\"potentialAction\":[{\"@type\":\"SearchAction\",\"target\":{\"@type\":\"EntryPoint\",\"urlTemplate\":\"https:\\\/\\\/iffr.com\\\/nl\\\/?s={search_term_string}\"},\"query-input\":{\"@type\":\"PropertyValueSpecification\",\"valueRequired\":true,\"valueName\":\"search_term_string\"}}],\"inLanguage\":\"nl-NL\"}]}<\/script>\n<!-- \/ Yoast SEO plugin. -->","yoast_head_json":{"title":"Film + Talk: The Brutalist + Robby M\u00fcller Award: Lol Crawley - IFFR","robots":{"index":"index","follow":"follow","max-snippet":"max-snippet:-1","max-image-preview":"max-image-preview:large","max-video-preview":"max-video-preview:-1"},"canonical":"https:\/\/iffr.com\/nl\/film-talk-the-brutalist-robby-m\u00fcller-award-lol-crawley","og_locale":"nl_NL","og_type":"article","og_title":"Film + Talk: The Brutalist + Robby M\u00fcller Award: Lol Crawley - IFFR","og_description":"De Britse cinematograaf Lol Crawley is de winnaar van de zesde Robby M\u00fcller Award, een jaarlijkse prijs in samenwerking met de Nederlandse Vereniging van Cinematografen (NSC) en Andrea M\u00fcller-Schirmer, de vrouw van wijlen Robby M\u00fcller. De prijs is een eerbetoon aan hedendaagse kunstenaars achter de lens die, in de geest van de gevierde Nederlandse cinematograaf, [&hellip;]","og_url":"https:\/\/iffr.com\/nl\/film-talk-the-brutalist-robby-m\u00fcller-award-lol-crawley","og_site_name":"IFFR","article_modified_time":"2025-01-16T21:23:09+00:00","og_image":[{"width":2560,"height":1440,"url":"https:\/\/iffr.com\/nl\/wp-content\/uploads\/2024\/11\/Lol-Crawley-scaled-edited.jpg?image-crop-positioner-ts=1732205411","type":"image\/jpeg"}],"twitter_card":"summary_large_image","twitter_misc":{"Geschatte leestijd":"2 minuten"},"schema":{"@context":"https:\/\/schema.org","@graph":[{"@type":"WebPage","@id":"https:\/\/iffr.com\/nl\/film-talk-the-brutalist-robby-m%c3%bcller-award-lol-crawley","url":"https:\/\/iffr.com\/nl\/film-talk-the-brutalist-robby-m%c3%bcller-award-lol-crawley","name":"Film + Talk: The Brutalist + Robby M\u00fcller Award: Lol Crawley - IFFR","isPartOf":{"@id":"https:\/\/iffr.com\/nl\/#website"},"primaryImageOfPage":{"@id":"https:\/\/iffr.com\/nl\/film-talk-the-brutalist-robby-m%c3%bcller-award-lol-crawley#primaryimage"},"image":{"@id":"https:\/\/iffr.com\/nl\/film-talk-the-brutalist-robby-m%c3%bcller-award-lol-crawley#primaryimage"},"thumbnailUrl":"https:\/\/iffr.com\/nl\/wp-content\/uploads\/2024\/11\/Lol-Crawley-scaled-edited.jpg?image-crop-positioner-ts=1732205411","datePublished":"2025-01-16T21:20:17+00:00","dateModified":"2025-01-16T21:23:09+00:00","breadcrumb":{"@id":"https:\/\/iffr.com\/nl\/film-talk-the-brutalist-robby-m%c3%bcller-award-lol-crawley#breadcrumb"},"inLanguage":"nl-NL","potentialAction":[{"@type":"ReadAction","target":["https:\/\/iffr.com\/nl\/film-talk-the-brutalist-robby-m%c3%bcller-award-lol-crawley"]}]},{"@type":"ImageObject","inLanguage":"nl-NL","@id":"https:\/\/iffr.com\/nl\/film-talk-the-brutalist-robby-m%c3%bcller-award-lol-crawley#primaryimage","url":"https:\/\/iffr.com\/nl\/wp-content\/uploads\/2024\/11\/Lol-Crawley-scaled-edited.jpg?image-crop-positioner-ts=1732205411","contentUrl":"https:\/\/iffr.com\/nl\/wp-content\/uploads\/2024\/11\/Lol-Crawley-scaled-edited.jpg?image-crop-positioner-ts=1732205411","width":2560,"height":1440,"caption":"Lol Crawley, 2025 Robby M\u00fcller Award recipient"},{"@type":"BreadcrumbList","@id":"https:\/\/iffr.com\/nl\/film-talk-the-brutalist-robby-m%c3%bcller-award-lol-crawley#breadcrumb","itemListElement":[{"@type":"ListItem","position":1,"name":"Home","item":"https:\/\/iffr.com\/nl\/"},{"@type":"ListItem","position":2,"name":"Film + Talk: The Brutalist + Robby M\u00fcller Award: Lol Crawley"}]},{"@type":"WebSite","@id":"https:\/\/iffr.com\/nl\/#website","url":"https:\/\/iffr.com\/nl\/","name":"IFFR","description":"","potentialAction":[{"@type":"SearchAction","target":{"@type":"EntryPoint","urlTemplate":"https:\/\/iffr.com\/nl\/?s={search_term_string}"},"query-input":{"@type":"PropertyValueSpecification","valueRequired":true,"valueName":"search_term_string"}}],"inLanguage":"nl-NL"}]}},"_links":{"self":[{"href":"https:\/\/iffr.com\/nl\/wp-json\/wp\/v2\/pages\/201927","targetHints":{"allow":["GET"]}}],"collection":[{"href":"https:\/\/iffr.com\/nl\/wp-json\/wp\/v2\/pages"}],"about":[{"href":"https:\/\/iffr.com\/nl\/wp-json\/wp\/v2\/types\/page"}],"author":[{"embeddable":true,"href":"https:\/\/iffr.com\/nl\/wp-json\/wp\/v2\/users\/2753"}],"replies":[{"embeddable":true,"href":"https:\/\/iffr.com\/nl\/wp-json\/wp\/v2\/comments?post=201927"}],"version-history":[{"count":1,"href":"https:\/\/iffr.com\/nl\/wp-json\/wp\/v2\/pages\/201927\/revisions"}],"predecessor-version":[{"id":201928,"href":"https:\/\/iffr.com\/nl\/wp-json\/wp\/v2\/pages\/201927\/revisions\/201928"}],"wp:featuredmedia":[{"embeddable":true,"href":"https:\/\/iffr.com\/nl\/wp-json\/wp\/v2\/media\/186523"}],"wp:attachment":[{"href":"https:\/\/iffr.com\/nl\/wp-json\/wp\/v2\/media?parent=201927"}],"curies":[{"name":"wp","href":"https:\/\/api.w.org\/{rel}","templated":true}]}}