{"id":85772,"date":"2024-05-16T15:03:00","date_gmt":"2024-05-16T13:03:00","guid":{"rendered":"https:\/\/iffr.com\/en\/?page_id=85772"},"modified":"2026-02-06T18:15:11","modified_gmt":"2026-02-06T17:15:11","slug":"fipresci-award","status":"publish","type":"page","link":"https:\/\/iffr.com\/en\/awards-competitions\/fipresci-award","title":{"rendered":"FIPRESCI Award"},"content":{"rendered":"\n<p>The FIPRESCI Award<strong> <\/strong>is currently given to a film in the Tiger Competition. The jury assembles members of the F\u00e9d\u00e9ration Internationale de la Presse Cin\u00e9matographique (FIPRESCI), which consists of international film journalists.<\/p>\n\n\n\n<h2 class=\"wp-block-heading\">FIPRESCI Award winner 2026<\/h2>\n\n\n\n<ul class=\"wp-block-list\">\n<li><strong>Supporting Role <\/strong>by Ana Urushadze <em>(Georgia, Estonia, Turkey, Switzerland, United States)<\/em><\/li>\n<\/ul>\n\n\n\n<figure class=\"wp-block-image size-full\"><img decoding=\"async\" src=\"https:\/\/iffr.com\/nl\/wp-content\/uploads\/2026\/02\/Supporting_Role_Film_still_1-scaled.jpg?image-crop-positioner-ts=1770397670\" alt=\"\" class=\"wp-image-225037\"\/><\/figure>\n\n\n\n<h2 class=\"wp-block-heading\">The IFFR 2026 FIPRESCI jury<\/h2>\n\n\n\n<ul class=\"wp-block-list\">\n<li>Jenny S. Li<\/li>\n\n\n\n<li>Dina Pokrajac<\/li>\n\n\n\n<li>Joyce Roodnat<\/li>\n\n\n\n<li>Gustavo Herrera Taboada <\/li>\n\n\n\n<li>Jake Wilson<\/li>\n<\/ul>\n\n\n\n<p>The winner of the IFFR 2026 FIPRESCI Award will be announced during the Awards Ceremony on Friday 6 February.<\/p>\n\n\n\n<h2 class=\"wp-block-heading\">Past winners<\/h2>\n\n\n\n<h3 class=\"wp-block-heading\">2025<\/h3>\n\n\n\n<p><strong><a href=\"https:\/\/iffr.com\/en\/iffr\/2025\/films\/fiume-o-morte\">Fiume o morte!<\/a><\/strong> by Igor Bezinovi\u0107<\/p>\n\n\n\n<h3 class=\"wp-block-heading\">2024<\/h3>\n\n\n\n<p><strong><a href=\"https:\/\/iffr.com\/en\/iffr\/2024\/films\/kiss-wagon\" target=\"_blank\" rel=\"noreferrer noopener\">Kiss Wagon<\/a>&nbsp;<\/strong>by Midhun Murali<\/p>\n\n\n\n<h3 class=\"wp-block-heading\">2023<\/h3>\n\n\n\n<p><strong><a href=\"https:\/\/iffr.com\/en\/iffr\/2023\/films\/la-palisiada\" target=\"_blank\" rel=\"noreferrer noopener\">La Palisiada<\/a>&nbsp;<\/strong>by&nbsp;Philip Sotnychenko<\/p>\n\n\n\n<h3 class=\"wp-block-heading\">2022<\/h3>\n\n\n\n<p><a href=\"https:\/\/iffr.com\/en\/expanded\/2022\/films\/to-love-again\" target=\"_blank\" rel=\"noreferrer noopener\"><strong>To Love Again<\/strong><\/a><strong>&nbsp;<\/strong>by&nbsp;Gao Linyang<\/p>\n\n\n\n<h3 class=\"wp-block-heading\">2021<\/h3>\n\n\n\n<p><strong><a href=\"https:\/\/iffr.com\/en\/2021\/films\/the-edge-of-daybreak\" target=\"_blank\" rel=\"noreferrer noopener\">The Edge of Daybreak<\/a>&nbsp;<\/strong>by&nbsp;Taiki Sakpisit (Thailand)<\/p>\n\n\n\n<h3 class=\"wp-block-heading\">2020<\/h3>\n\n\n\n<p><strong><a href=\"https:\/\/iffr.com\/en\/2020\/films\/only-you-alone\" target=\"_blank\" rel=\"noreferrer noopener\">Only You Alone<\/a>&nbsp;<\/strong>by Zhou Zhou (China)<\/p>\n\n\n\n<h3 class=\"wp-block-heading\">2019<\/h3>\n\n\n\n<p><strong><a href=\"https:\/\/iffr.com\/en\/2019\/films\/end-of-season\" target=\"_blank\" rel=\"noreferrer noopener\">End of Season<\/a><\/strong>&nbsp;by Elmar Imanov (Germany\/Azerbaijan\/Georgia)<\/p>\n\n\n\n<h3 class=\"wp-block-heading\">2018<\/h3>\n\n\n\n<p><strong><a href=\"https:\/\/iffr.com\/en\/2018\/films\/balekempa\">Balekempa<\/a>&nbsp;<\/strong>by Ere Gowda (India)<\/p>\n\n\n\n<h3 class=\"wp-block-heading\">2017<\/h3>\n\n\n\n<p><strong><a href=\"https:\/\/iffr.com\/en\/2017\/films\/pela-janela\">Pela janela<\/a><\/strong>&nbsp;by&nbsp;Caroline Leone (Brazil)<\/p>\n\n\n\n<h3 class=\"wp-block-heading\">2016<\/h3>\n\n\n\n<p><strong><a href=\"https:\/\/iffr.com\/en\/2016\/films\/bodkin-ras\">Bodkin Ras<\/a><\/strong>&nbsp;by Kaweh Modiri&nbsp;(The Netherlands)<\/p>\n\n\n\n<h3 class=\"wp-block-heading\">2015<\/h3>\n\n\n\n<p><strong><a href=\"https:\/\/iffr.com\/en\/films\/battles\">Battles<\/a>&nbsp;<\/strong>by Isabelle Tollenaere (Belgium, The Netherlands)<\/p>\n\n\n\n<h3 class=\"wp-block-heading\">2014<\/h3>\n\n\n\n<p><strong><a href=\"https:\/\/iffr.com\/en\/2014\/films\/the-songs-of-rice\">The Songs of Rice<\/a><\/strong>&nbsp;by Uruphong Raksasad (Thailand)<\/p>\n\n\n\n<h3 class=\"wp-block-heading\">2013<\/h3>\n\n\n\n<p><strong><a href=\"https:\/\/iffr.com\/en\/2013\/films\/the-fifth-gospel-of-kaspar-hauser\">The Fifth Gospel of Kaspar Hauser<\/a><\/strong>&nbsp;by Alberto Gracia (Spain)<\/p>\n\n\n\n<h3 class=\"wp-block-heading\">2012<\/h3>\n\n\n\n<p><strong><a href=\"https:\/\/iffr.com\/en\/2012\/films\/neighbouring-sounds\">Neighbouring Sounds<\/a><\/strong>&nbsp;by Kleber Mendon\u00e7a Filho (Brazil)<\/p>\n\n\n\n<h3 class=\"wp-block-heading\">2011<\/h3>\n\n\n\n<p><strong><a href=\"https:\/\/iffr.com\/en\/2011\/films\/the-journals-of-musan\">The Journals of Musan<\/a><\/strong>&nbsp;by Park Jung-bum (South Korea)<\/p>\n\n\n\n<h3 class=\"wp-block-heading\">2010<\/h3>\n\n\n\n<p><strong><a href=\"https:\/\/iffr.com\/en\/films\/let-each-one-go-where-he-may\">Let Each One Go Where He May<\/a><\/strong>&nbsp;by Ben Russell (USA, Surinam)<\/p>\n\n\n\n<h3 class=\"wp-block-heading\">2009<\/h3>\n\n\n\n<p><strong><a href=\"https:\/\/iffr.com\/en\/2009\/films\/blind-pig-who-wants-to-fly\">Blind Pig Who Wants To Fly<\/a><\/strong>&nbsp;by Edwin (Indonesia)<\/p>\n\n\n\n<h3 class=\"wp-block-heading\">2008<\/h3>\n\n\n\n<p><strong><a href=\"https:\/\/iffr.com\/en\/films\/el-cielo-la-tierra-y-la-lluvia\">El cielo, la terra y la lluvia<\/a><\/strong>&nbsp;by Jos\u00e9 Luis Torres Leiva (Chili, 2008)<\/p>\n\n\n\n<h3 class=\"wp-block-heading\">2007<\/h3>\n\n\n\n<p><strong><a href=\"https:\/\/iffr.com\/en\/films\/yo\">Yo<\/a>&nbsp;<\/strong>by Rafa Cort\u00e9s (Spain, 2007)<\/p>\n\n\n\n<h3 class=\"wp-block-heading\">2006<\/h3>\n\n\n\n<p><strong><a href=\"https:\/\/iffr.com\/en\/films\/madeinusa\">Madeinusa<\/a>&nbsp;<\/strong>by Claudia Llosa (Peru\/Spain)<\/p>\n\n\n\n<h3 class=\"wp-block-heading\">2005<\/h3>\n\n\n\n<p><strong><a href=\"https:\/\/iffr.com\/en\/2004\/films\/spying-cam\">Spying Cam<\/a><\/strong>&nbsp;by Wang Cheol-Mean (South Korea)<\/p>\n\n\n\n<h3 class=\"wp-block-heading\">2004<\/h3>\n\n\n\n<p><strong><a href=\"https:\/\/iffr.com\/en\/films\/peep-tv-show\">Peep &#8220;TV&#8221; Show<\/a><\/strong>&nbsp;by Yutaka Tsuchiya (Japan)<\/p>\n\n\n\n<h3 class=\"wp-block-heading\">2003<\/h3>\n\n\n\n<p><strong><a href=\"https:\/\/iffr.com\/en\/2003\/films\/welcome-to-destination-shanghai\">Welcome to Destination Shanghai<\/a>&nbsp;<\/strong>by Andrew Cheng (China)<br><em>Special mention:<\/em><br><strong><a href=\"https:\/\/iffr.com\/en\/films\/cowards-bend-the-knee\">Cowards bend the knee<\/a><\/strong>&nbsp;by Guy Maddin (Canada; video-installation ordered by The Power Plant, Toronto)<\/p>\n\n\n\n<h3 class=\"wp-block-heading\">2002<\/h3>\n\n\n\n<p><strong><a href=\"https:\/\/iffr.com\/en\/films\/mein-bruder-der-vampir\">Mein Bruder der Vampir<\/a><\/strong>&nbsp;(<strong>Getting my Brother Laid<\/strong>) by Sven Taddicken (Germany)<br><em>Special mention:<\/em><br><strong><a href=\"https:\/\/iffr.com\/en\/films\/la-libertad\">La libertad<\/a><\/strong>&nbsp;by Lisandro Alonso (Argentina)<\/p>\n\n\n\n<h3 class=\"wp-block-heading\">2001<\/h3>\n\n\n\n<p><strong><a href=\"https:\/\/iffr.com\/en\/2000\/films\/bad-company\">Bad Company<\/a><\/strong>&nbsp;by Furumaya Tomoyuki (Japan)<\/p>\n\n\n\n<h3 class=\"wp-block-heading\">2000<\/h3>\n\n\n\n<p><strong>Mundo gr\u00faa<\/strong>&nbsp;by Pablo Trapero (Argentina)<br>(best film in competition)<br><strong>Audition<\/strong>&nbsp;by Miike Takashi (Japan)<br>(best film outside competition)<\/p>\n\n\n\n<h3 class=\"wp-block-heading\">1999<\/h3>\n\n\n\n<p><strong>Victor&#8230;pendant qu&#8217;il trop tard<\/strong>&nbsp;by Sandrine Veysset (France)<\/p>\n\n\n\n<h3 class=\"wp-block-heading\">1998<\/h3>\n\n\n\n<p>ex aequo:<br><strong>Frost<\/strong>&nbsp;by Fred Kelemen (Germany)<br><strong>First love, last rites<\/strong>&nbsp;by Jesse Peretz (USA)<br><em>Special mention:<\/em><br><strong>Motel Cactus<\/strong>&nbsp;by Park Ki-Yong (South Korea)<\/p>\n\n\n\n<h3 class=\"wp-block-heading\">1997<\/h3>\n\n\n\n<p><strong>Suzaku<\/strong>&nbsp;by Kawase Naomi (Japan)<br><em>Special mention:<\/em><br><strong>Frozen<\/strong>&nbsp;by Wu Ming (China)<\/p>\n\n\n\n<h3 class=\"wp-block-heading\">1996<\/h3>\n\n\n\n<p><strong>Erzi<\/strong>&nbsp;(<strong>Sons<\/strong>) by Zhang Yuan (China)<br><em>Special Mention:<\/em><br><strong>Safe<\/strong>&nbsp;by Todd Haynes (USA)<\/p>\n\n\n\n<h3 class=\"wp-block-heading\">1995<\/h3>\n\n\n\n<p><strong>Postman<\/strong>&nbsp;by He Jianjun (China)<\/p>\n\n\n\n<h3 class=\"wp-block-heading\">1994<\/h3>\n\n\n\n<p><strong>Red Beads<\/strong>&nbsp;by He Yi (China)<\/p>\n\n\n\n<h3 class=\"wp-block-heading\">1993<\/h3>\n\n\n\n<p><strong>Ich bin meine eigene Frau<\/strong>&nbsp;by Rosa van Praunheim (Germany)<\/p>\n\n\n\n<h3 class=\"wp-block-heading\">1992<\/h3>\n\n\n\n<p><strong>Five Girls on a Rope<\/strong>&nbsp;by Ye Hung-wei (Taiwan)<br><em>Special mention:<\/em><br><strong>Noga<\/strong>&nbsp;(<strong>Leg<\/strong>) by Nikita Thikonov (Russia)<br><strong>Alta marea<\/strong>&nbsp;by Lucian Segura (Italy)<\/p>\n\n\n\n<h3 class=\"wp-block-heading\">1991<\/h3>\n\n\n\n<p><strong>Kroeg vtoroj<\/strong>&nbsp;(<strong>The Second Circle<\/strong>) by Aleksandr Sokoerov (Russia)<br><em>Special mention:<\/em><br><strong>Tinpis run<\/strong>&nbsp;by Pengau Nengo (Papua New Guinea)&nbsp;<br><strong>Himmel oder H\u00f6lle<\/strong>&nbsp;by Wolfgang Mumberger (Austria)<\/p>\n\n\n\n<h3 class=\"wp-block-heading\">1990<\/h3>\n\n\n\n<p><strong>Khayal Gatha<\/strong>&nbsp;by Kumar Shahani (India)<br><em>Special mention:<\/em><br>Director Alejandro Agresti \u2018for his many contributions to the film art&#8217;.<\/p>\n","protected":false},"excerpt":{"rendered":"<p>The FIPRESCI Award is currently given to a film in the Tiger Competition. The jury assembles members of the F\u00e9d\u00e9ration Internationale de la Presse Cin\u00e9matographique (FIPRESCI), which consists of international film journalists. FIPRESCI Award winner 2026 The IFFR 2026 FIPRESCI jury The winner of the IFFR 2026 FIPRESCI Award will be announced during the Awards [&hellip;]<\/p>\n","protected":false},"author":8,"featured_media":0,"parent":79318,"menu_order":0,"comment_status":"closed","ping_status":"closed","template":"","meta":{"_acf_changed":false,"editor_notices":[],"footnotes":""},"class_list":["post-85772","page","type-page","status-publish","hentry"],"acf":[],"yoast_head":"<!-- This site is optimized with the Yoast SEO plugin v27.1.1 - https:\/\/yoast.com\/product\/yoast-seo-wordpress\/ -->\n<title>FIPRESCI Award - IFFR EN<\/title>\n<meta name=\"robots\" content=\"index, follow, max-snippet:-1, max-image-preview:large, max-video-preview:-1\" \/>\n<link rel=\"canonical\" href=\"https:\/\/iffr.com\/en\/awards-competitions\/fipresci-award\" \/>\n<meta property=\"og:locale\" content=\"en_GB\" \/>\n<meta property=\"og:type\" content=\"article\" \/>\n<meta property=\"og:title\" content=\"FIPRESCI Award - IFFR EN\" \/>\n<meta property=\"og:description\" content=\"The FIPRESCI Award is currently given to a film in the Tiger Competition. The jury assembles members of the F\u00e9d\u00e9ration Internationale de la Presse Cin\u00e9matographique (FIPRESCI), which consists of international film journalists. FIPRESCI Award winner 2026 The IFFR 2026 FIPRESCI jury The winner of the IFFR 2026 FIPRESCI Award will be announced during the Awards [&hellip;]\" \/>\n<meta property=\"og:url\" content=\"https:\/\/iffr.com\/en\/awards-competitions\/fipresci-award\" \/>\n<meta property=\"og:site_name\" content=\"IFFR EN\" \/>\n<meta property=\"article:modified_time\" content=\"2026-02-06T17:15:11+00:00\" \/>\n<meta property=\"og:image\" content=\"https:\/\/iffr.com\/en\/wp-content\/uploads\/sites\/2\/2026\/01\/6661bfe3-90d4-4fae-ba25-80c626c01a91.jpg?image-crop-positioner-ts=1768783317\" \/>\n\t<meta property=\"og:image:width\" content=\"799\" \/>\n\t<meta property=\"og:image:height\" content=\"799\" \/>\n\t<meta property=\"og:image:type\" content=\"image\/jpeg\" \/>\n<meta name=\"twitter:card\" content=\"summary_large_image\" \/>\n<meta name=\"twitter:label1\" content=\"Est. reading time\" \/>\n\t<meta name=\"twitter:data1\" content=\"3 minutes\" \/>\n<script type=\"application\/ld+json\" class=\"yoast-schema-graph\">{\"@context\":\"https:\/\/schema.org\",\"@graph\":[{\"@type\":\"WebPage\",\"@id\":\"https:\/\/iffr.com\/en\/awards-competitions\/fipresci-award\",\"url\":\"https:\/\/iffr.com\/en\/awards-competitions\/fipresci-award\",\"name\":\"FIPRESCI Award - IFFR EN\",\"isPartOf\":{\"@id\":\"https:\/\/iffr.com\/en\/#website\"},\"primaryImageOfPage\":{\"@id\":\"https:\/\/iffr.com\/en\/awards-competitions\/fipresci-award#primaryimage\"},\"image\":{\"@id\":\"https:\/\/iffr.com\/en\/awards-competitions\/fipresci-award#primaryimage\"},\"thumbnailUrl\":\"https:\/\/iffr.com\/nl\/wp-content\/uploads\/2026\/02\/Supporting_Role_Film_still_1-scaled.jpg?image-crop-positioner-ts=1770397670\",\"datePublished\":\"2024-05-16T13:03:00+00:00\",\"dateModified\":\"2026-02-06T17:15:11+00:00\",\"breadcrumb\":{\"@id\":\"https:\/\/iffr.com\/en\/awards-competitions\/fipresci-award#breadcrumb\"},\"inLanguage\":\"en-GB\",\"potentialAction\":[{\"@type\":\"ReadAction\",\"target\":[\"https:\/\/iffr.com\/en\/awards-competitions\/fipresci-award\"]}]},{\"@type\":\"ImageObject\",\"inLanguage\":\"en-GB\",\"@id\":\"https:\/\/iffr.com\/en\/awards-competitions\/fipresci-award#primaryimage\",\"url\":\"https:\/\/iffr.com\/nl\/wp-content\/uploads\/2026\/02\/Supporting_Role_Film_still_1-scaled.jpg?image-crop-positioner-ts=1770397670\",\"contentUrl\":\"https:\/\/iffr.com\/nl\/wp-content\/uploads\/2026\/02\/Supporting_Role_Film_still_1-scaled.jpg?image-crop-positioner-ts=1770397670\"},{\"@type\":\"BreadcrumbList\",\"@id\":\"https:\/\/iffr.com\/en\/awards-competitions\/fipresci-award#breadcrumb\",\"itemListElement\":[{\"@type\":\"ListItem\",\"position\":1,\"name\":\"Home\",\"item\":\"https:\/\/iffr.com\/en\/\"},{\"@type\":\"ListItem\",\"position\":2,\"name\":\"Awards &amp; Competitions\",\"item\":\"https:\/\/iffr.com\/en\/awards-competitions\"},{\"@type\":\"ListItem\",\"position\":3,\"name\":\"FIPRESCI Award\"}]},{\"@type\":\"WebSite\",\"@id\":\"https:\/\/iffr.com\/en\/#website\",\"url\":\"https:\/\/iffr.com\/en\/\",\"name\":\"IFFR EN\",\"description\":\"\",\"potentialAction\":[{\"@type\":\"SearchAction\",\"target\":{\"@type\":\"EntryPoint\",\"urlTemplate\":\"https:\/\/iffr.com\/en\/?s={search_term_string}\"},\"query-input\":{\"@type\":\"PropertyValueSpecification\",\"valueRequired\":true,\"valueName\":\"search_term_string\"}}],\"inLanguage\":\"en-GB\"}]}<\/script>\n<!-- \/ Yoast SEO plugin. -->","yoast_head_json":{"title":"FIPRESCI Award - IFFR EN","robots":{"index":"index","follow":"follow","max-snippet":"max-snippet:-1","max-image-preview":"max-image-preview:large","max-video-preview":"max-video-preview:-1"},"canonical":"https:\/\/iffr.com\/en\/awards-competitions\/fipresci-award","og_locale":"en_GB","og_type":"article","og_title":"FIPRESCI Award - IFFR EN","og_description":"The FIPRESCI Award is currently given to a film in the Tiger Competition. The jury assembles members of the F\u00e9d\u00e9ration Internationale de la Presse Cin\u00e9matographique (FIPRESCI), which consists of international film journalists. FIPRESCI Award winner 2026 The IFFR 2026 FIPRESCI jury The winner of the IFFR 2026 FIPRESCI Award will be announced during the Awards [&hellip;]","og_url":"https:\/\/iffr.com\/en\/awards-competitions\/fipresci-award","og_site_name":"IFFR EN","article_modified_time":"2026-02-06T17:15:11+00:00","og_image":[{"width":799,"height":799,"url":"https:\/\/iffr.com\/en\/wp-content\/uploads\/sites\/2\/2026\/01\/6661bfe3-90d4-4fae-ba25-80c626c01a91.jpg?image-crop-positioner-ts=1768783317","type":"image\/jpeg"}],"twitter_card":"summary_large_image","twitter_misc":{"Est. reading time":"3 minutes"},"schema":{"@context":"https:\/\/schema.org","@graph":[{"@type":"WebPage","@id":"https:\/\/iffr.com\/en\/awards-competitions\/fipresci-award","url":"https:\/\/iffr.com\/en\/awards-competitions\/fipresci-award","name":"FIPRESCI Award - IFFR EN","isPartOf":{"@id":"https:\/\/iffr.com\/en\/#website"},"primaryImageOfPage":{"@id":"https:\/\/iffr.com\/en\/awards-competitions\/fipresci-award#primaryimage"},"image":{"@id":"https:\/\/iffr.com\/en\/awards-competitions\/fipresci-award#primaryimage"},"thumbnailUrl":"https:\/\/iffr.com\/nl\/wp-content\/uploads\/2026\/02\/Supporting_Role_Film_still_1-scaled.jpg?image-crop-positioner-ts=1770397670","datePublished":"2024-05-16T13:03:00+00:00","dateModified":"2026-02-06T17:15:11+00:00","breadcrumb":{"@id":"https:\/\/iffr.com\/en\/awards-competitions\/fipresci-award#breadcrumb"},"inLanguage":"en-GB","potentialAction":[{"@type":"ReadAction","target":["https:\/\/iffr.com\/en\/awards-competitions\/fipresci-award"]}]},{"@type":"ImageObject","inLanguage":"en-GB","@id":"https:\/\/iffr.com\/en\/awards-competitions\/fipresci-award#primaryimage","url":"https:\/\/iffr.com\/nl\/wp-content\/uploads\/2026\/02\/Supporting_Role_Film_still_1-scaled.jpg?image-crop-positioner-ts=1770397670","contentUrl":"https:\/\/iffr.com\/nl\/wp-content\/uploads\/2026\/02\/Supporting_Role_Film_still_1-scaled.jpg?image-crop-positioner-ts=1770397670"},{"@type":"BreadcrumbList","@id":"https:\/\/iffr.com\/en\/awards-competitions\/fipresci-award#breadcrumb","itemListElement":[{"@type":"ListItem","position":1,"name":"Home","item":"https:\/\/iffr.com\/en\/"},{"@type":"ListItem","position":2,"name":"Awards &amp; Competitions","item":"https:\/\/iffr.com\/en\/awards-competitions"},{"@type":"ListItem","position":3,"name":"FIPRESCI Award"}]},{"@type":"WebSite","@id":"https:\/\/iffr.com\/en\/#website","url":"https:\/\/iffr.com\/en\/","name":"IFFR EN","description":"","potentialAction":[{"@type":"SearchAction","target":{"@type":"EntryPoint","urlTemplate":"https:\/\/iffr.com\/en\/?s={search_term_string}"},"query-input":{"@type":"PropertyValueSpecification","valueRequired":true,"valueName":"search_term_string"}}],"inLanguage":"en-GB"}]}},"_links":{"self":[{"href":"https:\/\/iffr.com\/en\/wp-json\/wp\/v2\/pages\/85772","targetHints":{"allow":["GET"]}}],"collection":[{"href":"https:\/\/iffr.com\/en\/wp-json\/wp\/v2\/pages"}],"about":[{"href":"https:\/\/iffr.com\/en\/wp-json\/wp\/v2\/types\/page"}],"author":[{"embeddable":true,"href":"https:\/\/iffr.com\/en\/wp-json\/wp\/v2\/users\/8"}],"replies":[{"embeddable":true,"href":"https:\/\/iffr.com\/en\/wp-json\/wp\/v2\/comments?post=85772"}],"version-history":[{"count":6,"href":"https:\/\/iffr.com\/en\/wp-json\/wp\/v2\/pages\/85772\/revisions"}],"predecessor-version":[{"id":230158,"href":"https:\/\/iffr.com\/en\/wp-json\/wp\/v2\/pages\/85772\/revisions\/230158"}],"up":[{"embeddable":true,"href":"https:\/\/iffr.com\/en\/wp-json\/wp\/v2\/pages\/79318"}],"wp:attachment":[{"href":"https:\/\/iffr.com\/en\/wp-json\/wp\/v2\/media?parent=85772"}],"curies":[{"name":"wp","href":"https:\/\/api.w.org\/{rel}","templated":true}]}}