{"id":79336,"date":"2024-05-15T18:31:04","date_gmt":"2024-05-15T16:31:04","guid":{"rendered":"https:\/\/iffr.com\/en\/?page_id=79336"},"modified":"2025-12-04T16:41:27","modified_gmt":"2025-12-04T15:41:27","slug":"robby-m%c3%bcller-award","status":"publish","type":"page","link":"https:\/\/iffr.com\/en\/awards-competitions\/robby-m%c3%bcller-award","title":{"rendered":"Robby M\u00fcller Award"},"content":{"rendered":"\n<p>The Robby M\u00fcller Award is a collaboration between IFFR, the Netherlands Society of Cinematographers (NSC) and Andrea M\u00fcller-Schirmer, Robby M\u00fcller\u2019s wife.<\/p>\n\n\n\n<p>Each year, the award honours an \u2018image maker\u2019 (director of photography, filmmaker or visual artist) who, in the spirit of the late Robby M\u00fcller, has created an authentic, credible and emotionally striking visual language throughout their oeuvre. During the festival, the winner is awarded a gallery print of one of Robby M\u00fcller\u2019s rare Polaroids, as well as the opportunity to take part in a Talk on their work.<\/p>\n\n\n\n<h2 class=\"wp-block-heading\">Robby M\u00fcller Award 2026: Yorick Le Saux<\/h2>\n\n\n\n<figure class=\"wp-block-image size-full\"><img loading=\"lazy\" decoding=\"async\" width=\"1320\" height=\"743\" src=\"https:\/\/iffr.com\/en\/wp-content\/uploads\/sites\/2\/2025\/12\/Yorick-Le-Saux_Directors-portrait-2.jpg\" alt=\"\" class=\"wp-image-213539\" srcset=\"https:\/\/iffr.com\/en\/wp-content\/uploads\/sites\/2\/2025\/12\/Yorick-Le-Saux_Directors-portrait-2.jpg?image-crop-positioner-ts=1764685700 1320w, https:\/\/iffr.com\/en\/wp-content\/uploads\/sites\/2\/2025\/12\/Yorick-Le-Saux_Directors-portrait-2-288x162.jpg?image-crop-positioner-ts=1764685700 288w, https:\/\/iffr.com\/en\/wp-content\/uploads\/sites\/2\/2025\/12\/Yorick-Le-Saux_Directors-portrait-2-432x243.jpg?image-crop-positioner-ts=1764685700 432w, https:\/\/iffr.com\/en\/wp-content\/uploads\/sites\/2\/2025\/12\/Yorick-Le-Saux_Directors-portrait-2-832x468.jpg?image-crop-positioner-ts=1764685700 832w, https:\/\/iffr.com\/en\/wp-content\/uploads\/sites\/2\/2025\/12\/Yorick-Le-Saux_Directors-portrait-2-1296x729.jpg?image-crop-positioner-ts=1764685700 1296w\" sizes=\"auto, (max-width: 1320px) 100vw, 1320px\" \/><\/figure>\n\n\n\n\t<div data-name=\"acf\/block-buttons\" class=\"align\">\n\t\t\n\t\t<ul class=\"flex flex-wrap gap-2 md:gap-6\">\n\t\t\t\t\t\t\t<li>\n\t\t\t\t\t\t\t\t\t\t\n\n\n\n\n<a\n\tclass=\"group btn btn-outline  \"\n\t\t\thref=\"https:\/\/iffr.com\/en\/blog-yorick-le-saux-to-receive-the-2026-robby-muller-award\"\n\t\t\t\t\t\t\t\t\t\t\t\t\t\t>\n\t\n\t\t\t<span data-button-text>\n\t\t\tRead the complete announcement here\n\n\t\t\t\t\t<\/span>\n\t\n\t\t\t\t\t\n\t\t\t\t\t<span class=\"transition-transform duration-300 group-hover:translate-x-2 group-focus-visible:translate-x-2 flex items-center justify-center w-[1em] h-[1em] icon group-expanded:hidden\" aria-hidden=\"true\">\n\t\t\t<svg width=\"24\" height=\"24\" viewBox=\"0 0 24 24\" fill=\"none\" xmlns=\"http:\/\/www.w3.org\/2000\/svg\"><path d=\"m23.575 13.022-8.639 8.638a1.442 1.442 0 0 1-2.04-2.04l6.18-6.177H1.44a1.44 1.44 0 0 1 0-2.88h17.637l-6.178-6.18a1.442 1.442 0 0 1 2.04-2.04l8.638 8.638a1.44 1.44 0 0 1-.002 2.04Z\" fill=\"currentColor\"\/><\/svg>\n\n\t\t<\/span>\n\n\t\t\t\n\t<\/a>\n\t\t\t\t<\/li>\n\t\t\t\t\t<\/ul>\n\t<\/div>\n\n\n\n<h2 class=\"wp-block-heading\">Past winners<\/h2>\n\n\n\n<h3 class=\"wp-block-heading\">2025<\/h3>\n\n\n\n<p>Cinematographer <a href=\"https:\/\/iffr.com\/en\/blog-robby-muller-award-2025-lol-crawley\">Lol Crawley<\/a> (United Kingdom)<\/p>\n\n\n\n\t<div data-name=\"acf\/block-buttons\" class=\"align\">\n\t\t\n\t\t<ul class=\"flex flex-wrap gap-2 md:gap-6\">\n\t\t\t\t\t\t\t<li>\n\t\t\t\t\t\t\t\t\t\t\n\n\n\n\n<a\n\tclass=\"group btn btn-outline  \"\n\t\t\thref=\"https:\/\/www.youtube.com\/watch?v=DJH7k5gt1PY&amp;list=PLF_RT4GM9bEmFW-fIoX0iqYXXYNs1PuWp&amp;index=7\"\n\t\t\t\ttarget=\"_blank\" rel=\"noopener\"\n\t\t\t\t\t\t\t\t\t\t\t\t\t>\n\t\n\t\t\t<span data-button-text>\n\t\t\tWatch the Big Talk with Lol Crawley\n\n\t\t\t\t\t\t\t<span class=\"sr-only\">Opent in een nieuw venster<\/span>\n\t\t\t\t\t<\/span>\n\t\n\t\t\t\t\t\n\t\t\t\t\t<span class=\"transition-transform duration-300 group-hover:rotate-45 group-focus-visible:rotate-45 flex items-center justify-center w-[1em] h-[1em] icon group-expanded:hidden\" aria-hidden=\"true\">\n\t\t\t<svg width=\"16\" height=\"16\" viewBox=\"0 0 16 16\" fill=\"none\" xmlns=\"http:\/\/www.w3.org\/2000\/svg\"><path d=\"M14.667 2.386v9.122a1.053 1.053 0 0 1-2.105 0V4.93l-9.43 9.428a1.054 1.054 0 1 1-1.49-1.491l9.429-9.429H4.493a1.052 1.052 0 0 1 0-2.105h9.121a1.053 1.053 0 0 1 1.053 1.053Z\" fill=\"currentColor\"\/><\/svg>\n\n\t\t<\/span>\n\n\t\t\t\n\t<\/a>\n\t\t\t\t<\/li>\n\t\t\t\t\t<\/ul>\n\t<\/div>\n\n\n\n<h3 class=\"wp-block-heading\">2024<\/h3>\n\n\n\n<p>Cinematographer&nbsp;<a href=\"https:\/\/iffr.com\/en\/blog\/robby-muller-award-2024\" target=\"_blank\" rel=\"noreferrer noopener\">Grimm Vandekerckhove<\/a>&nbsp;(Belgium)<\/p>\n\n\n\n\t<div data-name=\"acf\/block-buttons\" class=\"align\">\n\t\t\n\t\t<ul class=\"flex flex-wrap gap-2 md:gap-6\">\n\t\t\t\t\t\t\t<li>\n\t\t\t\t\t\t\t\t\t\t\n\n\n\n\n<a\n\tclass=\"group btn btn-outline  \"\n\t\t\thref=\"https:\/\/www.youtube.com\/watch?v=AfLxWRroJ5s&amp;ab_channel=InternationalFilmFestivalRotterdam\"\n\t\t\t\ttarget=\"_blank\" rel=\"noopener\"\n\t\t\t\t\t\t\t\t\t\t\t\t\t>\n\t\n\t\t\t<span data-button-text>\n\t\t\tWatch the Talk with Grimm Vandekerckhove\n\n\t\t\t\t\t\t\t<span class=\"sr-only\">Opent in een nieuw venster<\/span>\n\t\t\t\t\t<\/span>\n\t\n\t\t\t\t\t\n\t\t\t\t\t<span class=\"transition-transform duration-300 group-hover:rotate-45 group-focus-visible:rotate-45 flex items-center justify-center w-[1em] h-[1em] icon group-expanded:hidden\" aria-hidden=\"true\">\n\t\t\t<svg width=\"16\" height=\"16\" viewBox=\"0 0 16 16\" fill=\"none\" xmlns=\"http:\/\/www.w3.org\/2000\/svg\"><path d=\"M14.667 2.386v9.122a1.053 1.053 0 0 1-2.105 0V4.93l-9.43 9.428a1.054 1.054 0 1 1-1.49-1.491l9.429-9.429H4.493a1.052 1.052 0 0 1 0-2.105h9.121a1.053 1.053 0 0 1 1.053 1.053Z\" fill=\"currentColor\"\/><\/svg>\n\n\t\t<\/span>\n\n\t\t\t\n\t<\/a>\n\t\t\t\t<\/li>\n\t\t\t\t\t<\/ul>\n\t<\/div>\n\n\n\n<h3 class=\"wp-block-heading\">2023<\/h3>\n\n\n\n<p>Cinematographer&nbsp;<a href=\"https:\/\/iffr.com\/en\/blog\/robby-muller-award-2023-helene-louvart\" target=\"_blank\" rel=\"noreferrer noopener\">H\u00e9l\u00e8ne Louvart<\/a>&nbsp;(France)<\/p>\n\n\n\n\t<div data-name=\"acf\/block-buttons\" class=\"align\">\n\t\t\n\t\t<ul class=\"flex flex-wrap gap-2 md:gap-6\">\n\t\t\t\t\t\t\t<li>\n\t\t\t\t\t\t\t\t\t\t\n\n\n\n\n<a\n\tclass=\"group btn btn-outline  \"\n\t\t\thref=\"https:\/\/vimeo.com\/814569810\"\n\t\t\t\ttarget=\"_blank\" rel=\"noopener\"\n\t\t\t\t\t\t\t\t\t\t\t\t\t>\n\t\n\t\t\t<span data-button-text>\n\t\t\tWatch the Talk with H\u00e9l\u00e8ne Louvart\n\n\t\t\t\t\t\t\t<span class=\"sr-only\">Opent in een nieuw venster<\/span>\n\t\t\t\t\t<\/span>\n\t\n\t\t\t\t\t\n\t\t\t\t\t<span class=\"transition-transform duration-300 group-hover:rotate-45 group-focus-visible:rotate-45 flex items-center justify-center w-[1em] h-[1em] icon group-expanded:hidden\" aria-hidden=\"true\">\n\t\t\t<svg width=\"16\" height=\"16\" viewBox=\"0 0 16 16\" fill=\"none\" xmlns=\"http:\/\/www.w3.org\/2000\/svg\"><path d=\"M14.667 2.386v9.122a1.053 1.053 0 0 1-2.105 0V4.93l-9.43 9.428a1.054 1.054 0 1 1-1.49-1.491l9.429-9.429H4.493a1.052 1.052 0 0 1 0-2.105h9.121a1.053 1.053 0 0 1 1.053 1.053Z\" fill=\"currentColor\"\/><\/svg>\n\n\t\t<\/span>\n\n\t\t\t\n\t<\/a>\n\t\t\t\t<\/li>\n\t\t\t\t\t<\/ul>\n\t<\/div>\n\n\n\n<h3 class=\"wp-block-heading\">2022<\/h3>\n\n\n\n<p>Cinematographer&nbsp;<a href=\"https:\/\/iffr.com\/en\/blog\/sayombhu-mukdeeprom-receive-robby-muller-award\" target=\"_blank\" rel=\"noreferrer noopener\">Sayombhu Mukdeeprom<\/a>&nbsp;(Thailand)&nbsp;<\/p>\n\n\n\n\t<div data-name=\"acf\/block-buttons\" class=\"align\">\n\t\t\n\t\t<ul class=\"flex flex-wrap gap-2 md:gap-6\">\n\t\t\t\t\t\t\t<li>\n\t\t\t\t\t\t\t\t\t\t\n\n\n\n\n<a\n\tclass=\"group btn btn-outline  \"\n\t\t\thref=\"https:\/\/vimeo.com\/673206578\"\n\t\t\t\ttarget=\"_blank\" rel=\"noopener\"\n\t\t\t\t\t\t\t\t\t\t\t\t\t>\n\t\n\t\t\t<span data-button-text>\n\t\t\tWatch the Big Talk with Sayombhu Mukdeeprom\n\n\t\t\t\t\t\t\t<span class=\"sr-only\">Opent in een nieuw venster<\/span>\n\t\t\t\t\t<\/span>\n\t\n\t\t\t\t\t\n\t\t\t\t\t<span class=\"transition-transform duration-300 group-hover:rotate-45 group-focus-visible:rotate-45 flex items-center justify-center w-[1em] h-[1em] icon group-expanded:hidden\" aria-hidden=\"true\">\n\t\t\t<svg width=\"16\" height=\"16\" viewBox=\"0 0 16 16\" fill=\"none\" xmlns=\"http:\/\/www.w3.org\/2000\/svg\"><path d=\"M14.667 2.386v9.122a1.053 1.053 0 0 1-2.105 0V4.93l-9.43 9.428a1.054 1.054 0 1 1-1.49-1.491l9.429-9.429H4.493a1.052 1.052 0 0 1 0-2.105h9.121a1.053 1.053 0 0 1 1.053 1.053Z\" fill=\"currentColor\"\/><\/svg>\n\n\t\t<\/span>\n\n\t\t\t\n\t<\/a>\n\t\t\t\t<\/li>\n\t\t\t\t\t<\/ul>\n\t<\/div>\n\n\n\n<h3 class=\"wp-block-heading\">2021<\/h3>\n\n\n\n<p>Filmmaker&nbsp;<a href=\"https:\/\/iffr.com\/en\/kelly-reichardt-receive-robby-muller-award\" target=\"_blank\" rel=\"noreferrer noopener\">Kelly Reichardt<\/a>&nbsp;(USA)<\/p>\n\n\n\n\t<div data-name=\"acf\/block-buttons\" class=\"align\">\n\t\t\n\t\t<ul class=\"flex flex-wrap gap-2 md:gap-6\">\n\t\t\t\t\t\t\t<li>\n\t\t\t\t\t\t\t\t\t\t\n\n\n\n\n<a\n\tclass=\"group btn btn-outline  \"\n\t\t\thref=\"https:\/\/vimeo.com\/508096634\/2ff75cdebb\"\n\t\t\t\ttarget=\"_blank\" rel=\"noopener\"\n\t\t\t\t\t\t\t\t\t\t\t\t\t>\n\t\n\t\t\t<span data-button-text>\n\t\t\tWatch the Big Talk with Kelly Reichardt\n\n\t\t\t\t\t\t\t<span class=\"sr-only\">Opent in een nieuw venster<\/span>\n\t\t\t\t\t<\/span>\n\t\n\t\t\t\t\t\n\t\t\t\t\t<span class=\"transition-transform duration-300 group-hover:rotate-45 group-focus-visible:rotate-45 flex items-center justify-center w-[1em] h-[1em] icon group-expanded:hidden\" aria-hidden=\"true\">\n\t\t\t<svg width=\"16\" height=\"16\" viewBox=\"0 0 16 16\" fill=\"none\" xmlns=\"http:\/\/www.w3.org\/2000\/svg\"><path d=\"M14.667 2.386v9.122a1.053 1.053 0 0 1-2.105 0V4.93l-9.43 9.428a1.054 1.054 0 1 1-1.49-1.491l9.429-9.429H4.493a1.052 1.052 0 0 1 0-2.105h9.121a1.053 1.053 0 0 1 1.053 1.053Z\" fill=\"currentColor\"\/><\/svg>\n\n\t\t<\/span>\n\n\t\t\t\n\t<\/a>\n\t\t\t\t<\/li>\n\t\t\t\t\t<\/ul>\n\t<\/div>\n\n\n\n<h3 class=\"wp-block-heading\">2020<\/h3>\n\n\n\n<p>Cinematographer and writer&nbsp;<a href=\"https:\/\/iffr.com\/en\/persons\/diego-garc%C3%ADa\" target=\"_blank\" rel=\"noreferrer noopener\">Diego Garc\u00eda<\/a>&nbsp;(Mexico)<\/p>\n\n\n\n\t<div data-name=\"acf\/block-buttons\" class=\"align\">\n\t\t\n\t\t<ul class=\"flex flex-wrap gap-2 md:gap-6\">\n\t\t\t\t\t\t\t<li>\n\t\t\t\t\t\t\t\t\t\t\n\n\n\n\n<a\n\tclass=\"group btn btn-outline  \"\n\t\t\thref=\"https:\/\/www.youtube.com\/watch?v=vJtrKLvwF1A\"\n\t\t\t\ttarget=\"_blank\" rel=\"noopener\"\n\t\t\t\t\t\t\t\t\t\t\t\t\t>\n\t\n\t\t\t<span data-button-text>\n\t\t\tWatch the Masterclass with Diego Garc\u00eda\n\n\t\t\t\t\t\t\t<span class=\"sr-only\">Opent in een nieuw venster<\/span>\n\t\t\t\t\t<\/span>\n\t\n\t\t\t\t\t\n\t\t\t\t\t<span class=\"transition-transform duration-300 group-hover:rotate-45 group-focus-visible:rotate-45 flex items-center justify-center w-[1em] h-[1em] icon group-expanded:hidden\" aria-hidden=\"true\">\n\t\t\t<svg width=\"16\" height=\"16\" viewBox=\"0 0 16 16\" fill=\"none\" xmlns=\"http:\/\/www.w3.org\/2000\/svg\"><path d=\"M14.667 2.386v9.122a1.053 1.053 0 0 1-2.105 0V4.93l-9.43 9.428a1.054 1.054 0 1 1-1.49-1.491l9.429-9.429H4.493a1.052 1.052 0 0 1 0-2.105h9.121a1.053 1.053 0 0 1 1.053 1.053Z\" fill=\"currentColor\"\/><\/svg>\n\n\t\t<\/span>\n\n\t\t\t\n\t<\/a>\n\t\t\t\t<\/li>\n\t\t\t\t\t<\/ul>\n\t<\/div>\n","protected":false},"excerpt":{"rendered":"<p>The Robby M\u00fcller Award is a collaboration between IFFR, the Netherlands Society of Cinematographers (NSC) and Andrea M\u00fcller-Schirmer, Robby M\u00fcller\u2019s wife. Each year, the award honours an \u2018image maker\u2019 (director of photography, filmmaker or visual artist) who, in the spirit of the late Robby M\u00fcller, has created an authentic, credible and emotionally striking visual language [&hellip;]<\/p>\n","protected":false},"author":8,"featured_media":0,"parent":79318,"menu_order":0,"comment_status":"closed","ping_status":"closed","template":"","meta":{"_acf_changed":false,"editor_notices":[],"footnotes":""},"class_list":["post-79336","page","type-page","status-publish","hentry"],"acf":[],"yoast_head":"<!-- This site is optimized with the Yoast SEO plugin v27.1.1 - https:\/\/yoast.com\/product\/yoast-seo-wordpress\/ -->\n<title>Robby M\u00fcller Award - IFFR EN<\/title>\n<meta name=\"robots\" content=\"index, follow, max-snippet:-1, max-image-preview:large, max-video-preview:-1\" \/>\n<link rel=\"canonical\" href=\"https:\/\/iffr.com\/en\/awards-competitions\/robby-m\u00fcller-award\" \/>\n<meta property=\"og:locale\" content=\"en_GB\" \/>\n<meta property=\"og:type\" content=\"article\" \/>\n<meta property=\"og:title\" content=\"Robby M\u00fcller Award - IFFR EN\" \/>\n<meta property=\"og:description\" content=\"The Robby M\u00fcller Award is a collaboration between IFFR, the Netherlands Society of Cinematographers (NSC) and Andrea M\u00fcller-Schirmer, Robby M\u00fcller\u2019s wife. Each year, the award honours an \u2018image maker\u2019 (director of photography, filmmaker or visual artist) who, in the spirit of the late Robby M\u00fcller, has created an authentic, credible and emotionally striking visual language [&hellip;]\" \/>\n<meta property=\"og:url\" content=\"https:\/\/iffr.com\/en\/awards-competitions\/robby-m\u00fcller-award\" \/>\n<meta property=\"og:site_name\" content=\"IFFR EN\" \/>\n<meta property=\"article:modified_time\" content=\"2025-12-04T15:41:27+00:00\" \/>\n<meta property=\"og:image\" content=\"https:\/\/iffr.com\/en\/wp-content\/uploads\/sites\/2\/2025\/12\/Yorick-Le-Saux_Directors-portrait-2.jpg?image-crop-positioner-ts=1764685700\" \/>\n\t<meta property=\"og:image:width\" content=\"1320\" \/>\n\t<meta property=\"og:image:height\" content=\"743\" \/>\n\t<meta property=\"og:image:type\" content=\"image\/jpeg\" \/>\n<meta name=\"twitter:card\" content=\"summary_large_image\" \/>\n<meta name=\"twitter:label1\" content=\"Est. reading time\" \/>\n\t<meta name=\"twitter:data1\" content=\"1 minute\" \/>\n<script type=\"application\/ld+json\" class=\"yoast-schema-graph\">{\"@context\":\"https:\/\/schema.org\",\"@graph\":[{\"@type\":\"WebPage\",\"@id\":\"https:\/\/iffr.com\/en\/awards-competitions\/robby-m%c3%bcller-award\",\"url\":\"https:\/\/iffr.com\/en\/awards-competitions\/robby-m%c3%bcller-award\",\"name\":\"Robby M\u00fcller Award - IFFR EN\",\"isPartOf\":{\"@id\":\"https:\/\/iffr.com\/en\/#website\"},\"primaryImageOfPage\":{\"@id\":\"https:\/\/iffr.com\/en\/awards-competitions\/robby-m%c3%bcller-award#primaryimage\"},\"image\":{\"@id\":\"https:\/\/iffr.com\/en\/awards-competitions\/robby-m%c3%bcller-award#primaryimage\"},\"thumbnailUrl\":\"https:\/\/iffr.com\/en\/wp-content\/uploads\/sites\/2\/2025\/12\/Yorick-Le-Saux_Directors-portrait-2.jpg\",\"datePublished\":\"2024-05-15T16:31:04+00:00\",\"dateModified\":\"2025-12-04T15:41:27+00:00\",\"breadcrumb\":{\"@id\":\"https:\/\/iffr.com\/en\/awards-competitions\/robby-m%c3%bcller-award#breadcrumb\"},\"inLanguage\":\"en-GB\",\"potentialAction\":[{\"@type\":\"ReadAction\",\"target\":[\"https:\/\/iffr.com\/en\/awards-competitions\/robby-m%c3%bcller-award\"]}]},{\"@type\":\"ImageObject\",\"inLanguage\":\"en-GB\",\"@id\":\"https:\/\/iffr.com\/en\/awards-competitions\/robby-m%c3%bcller-award#primaryimage\",\"url\":\"https:\/\/iffr.com\/en\/wp-content\/uploads\/sites\/2\/2025\/12\/Yorick-Le-Saux_Directors-portrait-2.jpg?image-crop-positioner-ts=1764685700\",\"contentUrl\":\"https:\/\/iffr.com\/en\/wp-content\/uploads\/sites\/2\/2025\/12\/Yorick-Le-Saux_Directors-portrait-2.jpg?image-crop-positioner-ts=1764685700\",\"width\":1320,\"height\":743},{\"@type\":\"BreadcrumbList\",\"@id\":\"https:\/\/iffr.com\/en\/awards-competitions\/robby-m%c3%bcller-award#breadcrumb\",\"itemListElement\":[{\"@type\":\"ListItem\",\"position\":1,\"name\":\"Home\",\"item\":\"https:\/\/iffr.com\/en\/\"},{\"@type\":\"ListItem\",\"position\":2,\"name\":\"Awards &amp; Competitions\",\"item\":\"https:\/\/iffr.com\/en\/awards-competitions\"},{\"@type\":\"ListItem\",\"position\":3,\"name\":\"Robby M\u00fcller Award\"}]},{\"@type\":\"WebSite\",\"@id\":\"https:\/\/iffr.com\/en\/#website\",\"url\":\"https:\/\/iffr.com\/en\/\",\"name\":\"IFFR EN\",\"description\":\"\",\"potentialAction\":[{\"@type\":\"SearchAction\",\"target\":{\"@type\":\"EntryPoint\",\"urlTemplate\":\"https:\/\/iffr.com\/en\/?s={search_term_string}\"},\"query-input\":{\"@type\":\"PropertyValueSpecification\",\"valueRequired\":true,\"valueName\":\"search_term_string\"}}],\"inLanguage\":\"en-GB\"}]}<\/script>\n<!-- \/ Yoast SEO plugin. -->","yoast_head_json":{"title":"Robby M\u00fcller Award - IFFR EN","robots":{"index":"index","follow":"follow","max-snippet":"max-snippet:-1","max-image-preview":"max-image-preview:large","max-video-preview":"max-video-preview:-1"},"canonical":"https:\/\/iffr.com\/en\/awards-competitions\/robby-m\u00fcller-award","og_locale":"en_GB","og_type":"article","og_title":"Robby M\u00fcller Award - IFFR EN","og_description":"The Robby M\u00fcller Award is a collaboration between IFFR, the Netherlands Society of Cinematographers (NSC) and Andrea M\u00fcller-Schirmer, Robby M\u00fcller\u2019s wife. Each year, the award honours an \u2018image maker\u2019 (director of photography, filmmaker or visual artist) who, in the spirit of the late Robby M\u00fcller, has created an authentic, credible and emotionally striking visual language [&hellip;]","og_url":"https:\/\/iffr.com\/en\/awards-competitions\/robby-m\u00fcller-award","og_site_name":"IFFR EN","article_modified_time":"2025-12-04T15:41:27+00:00","og_image":[{"width":1320,"height":743,"url":"https:\/\/iffr.com\/en\/wp-content\/uploads\/sites\/2\/2025\/12\/Yorick-Le-Saux_Directors-portrait-2.jpg?image-crop-positioner-ts=1764685700","type":"image\/jpeg"}],"twitter_card":"summary_large_image","twitter_misc":{"Est. reading time":"1 minute"},"schema":{"@context":"https:\/\/schema.org","@graph":[{"@type":"WebPage","@id":"https:\/\/iffr.com\/en\/awards-competitions\/robby-m%c3%bcller-award","url":"https:\/\/iffr.com\/en\/awards-competitions\/robby-m%c3%bcller-award","name":"Robby M\u00fcller Award - IFFR EN","isPartOf":{"@id":"https:\/\/iffr.com\/en\/#website"},"primaryImageOfPage":{"@id":"https:\/\/iffr.com\/en\/awards-competitions\/robby-m%c3%bcller-award#primaryimage"},"image":{"@id":"https:\/\/iffr.com\/en\/awards-competitions\/robby-m%c3%bcller-award#primaryimage"},"thumbnailUrl":"https:\/\/iffr.com\/en\/wp-content\/uploads\/sites\/2\/2025\/12\/Yorick-Le-Saux_Directors-portrait-2.jpg","datePublished":"2024-05-15T16:31:04+00:00","dateModified":"2025-12-04T15:41:27+00:00","breadcrumb":{"@id":"https:\/\/iffr.com\/en\/awards-competitions\/robby-m%c3%bcller-award#breadcrumb"},"inLanguage":"en-GB","potentialAction":[{"@type":"ReadAction","target":["https:\/\/iffr.com\/en\/awards-competitions\/robby-m%c3%bcller-award"]}]},{"@type":"ImageObject","inLanguage":"en-GB","@id":"https:\/\/iffr.com\/en\/awards-competitions\/robby-m%c3%bcller-award#primaryimage","url":"https:\/\/iffr.com\/en\/wp-content\/uploads\/sites\/2\/2025\/12\/Yorick-Le-Saux_Directors-portrait-2.jpg?image-crop-positioner-ts=1764685700","contentUrl":"https:\/\/iffr.com\/en\/wp-content\/uploads\/sites\/2\/2025\/12\/Yorick-Le-Saux_Directors-portrait-2.jpg?image-crop-positioner-ts=1764685700","width":1320,"height":743},{"@type":"BreadcrumbList","@id":"https:\/\/iffr.com\/en\/awards-competitions\/robby-m%c3%bcller-award#breadcrumb","itemListElement":[{"@type":"ListItem","position":1,"name":"Home","item":"https:\/\/iffr.com\/en\/"},{"@type":"ListItem","position":2,"name":"Awards &amp; Competitions","item":"https:\/\/iffr.com\/en\/awards-competitions"},{"@type":"ListItem","position":3,"name":"Robby M\u00fcller Award"}]},{"@type":"WebSite","@id":"https:\/\/iffr.com\/en\/#website","url":"https:\/\/iffr.com\/en\/","name":"IFFR EN","description":"","potentialAction":[{"@type":"SearchAction","target":{"@type":"EntryPoint","urlTemplate":"https:\/\/iffr.com\/en\/?s={search_term_string}"},"query-input":{"@type":"PropertyValueSpecification","valueRequired":true,"valueName":"search_term_string"}}],"inLanguage":"en-GB"}]}},"_links":{"self":[{"href":"https:\/\/iffr.com\/en\/wp-json\/wp\/v2\/pages\/79336","targetHints":{"allow":["GET"]}}],"collection":[{"href":"https:\/\/iffr.com\/en\/wp-json\/wp\/v2\/pages"}],"about":[{"href":"https:\/\/iffr.com\/en\/wp-json\/wp\/v2\/types\/page"}],"author":[{"embeddable":true,"href":"https:\/\/iffr.com\/en\/wp-json\/wp\/v2\/users\/8"}],"replies":[{"embeddable":true,"href":"https:\/\/iffr.com\/en\/wp-json\/wp\/v2\/comments?post=79336"}],"version-history":[{"count":6,"href":"https:\/\/iffr.com\/en\/wp-json\/wp\/v2\/pages\/79336\/revisions"}],"predecessor-version":[{"id":213657,"href":"https:\/\/iffr.com\/en\/wp-json\/wp\/v2\/pages\/79336\/revisions\/213657"}],"up":[{"embeddable":true,"href":"https:\/\/iffr.com\/en\/wp-json\/wp\/v2\/pages\/79318"}],"wp:attachment":[{"href":"https:\/\/iffr.com\/en\/wp-json\/wp\/v2\/media?parent=79336"}],"curies":[{"name":"wp","href":"https:\/\/api.w.org\/{rel}","templated":true}]}}