{"id":44582,"date":"2024-04-29T10:14:55","date_gmt":"2024-04-29T08:14:55","guid":{"rendered":"https:\/\/iffr.com\/en\/?page_id=44582"},"modified":"2025-10-20T14:38:06","modified_gmt":"2025-10-20T12:38:06","slug":"rotterdam-lab","status":"publish","type":"page","link":"https:\/\/iffr.com\/en\/iffr-pro\/talent-development\/rotterdam-lab","title":{"rendered":"Rotterdam Lab"},"content":{"rendered":"\n<p class=\"has-intro-font-size\">Rotterdam Lab is a training workshop for producers at the start of their career, with the aim of offering emerging international professionals the means to build and develop their network. Now approaching its 26th edition, this five-day ride of panel sessions, round-tables, and networking events provides a golden opportunity for participants to refine their (co)producing craft and expand their international network.<\/p>\n\n\n<figure class=\"wp-block-post-featured-image\"><img loading=\"lazy\" decoding=\"async\" width=\"1200\" height=\"800\" src=\"https:\/\/iffr.com\/en\/wp-content\/uploads\/sites\/2\/2024\/06\/Rotterdam-Lab-opening.jpg?image-crop-positioner-ts=1717405591\" class=\"attachment-post-thumbnail size-post-thumbnail wp-post-image\" alt=\"\" style=\"object-fit:cover;\" \/><\/figure>\n\n\n<p>At the heart of Rotterdam Lab is the opportunity for informal networking opportunities between the attending producers that create lasting connections and networks. Screenwriter and script consultant David Pope is the adviser to the Rotterdam Lab programme and moderates all activities during the training workshop.<\/p>\n\n\n\n<p>Participants are nominated to attend by IFFR Pro&#8217;s partner organisation. For the third year running, an open call was launched for the 2026 edition.<\/p>\n\n\n\n\n\t<div data-name=\"acf\/block-cta-wide\" class=\"alignwide\">\n\t\t<div data-component=\"cta-wide\" class=\"flex flex-col gap-4 lg:flex-row lg:items-center\">\n\t<div class=\"relative flex flex-col gap-4 py-6 md:py-16 lg:px-16 lg:basis-7\/12\">\n\t\t\t\t\t<h2 class=\"text-lg md:text-xl font-heading\">Rotterdam Lab: 25 Years, 25 Lessons<\/h2>\n\t\t\n\t\t\t\t\t<div class=\"text-md md:text-lg\">\n\t\t\t\t<p>For 25 years, Rotterdam Lab has been more than a workshop \u2013 it\u2019s been a launchpad for countless emerging film producers from across the globe. In the spirit of this milestone anniversary, we\u2019re looking back at 25 lessons shared by past participants, reflecting on the collaboration and shared learning that defines the Lab.<\/p>\n\n\t\t\t<\/div>\n\t\t\n\t\t\t\t\t<ul class=\"flex flex-wrap w-auto gap-4\">\n\t\t\t\t\t\t\t\t\t<li class=\"flex items-stretch\">\n\t\t\t\t\t\t\t\t\t\t\t\t\n\n\n\n\n<a\n\tclass=\"group btn btn-outline  \"\n\t\t\thref=\"https:\/\/iffr.com\/en\/blog-rotterdam-lab-25-years-25-lessons\"\n\t\t\t\t\t\t\t\t\t\t\t\t\t\t>\n\t\n\t\t\t<span data-button-text>\n\t\t\tRead our 25 lessons\n\n\t\t\t\t\t<\/span>\n\t\n\t\t\t\t\t\n\t\t\t\t\t<span class=\"transition-transform duration-300 group-hover:translate-x-2 group-focus-visible:translate-x-2 flex items-center justify-center w-[1em] h-[1em] icon group-expanded:hidden\" aria-hidden=\"true\">\n\t\t\t<svg width=\"24\" height=\"24\" viewBox=\"0 0 24 24\" fill=\"none\" xmlns=\"http:\/\/www.w3.org\/2000\/svg\"><path d=\"m23.575 13.022-8.639 8.638a1.442 1.442 0 0 1-2.04-2.04l6.18-6.177H1.44a1.44 1.44 0 0 1 0-2.88h17.637l-6.178-6.18a1.442 1.442 0 0 1 2.04-2.04l8.638 8.638a1.44 1.44 0 0 1-.002 2.04Z\" fill=\"currentColor\"\/><\/svg>\n\n\t\t<\/span>\n\n\t\t\t\n\t<\/a>\n\t\t\t\t\t<\/li>\n\t\t\t\t\t\t\t<\/ul>\n\t\t\t<\/div>\n\n\t\t\t<div class=\"overflow-hidden rounded-lg image:h-full image:aspect-video image:object-cover image:w-full lg:order-first lg:basis-5\/12\">\n\t\t\t<img loading=\"lazy\" decoding=\"async\" width=\"1296\" height=\"729\" src=\"https:\/\/iffr.com\/en\/wp-content\/uploads\/sites\/2\/2025\/01\/25-Years-25-Lessons-1296x729.gif?image-crop-positioner-ts=1737559491\" class=\"attachment-video_lg size-video_lg\" alt=\"\" sizes=\"auto, 530px\" srcset=\"https:\/\/iffr.com\/en\/wp-content\/uploads\/sites\/2\/2025\/01\/25-Years-25-Lessons-1296x729.gif?image-crop-positioner-ts=1737559491 1296w, https:\/\/iffr.com\/en\/wp-content\/uploads\/sites\/2\/2025\/01\/25-Years-25-Lessons-288x162.gif?image-crop-positioner-ts=1737559491 288w, https:\/\/iffr.com\/en\/wp-content\/uploads\/sites\/2\/2025\/01\/25-Years-25-Lessons-432x243.gif?image-crop-positioner-ts=1737559491 432w, https:\/\/iffr.com\/en\/wp-content\/uploads\/sites\/2\/2025\/01\/25-Years-25-Lessons-832x468.gif?image-crop-positioner-ts=1737559491 832w, https:\/\/iffr.com\/en\/wp-content\/uploads\/sites\/2\/2025\/01\/25-Years-25-Lessons.gif?image-crop-positioner-ts=1737559491 1920w\" \/>\n\t\t<\/div>\n\t\n\t\n<\/div>\n\t<\/div>\n\n\n\n\n\t<div data-name=\"acf\/block-cta-wide\" class=\"alignwide\">\n\t\t<div data-component=\"cta-wide\" class=\"flex flex-col gap-4 lg:flex-row lg:items-center\">\n\t<div class=\"relative flex flex-col gap-4 py-6 md:py-16 lg:px-16 lg:basis-7\/12\">\n\t\t\t\t\t<h2 class=\"text-lg md:text-xl font-heading\">Interview with Rotterdam Lab graduate Aiko Masubuchi on Happyend<\/h2>\n\t\t\n\t\t\t\t\t<div class=\"text-md md:text-lg\">\n\t\t\t\t<p>Masubichi was one of two Rotterdam Lab alumni producers on Neo Sora\u2019s near-future high school drama Happyend, working alongside collaborator and 2023 graduate Albert Tholen. Hear what she had to say about her experience.<\/p>\n\n\t\t\t<\/div>\n\t\t\n\t\t\t\t\t<ul class=\"flex flex-wrap w-auto gap-4\">\n\t\t\t\t\t\t\t\t\t<li class=\"flex items-stretch\">\n\t\t\t\t\t\t\t\t\t\t\t\t\n\n\n\n\n<a\n\tclass=\"group btn btn-primary  \"\n\t\t\thref=\"https:\/\/iffr.com\/en\/blog-aiko-masubuchi-happyend\"\n\t\t\t\t\t\t\t\t\t\t\t\t\t\t>\n\t\n\t\t\t<span data-button-text>\n\t\t\tRead the interview\n\n\t\t\t\t\t<\/span>\n\t\n\t\t\t\t\t\n\t\t\t\t\t<span class=\"transition-transform duration-300 group-hover:rotate-45 group-focus-visible:rotate-45 flex items-center justify-center w-[1em] h-[1em] icon group-expanded:hidden\" aria-hidden=\"true\">\n\t\t\t<svg width=\"16\" height=\"16\" viewBox=\"0 0 16 16\" fill=\"none\" xmlns=\"http:\/\/www.w3.org\/2000\/svg\"><path d=\"M14.667 2.386v9.122a1.053 1.053 0 0 1-2.105 0V4.93l-9.43 9.428a1.054 1.054 0 1 1-1.49-1.491l9.429-9.429H4.493a1.052 1.052 0 0 1 0-2.105h9.121a1.053 1.053 0 0 1 1.053 1.053Z\" fill=\"currentColor\"\/><\/svg>\n\n\t\t<\/span>\n\n\t\t\t\n\t<\/a>\n\t\t\t\t\t<\/li>\n\t\t\t\t\t\t\t<\/ul>\n\t\t\t<\/div>\n\n\t\t\t<div class=\"overflow-hidden rounded-lg image:h-full image:aspect-video image:object-cover image:w-full lg:order-first lg:basis-5\/12\">\n\t\t\t<img loading=\"lazy\" decoding=\"async\" width=\"1296\" height=\"729\" src=\"https:\/\/iffr.com\/en\/wp-content\/uploads\/sites\/2\/2024\/10\/shina-tiff-44-min-scaled-e1729164481288-1296x729.jpeg?image-crop-positioner-ts=1729164482\" class=\"attachment-video_lg size-video_lg\" alt=\"\" sizes=\"auto, 530px\" srcset=\"https:\/\/iffr.com\/en\/wp-content\/uploads\/sites\/2\/2024\/10\/shina-tiff-44-min-scaled-e1729164481288-1296x729.jpeg?image-crop-positioner-ts=1729164482 1296w, https:\/\/iffr.com\/en\/wp-content\/uploads\/sites\/2\/2024\/10\/shina-tiff-44-min-scaled-e1729164481288-288x162.jpeg?image-crop-positioner-ts=1729164482 288w, https:\/\/iffr.com\/en\/wp-content\/uploads\/sites\/2\/2024\/10\/shina-tiff-44-min-scaled-e1729164481288-432x243.jpeg?image-crop-positioner-ts=1729164482 432w, https:\/\/iffr.com\/en\/wp-content\/uploads\/sites\/2\/2024\/10\/shina-tiff-44-min-scaled-e1729164481288-832x468.jpeg?image-crop-positioner-ts=1729164482 832w\" \/>\n\t\t<\/div>\n\t\n\t\n<\/div>\n\t<\/div>\n\n\n\n<h2 class=\"wp-block-heading\">Who can attend Rotterdam Lab?<\/h2>\n\n\n\n<p>The majority of participants are nominated to attend by IFFR Pro&#8217;s partner organisations. The participants for Rotterdam Lab are emerging producers, who should have produced at least one or two short films, and not more than two feature films. These conditions are set to make sure that the level of the group is balanced and that the producers are more or less in the same stage of building their career.<\/p>\n\n\n\n\t<div data-name=\"acf\/block-buttons\" class=\"align\">\n\t\t\n\t\t<ul class=\"flex flex-wrap gap-2 md:gap-6\">\n\t\t\t\t\t\t\t<li>\n\t\t\t\t\t\t\t\t\t\t\n\n\n\n\n<a\n\tclass=\"group btn btn-primary  \"\n\t\t\thref=\"https:\/\/iffr.com\/en\/iffr-pro\/talent-development\/rotterdam-lab\/rotterdam-lab-participants-2025\"\n\t\t\t\t\t\t\t\t\t\t\t\t\t\t>\n\t\n\t\t\t<span data-button-text>\n\t\t\t2025 participants\n\n\t\t\t\t\t<\/span>\n\t\n\t\t\t\t\t\n\t\t\t\t\t<span class=\"transition-transform duration-300 group-hover:rotate-45 group-focus-visible:rotate-45 flex items-center justify-center w-[1em] h-[1em] icon group-expanded:hidden\" aria-hidden=\"true\">\n\t\t\t<svg width=\"16\" height=\"16\" viewBox=\"0 0 16 16\" fill=\"none\" xmlns=\"http:\/\/www.w3.org\/2000\/svg\"><path d=\"M14.667 2.386v9.122a1.053 1.053 0 0 1-2.105 0V4.93l-9.43 9.428a1.054 1.054 0 1 1-1.49-1.491l9.429-9.429H4.493a1.052 1.052 0 0 1 0-2.105h9.121a1.053 1.053 0 0 1 1.053 1.053Z\" fill=\"currentColor\"\/><\/svg>\n\n\t\t<\/span>\n\n\t\t\t\n\t<\/a>\n\t\t\t\t<\/li>\n\t\t\t\t\t<\/ul>\n\t<\/div>\n\n\n\n\n\n\t<div data-name=\"acf\/block-accordion\" class=\"aligncenter\" >\n\t\t<div class=\"flex flex-col gap-4 md:gap-6\">\n\t\t\t\n\t\t\t\n<ul data-component=\"accordion\" class=\"flex flex-col gap-2\">\n\t\t\t<li>\n\t\t\t<details  class=\"rounded-lg group bg-base-300\">\n\t\t\t\t<summary class=\"flex items-center justify-between gap-2 p-4 list-none cursor-pointer md:py-6\">\n\t\t\t\t\t<h3 class=\"font-heading md:text-md\">\n\t\t\t\t\t\tParticipants 2024\n\t\t\t\t\t<\/h3>\n\n\t\t\t\t\t\t\t\t\t\t<svg class=\"transition group-open:rotate-90 shrink-0\" aria-hidden=\"true\" width=\"18\" height=\"18\" viewBox=\"0 0 18 18\" fill=\"none\" xmlns=\"http:\/\/www.w3.org\/2000\/svg\">\n\t\t\t\t\t\t<path d=\"M8.29688 0.5625H9.70312C9.82812 0.5625 9.89062 0.625 9.89062 0.75V17.25C9.89062 17.375 9.82812 17.4375 9.70312 17.4375H8.29688C8.17188 17.4375 8.10938 17.375 8.10938 17.25V0.75C8.10938 0.625 8.17188 0.5625 8.29688 0.5625Z\" fill=\"currentColor\"\/>\n\t\t\t\t\t\t<path class=\"transition group-open:opacity-0\" d=\"M1.125 8.10938H16.875C17 8.10938 17.0625 8.17188 17.0625 8.29688V9.70312C17.0625 9.82812 17 9.89062 16.875 9.89062H1.125C1 9.89062 0.9375 9.82812 0.9375 9.70312V8.29688C0.9375 8.17188 1 8.10938 1.125 8.10938Z\" fill=\"currentColor\"\/>\n\t\t\t\t\t<\/svg>\n\t\t\t\t<\/summary>\n\n\t\t\t\t<div class=\"px-4 pb-4 -mt-2 md:pb-6 ll-wysiwyg\">\n\t\t\t\t\t<ul>\n<li>Alex Polunin, Sundance Institute, United Kingdom<\/li>\n<li>Alicia Ni Ghr\u00e1inne, Screen Ireland, Ireland<\/li>\n<li>Alyaa Musa, IEFTA, Sudan<\/li>\n<li>Ana Mar\u00eda Mayo, Proimagenes Colombia<\/li>\n<li>Asta Stuhr, Danish Film Institute, Denmark<\/li>\n<li>Babalwa Baartman, Realness Institute, South Africa<\/li>\n<li>Bambby Cheuk, Singapore Film Commission, Singapore<\/li>\n<li>Ben De Raes, Flanders Audiovisual Fund, Belgium<\/li>\n<li>\u00c7a\u011fda\u015f Y\u00fcksel, Film -und Medienstiftung NRW GmbH, Germany<\/li>\n<li>Caroline Hitland, Norwegian Film Institute, Norway<\/li>\n<li>Chantal Scheiner, Swiss Films, Switzerland<\/li>\n<li>Christelle Younes Aflamuna, Beirut Cinema Platform, Lebanon<\/li>\n<li>Claudio Montesano Casillasn, Netherlands Film Fund, Netherlands<\/li>\n<li>Dida Nibagwire, Great Lakes Creative Producers Lab, Rwanda<\/li>\n<li>Diego Saniz, ECAM \u2013 La Incubadora, Spain<\/li>\n<li>Dylan Klass, Wallonie Bruxelles Images, Belgium<\/li>\n<li>Eduardo Tello, Peru<\/li>\n<li>Enea Gramo, European Audiovisual Entrepreneurs (EAVE), Albania<\/li>\n<li>Evan Horan, European Audiovisual Entrepreneurs (EAVE), Ireland<\/li>\n<li>Fatma Racha Shehadeh, Arab Cinema Center, Lebanon<\/li>\n<li>Franco Bautista, Guanajuato International Film Festival, Mexico<\/li>\n<li>Fr\u00e9d\u00e9ric Zeimet, Film Fund Luxembourg, Luxembourg<\/li>\n<li>Gema Arquero, Catalan Films, Spain<\/li>\n<li>Geo Lomuntad, Film Development Council Of The Philippines, Philippines<\/li>\n<li>Ghaidaa Abuazzah, Arab Cinema Center, Saudi Arabia<\/li>\n<li>Hadeel Lawi, Royal Film Commission, Jordan Jordan<\/li>\n<li>Hugh Mann Adamson, British Council, United Kingdom<\/li>\n<li>Hyunmin Choi, KOFIC, South Korea<\/li>\n<li>Irene Mu\u00f1oz Martin, Swiss Films, Switzerland<\/li>\n<li>Ivana Ur\u00edzar, Locarno Film Festival, Paraguay<\/li>\n<li>Jacopo Pica, Cinecitt\u00e0 S.p.A., Italy<\/li>\n<li>Joseph Balass, Telefilm Canada, Canada<\/li>\n<li>Joyce Chou, TAICCA, Taiwan<\/li>\n<li>Jules Reinartz, Unifrance, France<\/li>\n<li>Kanwal Khoosat, Documentary Association of Pakistan, Pakistan<\/li>\n<li>Katharina Weser, German Films, Germany<\/li>\n<li>Kentaro Hayashi, VIPO, Japan<\/li>\n<li>Kesmat El Sayed, Arab Cinema Center<\/li>\n<li>Laura Egidos, Catalan Films, Spain<\/li>\n<li>Leen Al Hamarneh, Royal Film Commission Jordan, Jordan<\/li>\n<li>Liliana Lasprilla, Portugal<\/li>\n<li>Madeleine Davis, Telefilm Canada, Canada<\/li>\n<li>Madhiha Duynhouwer, Netherlands Film Fund, Netherlands<\/li>\n<li>Manuela Buono, Cinecitt\u00e0 S.p.A., Italy<\/li>\n<li>Maria Caruana Galizia, British Council, United Kingdom<\/li>\n<li>Maria Laskaridou, Greek Film Center, Greece<\/li>\n<li>Marta Gmosi\u0144ska, Poland<\/li>\n<li>Mette Mikkelsen, Danish Film Institute, Denmark<\/li>\n<li>Mica Oliveros, Film Development Council Of The Philippines, Philippines<\/li>\n<li>Ming-Jung Kuo, TAICCA, Taiwan<\/li>\n<li>Mirjam Gelhorn, Swedish Film Institute, Sweden<\/li>\n<li>Nika Obucina, Croatian Audiovisual Centre, Croatia<\/li>\n<li>Patricia D&#8217;Intino, Hungary<\/li>\n<li>Paul Fitzsimons, Screen Ireland, Ireland<\/li>\n<li>Ross McKenzie, Screen Scotland, United Kingdom<\/li>\n<li>Sacha Gertsik, Netherlands Film Fund, Netherlands<\/li>\n<li>Satoko Sekiguchi, VIPO, Japan<\/li>\n<li>Shehrezade Mian, Telefilm Canada, Canada<\/li>\n<li>Sophia Sim, Singapore Film Commission, Singapore<\/li>\n<li>Sophie D\u2019Souza, Danish Film Institute, Denmark<\/li>\n<li>Sophie Luo, The Gotham Film &amp; Media Institute, United States<\/li>\n<li>Sophie Roudaut, Unifrance, France<\/li>\n<li>Sphe Dludlu, Durban FilmMart\/Durban Film Office, South Africa<\/li>\n<li>Steffi K\u00f6hler, Film -und Medienstiftung NRW GmbH, Germany<\/li>\n<li>Tanya Batson-Savage, JAMPRO \/JAFTA, Jamaica<\/li>\n<li>Tara Sheffer, The Gotham Film &amp; Media Institute, United States<\/li>\n<li>Ti\u00ea Villares, Projeto Paradiso, Brazil<\/li>\n<li>Tom\u00e1\u0161 Pertold, MIDPOINT, Czech Repuplic<\/li>\n<li>Tricia Sello, Botswana<\/li>\n<li>Valerie Castillo Mart\u00ednez, Sundance Institute, United States<\/li>\n<li>Viktor Baran Gelir Enoksen, Norwegian Film Institute, Norway<\/li>\n<\/ul>\n\n\t\t\t\t<\/div>\n\t\t\t<\/details>\n\t\t<\/li>\n\t<\/ul>\n\n\t\t\t\t\t<\/div>\n\t<\/div>\n\n\n\n<p>The participants for Rotterdam Lab are emerging producers, who should have produced at least one or two short films, and not more than two feature films. These conditions are set to make sure that the level of the group is balanced and that the producers are more or less in the same stage of building their career.<\/p>\n\n\n\n\t<div data-name=\"acf\/block-cta\">\n\t\t<div data-component=\"cta\">\n\t<div class=\"relative flex flex-col gap-4 p-8 md:p-16 text-base bg-base-300 rounded-lg \">\n\t\t\t\t\t<h2 class=\"text-lg md:text-xl font-heading\">Contact<\/h2>\n\t\t\n\t\t\t\t\t<div class=\"text-md md:text-lg\">\n\t\t\t\t<p>For any further questions about Rotterdam Lab, contact Talent Manager Facundo Lema.<\/p>\n\n\t\t\t<\/div>\n\t\t\n\t\t\t\t\t<ul class=\"flex flex-wrap w-auto gap-4\">\n\t\t\t\t\t\t\t\t\t<li class=\"flex items-stretch\">\n\t\t\t\t\t\t\t\t\t\t\t\t\n\n\n\n\n<a\n\tclass=\"group btn btn-secondary  \"\n\t\t\thref=\"mailto:talent@IFFR.com\"\n\t\t\t\t\t\t\t\t\t\t\t\t\t\t>\n\t\n\t\t\t<span data-button-text>\n\t\t\tEmail talent@IFFR.com\n\n\t\t\t\t\t<\/span>\n\t\n\t\t\t\t\t\n\t\t\t\t\t<span class=\"transition-transform duration-300 group-hover:translate-x-2 group-focus-visible:translate-x-2 flex items-center justify-center w-[1em] h-[1em] icon group-expanded:hidden\" aria-hidden=\"true\">\n\t\t\t<svg width=\"24\" height=\"24\" viewBox=\"0 0 24 24\" fill=\"none\" xmlns=\"http:\/\/www.w3.org\/2000\/svg\"><path d=\"m23.575 13.022-8.639 8.638a1.442 1.442 0 0 1-2.04-2.04l6.18-6.177H1.44a1.44 1.44 0 0 1 0-2.88h17.637l-6.178-6.18a1.442 1.442 0 0 1 2.04-2.04l8.638 8.638a1.44 1.44 0 0 1-.002 2.04Z\" fill=\"currentColor\"\/><\/svg>\n\n\t\t<\/span>\n\n\t\t\t\n\t<\/a>\n\t\t\t\t\t<\/li>\n\t\t\t\t\t\t\t<\/ul>\n\t\t\t<\/div>\n\n\t<\/div>\n\t<\/div>\n\n\n\n<h2 class=\"wp-block-heading\">Supported by<\/h2>\n\n\n\n<figure class=\"wp-block-image size-full\"><img loading=\"lazy\" decoding=\"async\" width=\"400\" height=\"134\" src=\"https:\/\/iffr.com\/en\/wp-content\/uploads\/sites\/2\/2024\/05\/EU-flag-Crea-EU-MEDIA-8.png\" alt=\"\" class=\"wp-image-119656\" \/><\/figure>\n","protected":false},"excerpt":{"rendered":"<p>Rotterdam Lab is a training workshop for producers at the start of their career, with the aim of offering emerging international professionals the means to build and develop their network. Now approaching its 26th edition, this five-day ride of panel sessions, round-tables, and networking events provides a golden opportunity for participants to refine their (co)producing [&hellip;]<\/p>\n","protected":false},"author":4,"featured_media":186263,"parent":44576,"menu_order":0,"comment_status":"closed","ping_status":"closed","template":"","meta":{"_acf_changed":false,"editor_notices":[],"footnotes":""},"class_list":["post-44582","page","type-page","status-publish","has-post-thumbnail","hentry"],"acf":[],"yoast_head":"<!-- This site is optimized with the Yoast SEO plugin v27.3 - https:\/\/yoast.com\/product\/yoast-seo-wordpress\/ -->\n<title>Rotterdam Lab - IFFR EN<\/title>\n<meta name=\"robots\" content=\"index, follow, max-snippet:-1, max-image-preview:large, max-video-preview:-1\" \/>\n<link rel=\"canonical\" href=\"https:\/\/iffr.com\/en\/iffr-pro\/talent-development\/rotterdam-lab\" \/>\n<meta property=\"og:locale\" content=\"en_GB\" \/>\n<meta property=\"og:type\" content=\"article\" \/>\n<meta property=\"og:title\" content=\"Rotterdam Lab - IFFR EN\" \/>\n<meta property=\"og:description\" content=\"Rotterdam Lab is a training workshop for producers at the start of their career, with the aim of offering emerging international professionals the means to build and develop their network. Now approaching its 26th edition, this five-day ride of panel sessions, round-tables, and networking events provides a golden opportunity for participants to refine their (co)producing [&hellip;]\" \/>\n<meta property=\"og:url\" content=\"https:\/\/iffr.com\/en\/iffr-pro\/talent-development\/rotterdam-lab\" \/>\n<meta property=\"og:site_name\" content=\"IFFR EN\" \/>\n<meta property=\"article:modified_time\" content=\"2025-10-20T12:38:06+00:00\" \/>\n<meta property=\"og:image\" content=\"https:\/\/iffr.com\/en\/wp-content\/uploads\/sites\/2\/2024\/06\/Rotterdam-Lab-opening.jpg?image-crop-positioner-ts=1717405591\" \/>\n\t<meta property=\"og:image:width\" content=\"1200\" \/>\n\t<meta property=\"og:image:height\" content=\"800\" \/>\n\t<meta property=\"og:image:type\" content=\"image\/jpeg\" \/>\n<meta name=\"twitter:card\" content=\"summary_large_image\" \/>\n<meta name=\"twitter:label1\" content=\"Est. reading time\" \/>\n\t<meta name=\"twitter:data1\" content=\"2 minutes\" \/>\n<script type=\"application\/ld+json\" class=\"yoast-schema-graph\">{\"@context\":\"https:\\\/\\\/schema.org\",\"@graph\":[{\"@type\":\"WebPage\",\"@id\":\"https:\\\/\\\/iffr.com\\\/en\\\/iffr-pro\\\/talent-development\\\/rotterdam-lab\",\"url\":\"https:\\\/\\\/iffr.com\\\/en\\\/iffr-pro\\\/talent-development\\\/rotterdam-lab\",\"name\":\"Rotterdam Lab - IFFR EN\",\"isPartOf\":{\"@id\":\"https:\\\/\\\/iffr.com\\\/en\\\/#website\"},\"primaryImageOfPage\":{\"@id\":\"https:\\\/\\\/iffr.com\\\/en\\\/iffr-pro\\\/talent-development\\\/rotterdam-lab#primaryimage\"},\"image\":{\"@id\":\"https:\\\/\\\/iffr.com\\\/en\\\/iffr-pro\\\/talent-development\\\/rotterdam-lab#primaryimage\"},\"thumbnailUrl\":\"https:\\\/\\\/iffr.com\\\/en\\\/wp-content\\\/uploads\\\/sites\\\/2\\\/2024\\\/06\\\/Rotterdam-Lab-opening.jpg?image-crop-positioner-ts=1717405591\",\"datePublished\":\"2024-04-29T08:14:55+00:00\",\"dateModified\":\"2025-10-20T12:38:06+00:00\",\"breadcrumb\":{\"@id\":\"https:\\\/\\\/iffr.com\\\/en\\\/iffr-pro\\\/talent-development\\\/rotterdam-lab#breadcrumb\"},\"inLanguage\":\"en-GB\",\"potentialAction\":[{\"@type\":\"ReadAction\",\"target\":[\"https:\\\/\\\/iffr.com\\\/en\\\/iffr-pro\\\/talent-development\\\/rotterdam-lab\"]}]},{\"@type\":\"ImageObject\",\"inLanguage\":\"en-GB\",\"@id\":\"https:\\\/\\\/iffr.com\\\/en\\\/iffr-pro\\\/talent-development\\\/rotterdam-lab#primaryimage\",\"url\":\"https:\\\/\\\/iffr.com\\\/en\\\/wp-content\\\/uploads\\\/sites\\\/2\\\/2024\\\/06\\\/Rotterdam-Lab-opening.jpg?image-crop-positioner-ts=1717405591\",\"contentUrl\":\"https:\\\/\\\/iffr.com\\\/en\\\/wp-content\\\/uploads\\\/sites\\\/2\\\/2024\\\/06\\\/Rotterdam-Lab-opening.jpg?image-crop-positioner-ts=1717405591\",\"width\":1200,\"height\":800,\"caption\":\"Nederland, Rotterdam, 29\\\/01\\\/2023, IFFR 2023. Rotterdam Lab Session: Co-production Case Study \u2014 Pamfir at De Doelen Eduard Flipse Zaal. foto Jan de Groen.\"},{\"@type\":\"BreadcrumbList\",\"@id\":\"https:\\\/\\\/iffr.com\\\/en\\\/iffr-pro\\\/talent-development\\\/rotterdam-lab#breadcrumb\",\"itemListElement\":[{\"@type\":\"ListItem\",\"position\":1,\"name\":\"Home\",\"item\":\"https:\\\/\\\/iffr.com\\\/en\\\/\"},{\"@type\":\"ListItem\",\"position\":2,\"name\":\"IFFR Pro\",\"item\":\"https:\\\/\\\/iffr.com\\\/en\\\/iffr-pro\"},{\"@type\":\"ListItem\",\"position\":3,\"name\":\"Talent Development\",\"item\":\"https:\\\/\\\/iffr.com\\\/en\\\/iffr-pro\\\/talent-development\"},{\"@type\":\"ListItem\",\"position\":4,\"name\":\"Rotterdam Lab\"}]},{\"@type\":\"WebSite\",\"@id\":\"https:\\\/\\\/iffr.com\\\/en\\\/#website\",\"url\":\"https:\\\/\\\/iffr.com\\\/en\\\/\",\"name\":\"IFFR EN\",\"description\":\"\",\"potentialAction\":[{\"@type\":\"SearchAction\",\"target\":{\"@type\":\"EntryPoint\",\"urlTemplate\":\"https:\\\/\\\/iffr.com\\\/en\\\/?s={search_term_string}\"},\"query-input\":{\"@type\":\"PropertyValueSpecification\",\"valueRequired\":true,\"valueName\":\"search_term_string\"}}],\"inLanguage\":\"en-GB\"}]}<\/script>\n<!-- \/ Yoast SEO plugin. -->","yoast_head_json":{"title":"Rotterdam Lab - IFFR EN","robots":{"index":"index","follow":"follow","max-snippet":"max-snippet:-1","max-image-preview":"max-image-preview:large","max-video-preview":"max-video-preview:-1"},"canonical":"https:\/\/iffr.com\/en\/iffr-pro\/talent-development\/rotterdam-lab","og_locale":"en_GB","og_type":"article","og_title":"Rotterdam Lab - IFFR EN","og_description":"Rotterdam Lab is a training workshop for producers at the start of their career, with the aim of offering emerging international professionals the means to build and develop their network. Now approaching its 26th edition, this five-day ride of panel sessions, round-tables, and networking events provides a golden opportunity for participants to refine their (co)producing [&hellip;]","og_url":"https:\/\/iffr.com\/en\/iffr-pro\/talent-development\/rotterdam-lab","og_site_name":"IFFR EN","article_modified_time":"2025-10-20T12:38:06+00:00","og_image":[{"width":1200,"height":800,"url":"https:\/\/iffr.com\/en\/wp-content\/uploads\/sites\/2\/2024\/06\/Rotterdam-Lab-opening.jpg?image-crop-positioner-ts=1717405591","type":"image\/jpeg"}],"twitter_card":"summary_large_image","twitter_misc":{"Est. reading time":"2 minutes"},"schema":{"@context":"https:\/\/schema.org","@graph":[{"@type":"WebPage","@id":"https:\/\/iffr.com\/en\/iffr-pro\/talent-development\/rotterdam-lab","url":"https:\/\/iffr.com\/en\/iffr-pro\/talent-development\/rotterdam-lab","name":"Rotterdam Lab - IFFR EN","isPartOf":{"@id":"https:\/\/iffr.com\/en\/#website"},"primaryImageOfPage":{"@id":"https:\/\/iffr.com\/en\/iffr-pro\/talent-development\/rotterdam-lab#primaryimage"},"image":{"@id":"https:\/\/iffr.com\/en\/iffr-pro\/talent-development\/rotterdam-lab#primaryimage"},"thumbnailUrl":"https:\/\/iffr.com\/en\/wp-content\/uploads\/sites\/2\/2024\/06\/Rotterdam-Lab-opening.jpg?image-crop-positioner-ts=1717405591","datePublished":"2024-04-29T08:14:55+00:00","dateModified":"2025-10-20T12:38:06+00:00","breadcrumb":{"@id":"https:\/\/iffr.com\/en\/iffr-pro\/talent-development\/rotterdam-lab#breadcrumb"},"inLanguage":"en-GB","potentialAction":[{"@type":"ReadAction","target":["https:\/\/iffr.com\/en\/iffr-pro\/talent-development\/rotterdam-lab"]}]},{"@type":"ImageObject","inLanguage":"en-GB","@id":"https:\/\/iffr.com\/en\/iffr-pro\/talent-development\/rotterdam-lab#primaryimage","url":"https:\/\/iffr.com\/en\/wp-content\/uploads\/sites\/2\/2024\/06\/Rotterdam-Lab-opening.jpg?image-crop-positioner-ts=1717405591","contentUrl":"https:\/\/iffr.com\/en\/wp-content\/uploads\/sites\/2\/2024\/06\/Rotterdam-Lab-opening.jpg?image-crop-positioner-ts=1717405591","width":1200,"height":800,"caption":"Nederland, Rotterdam, 29\/01\/2023, IFFR 2023. Rotterdam Lab Session: Co-production Case Study \u2014 Pamfir at De Doelen Eduard Flipse Zaal. foto Jan de Groen."},{"@type":"BreadcrumbList","@id":"https:\/\/iffr.com\/en\/iffr-pro\/talent-development\/rotterdam-lab#breadcrumb","itemListElement":[{"@type":"ListItem","position":1,"name":"Home","item":"https:\/\/iffr.com\/en\/"},{"@type":"ListItem","position":2,"name":"IFFR Pro","item":"https:\/\/iffr.com\/en\/iffr-pro"},{"@type":"ListItem","position":3,"name":"Talent Development","item":"https:\/\/iffr.com\/en\/iffr-pro\/talent-development"},{"@type":"ListItem","position":4,"name":"Rotterdam Lab"}]},{"@type":"WebSite","@id":"https:\/\/iffr.com\/en\/#website","url":"https:\/\/iffr.com\/en\/","name":"IFFR EN","description":"","potentialAction":[{"@type":"SearchAction","target":{"@type":"EntryPoint","urlTemplate":"https:\/\/iffr.com\/en\/?s={search_term_string}"},"query-input":{"@type":"PropertyValueSpecification","valueRequired":true,"valueName":"search_term_string"}}],"inLanguage":"en-GB"}]}},"_links":{"self":[{"href":"https:\/\/iffr.com\/en\/wp-json\/wp\/v2\/pages\/44582","targetHints":{"allow":["GET"]}}],"collection":[{"href":"https:\/\/iffr.com\/en\/wp-json\/wp\/v2\/pages"}],"about":[{"href":"https:\/\/iffr.com\/en\/wp-json\/wp\/v2\/types\/page"}],"author":[{"embeddable":true,"href":"https:\/\/iffr.com\/en\/wp-json\/wp\/v2\/users\/4"}],"replies":[{"embeddable":true,"href":"https:\/\/iffr.com\/en\/wp-json\/wp\/v2\/comments?post=44582"}],"version-history":[{"count":14,"href":"https:\/\/iffr.com\/en\/wp-json\/wp\/v2\/pages\/44582\/revisions"}],"predecessor-version":[{"id":211870,"href":"https:\/\/iffr.com\/en\/wp-json\/wp\/v2\/pages\/44582\/revisions\/211870"}],"up":[{"embeddable":true,"href":"https:\/\/iffr.com\/en\/wp-json\/wp\/v2\/pages\/44576"}],"wp:featuredmedia":[{"embeddable":true,"href":"https:\/\/iffr.com\/en\/wp-json\/wp\/v2\/media\/186263"}],"wp:attachment":[{"href":"https:\/\/iffr.com\/en\/wp-json\/wp\/v2\/media?parent=44582"}],"curies":[{"name":"wp","href":"https:\/\/api.w.org\/{rel}","templated":true}]}}