{"id":221668,"date":"2026-01-14T11:36:19","date_gmt":"2026-01-14T10:36:19","guid":{"rendered":"https:\/\/iffr.com\/en\/?page_id=221668"},"modified":"2026-01-30T16:41:47","modified_gmt":"2026-01-30T15:41:47","slug":"big-talk-film-kleber-mendon%c3%a7a-filho-carla-sim%c3%b3n-the-secret-agent","status":"publish","type":"page","link":"https:\/\/iffr.com\/en\/iffr-2026-talks\/big-talk-film-kleber-mendon%c3%a7a-filho-carla-sim%c3%b3n-the-secret-agent","title":{"rendered":"Big Talk + Film: Kleber Mendon\u00e7a Filho &amp; Carla Sim\u00f3n + The Secret Agent"},"content":{"rendered":"\n<p class=\"has-intro-font-size\">Fancy a double-bill? It is this year also possible to purchase a joint ticket for our Big Talks and a connected film from the programme, at a reduced rate.<\/p>\n\n\n\n<figure class=\"wp-block-image size-full\"><img loading=\"lazy\" decoding=\"async\" width=\"1908\" height=\"1073\" src=\"https:\/\/iffr.com\/en\/wp-content\/uploads\/sites\/2\/2026\/01\/0ed10c09-9fc3-4625-8f15-be6172e6b2e0.jpg?image-crop-positioner-ts=1768346451\" alt=\"\" class=\"wp-image-221671\" srcset=\"https:\/\/iffr.com\/en\/wp-content\/uploads\/sites\/2\/2026\/01\/0ed10c09-9fc3-4625-8f15-be6172e6b2e0.jpg?image-crop-positioner-ts=1768346451 1908w, https:\/\/iffr.com\/en\/wp-content\/uploads\/sites\/2\/2026\/01\/0ed10c09-9fc3-4625-8f15-be6172e6b2e0-288x162.jpg?image-crop-positioner-ts=1768346451 288w, https:\/\/iffr.com\/en\/wp-content\/uploads\/sites\/2\/2026\/01\/0ed10c09-9fc3-4625-8f15-be6172e6b2e0-432x243.jpg?image-crop-positioner-ts=1768346451 432w, https:\/\/iffr.com\/en\/wp-content\/uploads\/sites\/2\/2026\/01\/0ed10c09-9fc3-4625-8f15-be6172e6b2e0-832x468.jpg?image-crop-positioner-ts=1768346451 832w, https:\/\/iffr.com\/en\/wp-content\/uploads\/sites\/2\/2026\/01\/0ed10c09-9fc3-4625-8f15-be6172e6b2e0-1296x729.jpg?image-crop-positioner-ts=1768346451 1296w\" sizes=\"auto, (max-width: 1908px) 100vw, 1908px\" \/><figcaption class=\"wp-element-caption\">Film still: The Secret Agent<\/figcaption><\/figure>\n\n\n\n<h2 class=\"wp-block-heading\">About the <a href=\"https:\/\/iffr.com\/en\/iffr\/2026\/events\/big-talk-kleber-mendon\u00e7a-filho-carla-sim\u00f3n\">Big Talk: Kleber Mendon\u00e7a Filho &amp; Carla Sim\u00f3n<\/a><\/h2>\n\n\n\n<p>Kleber Mendon\u00e7a Filho (<strong>The Secret Agent<\/strong>, IFFR 2026) and Carla Sim\u00f3n (<strong>Romer\u00eda<\/strong>, IFFR 2026) discuss how cinema can shape personal and historical memory, while blending realism with genre on one side and formal experimentation with deeply personal storytelling on the other.<\/p>\n\n\n\n<h2 class=\"wp-block-heading\">About <strong><a href=\"https:\/\/iffr.com\/en\/iffr\/2026\/films\/the-secret-agent\">The Secret Agent<\/a><\/strong><\/h2>\n\n\n\n<p>Kleber Mendon\u00e7a Filho proves once more that he is one of the most exciting filmmakers working today with&nbsp;<strong>The Secret Agent<\/strong>. Set in 1977, this playful political thriller intertwines several narrative lines to build a moving reflection on the personal and collective memories of Brazil\u2019s bloody history.<\/p>\n\n\n\n<p><strong>Ticket<\/strong> <strong>prices<\/strong><\/p>\n\n\n\n<ul class=\"wp-block-list\">\n<li>Regular: \u20ac22<\/li>\n\n\n\n<li>Under 23: \u20ac14<\/li>\n\n\n\n<li>Students: \u20ac14<\/li>\n<\/ul>\n\n\n\n<p><strong>Date &amp; time<\/strong><\/p>\n\n\n\n<ul class=\"wp-block-list\">\n<li>Big Talk: Saturday 31 January, 18.00<\/li>\n\n\n\n<li>Film screening: Monday 2 February, 12.00<br><em>Please note: if you&#8217;ve purchased a ticket for this double bill before Friday 16 January, your ticket provides access to the film screening on Saturday 31 January.<\/em><\/li>\n<\/ul>\n\n\n\n<p><em>Tickets for the Big Talk + Film are sold out.<\/em><br>Talk-only tickets are still available and can be purchased via the button below.<\/p>\n\n\n\n\t<div data-name=\"acf\/block-buttons\" class=\"align\">\n\t\t\n\t\t<ul class=\"flex flex-wrap gap-2 md:gap-6\">\n\t\t\t\t\t\t\t<li>\n\t\t\t\t\t\t\t\t\t\t\n\n\n\n\n<a\n\tclass=\"group btn btn-primary  \"\n\t\t\thref=\"https:\/\/iffr.com\/en\/iffr\/2026\/events\/big-talk-kleber-mendon%c3%a7a-filho-carla-sim%c3%b3n\"\n\t\t\t\ttarget=\"_blank\" rel=\"noopener\"\n\t\t\t\t\t\t\t\t\t\t\t\t\t>\n\t\n\t\t\t<span data-button-text>\n\t\t\tTickets Big Talk only\n\n\t\t\t\t\t\t\t<span class=\"sr-only\">Opent in een nieuw venster<\/span>\n\t\t\t\t\t<\/span>\n\t\n\t\t\t\t\t\n\t\t\t\t\t<span class=\"transition-transform duration-300 group-hover:rotate-45 group-focus-visible:rotate-45 flex items-center justify-center w-[1em] h-[1em] icon group-expanded:hidden\" aria-hidden=\"true\">\n\t\t\t<svg width=\"16\" height=\"16\" viewBox=\"0 0 16 16\" fill=\"none\" xmlns=\"http:\/\/www.w3.org\/2000\/svg\"><path d=\"M14.667 2.386v9.122a1.053 1.053 0 0 1-2.105 0V4.93l-9.43 9.428a1.054 1.054 0 1 1-1.49-1.491l9.429-9.429H4.493a1.052 1.052 0 0 1 0-2.105h9.121a1.053 1.053 0 0 1 1.053 1.053Z\" fill=\"currentColor\"\/><\/svg>\n\n\t\t<\/span>\n\n\t\t\t\n\t<\/a>\n\t\t\t\t<\/li>\n\t\t\t\t\t<\/ul>\n\t<\/div>\n","protected":false},"excerpt":{"rendered":"<p>Fancy a double-bill? It is this year also possible to purchase a joint ticket for our Big Talks and a connected film from the programme, at a reduced rate. About the Big Talk: Kleber Mendon\u00e7a Filho &amp; Carla Sim\u00f3n Kleber Mendon\u00e7a Filho (The Secret Agent, IFFR 2026) and Carla Sim\u00f3n (Romer\u00eda, IFFR 2026) discuss how [&hellip;]<\/p>\n","protected":false},"author":8,"featured_media":0,"parent":202324,"menu_order":0,"comment_status":"closed","ping_status":"closed","template":"","meta":{"_acf_changed":false,"editor_notices":[],"footnotes":""},"class_list":["post-221668","page","type-page","status-publish","hentry"],"acf":[],"yoast_head":"<!-- This site is optimized with the Yoast SEO plugin v27.3 - https:\/\/yoast.com\/product\/yoast-seo-wordpress\/ -->\n<title>Big Talk + Film: Kleber Mendon\u00e7a Filho &amp; Carla Sim\u00f3n + The Secret Agent - IFFR EN<\/title>\n<meta name=\"robots\" content=\"index, follow, max-snippet:-1, max-image-preview:large, max-video-preview:-1\" \/>\n<link rel=\"canonical\" href=\"https:\/\/iffr.com\/en\/iffr-2026-talks\/big-talk-film-kleber-mendon\u00e7a-filho-carla-sim\u00f3n-the-secret-agent\" \/>\n<meta property=\"og:locale\" content=\"en_GB\" \/>\n<meta property=\"og:type\" content=\"article\" \/>\n<meta property=\"og:title\" content=\"Big Talk + Film: Kleber Mendon\u00e7a Filho &amp; Carla Sim\u00f3n + The Secret Agent - IFFR EN\" \/>\n<meta property=\"og:description\" content=\"Fancy a double-bill? It is this year also possible to purchase a joint ticket for our Big Talks and a connected film from the programme, at a reduced rate. About the Big Talk: Kleber Mendon\u00e7a Filho &amp; Carla Sim\u00f3n Kleber Mendon\u00e7a Filho (The Secret Agent, IFFR 2026) and Carla Sim\u00f3n (Romer\u00eda, IFFR 2026) discuss how [&hellip;]\" \/>\n<meta property=\"og:url\" content=\"https:\/\/iffr.com\/en\/iffr-2026-talks\/big-talk-film-kleber-mendon\u00e7a-filho-carla-sim\u00f3n-the-secret-agent\" \/>\n<meta property=\"og:site_name\" content=\"IFFR EN\" \/>\n<meta property=\"article:modified_time\" content=\"2026-01-30T15:41:47+00:00\" \/>\n<meta property=\"og:image\" content=\"https:\/\/iffr.com\/en\/wp-content\/uploads\/sites\/2\/2026\/01\/0ed10c09-9fc3-4625-8f15-be6172e6b2e0.jpg?image-crop-positioner-ts=1768346451\" \/>\n\t<meta property=\"og:image:width\" content=\"1908\" \/>\n\t<meta property=\"og:image:height\" content=\"1073\" \/>\n\t<meta property=\"og:image:type\" content=\"image\/jpeg\" \/>\n<meta name=\"twitter:card\" content=\"summary_large_image\" \/>\n<meta name=\"twitter:label1\" content=\"Est. reading time\" \/>\n\t<meta name=\"twitter:data1\" content=\"2 minutes\" \/>\n<script type=\"application\/ld+json\" class=\"yoast-schema-graph\">{\"@context\":\"https:\\\/\\\/schema.org\",\"@graph\":[{\"@type\":\"WebPage\",\"@id\":\"https:\\\/\\\/iffr.com\\\/en\\\/iffr-2026-talks\\\/big-talk-film-kleber-mendon%c3%a7a-filho-carla-sim%c3%b3n-the-secret-agent\",\"url\":\"https:\\\/\\\/iffr.com\\\/en\\\/iffr-2026-talks\\\/big-talk-film-kleber-mendon%c3%a7a-filho-carla-sim%c3%b3n-the-secret-agent\",\"name\":\"Big Talk + Film: Kleber Mendon\u00e7a Filho &amp; Carla Sim\u00f3n + The Secret Agent - IFFR EN\",\"isPartOf\":{\"@id\":\"https:\\\/\\\/iffr.com\\\/en\\\/#website\"},\"primaryImageOfPage\":{\"@id\":\"https:\\\/\\\/iffr.com\\\/en\\\/iffr-2026-talks\\\/big-talk-film-kleber-mendon%c3%a7a-filho-carla-sim%c3%b3n-the-secret-agent#primaryimage\"},\"image\":{\"@id\":\"https:\\\/\\\/iffr.com\\\/en\\\/iffr-2026-talks\\\/big-talk-film-kleber-mendon%c3%a7a-filho-carla-sim%c3%b3n-the-secret-agent#primaryimage\"},\"thumbnailUrl\":\"https:\\\/\\\/iffr.com\\\/en\\\/wp-content\\\/uploads\\\/sites\\\/2\\\/2026\\\/01\\\/0ed10c09-9fc3-4625-8f15-be6172e6b2e0.jpg?image-crop-positioner-ts=1768346451\",\"datePublished\":\"2026-01-14T10:36:19+00:00\",\"dateModified\":\"2026-01-30T15:41:47+00:00\",\"breadcrumb\":{\"@id\":\"https:\\\/\\\/iffr.com\\\/en\\\/iffr-2026-talks\\\/big-talk-film-kleber-mendon%c3%a7a-filho-carla-sim%c3%b3n-the-secret-agent#breadcrumb\"},\"inLanguage\":\"en-GB\",\"potentialAction\":[{\"@type\":\"ReadAction\",\"target\":[\"https:\\\/\\\/iffr.com\\\/en\\\/iffr-2026-talks\\\/big-talk-film-kleber-mendon%c3%a7a-filho-carla-sim%c3%b3n-the-secret-agent\"]}]},{\"@type\":\"ImageObject\",\"inLanguage\":\"en-GB\",\"@id\":\"https:\\\/\\\/iffr.com\\\/en\\\/iffr-2026-talks\\\/big-talk-film-kleber-mendon%c3%a7a-filho-carla-sim%c3%b3n-the-secret-agent#primaryimage\",\"url\":\"https:\\\/\\\/iffr.com\\\/en\\\/wp-content\\\/uploads\\\/sites\\\/2\\\/2026\\\/01\\\/0ed10c09-9fc3-4625-8f15-be6172e6b2e0.jpg?image-crop-positioner-ts=1768346451\",\"contentUrl\":\"https:\\\/\\\/iffr.com\\\/en\\\/wp-content\\\/uploads\\\/sites\\\/2\\\/2026\\\/01\\\/0ed10c09-9fc3-4625-8f15-be6172e6b2e0.jpg?image-crop-positioner-ts=1768346451\",\"width\":1908,\"height\":1073},{\"@type\":\"BreadcrumbList\",\"@id\":\"https:\\\/\\\/iffr.com\\\/en\\\/iffr-2026-talks\\\/big-talk-film-kleber-mendon%c3%a7a-filho-carla-sim%c3%b3n-the-secret-agent#breadcrumb\",\"itemListElement\":[{\"@type\":\"ListItem\",\"position\":1,\"name\":\"Home\",\"item\":\"https:\\\/\\\/iffr.com\\\/en\\\/\"},{\"@type\":\"ListItem\",\"position\":2,\"name\":\"IFFR 2026 Talks\",\"item\":\"https:\\\/\\\/iffr.com\\\/en\\\/iffr-2026-talks\"},{\"@type\":\"ListItem\",\"position\":3,\"name\":\"Big Talk + Film: Kleber Mendon\u00e7a Filho &amp; Carla Sim\u00f3n + The Secret Agent\"}]},{\"@type\":\"WebSite\",\"@id\":\"https:\\\/\\\/iffr.com\\\/en\\\/#website\",\"url\":\"https:\\\/\\\/iffr.com\\\/en\\\/\",\"name\":\"IFFR EN\",\"description\":\"\",\"potentialAction\":[{\"@type\":\"SearchAction\",\"target\":{\"@type\":\"EntryPoint\",\"urlTemplate\":\"https:\\\/\\\/iffr.com\\\/en\\\/?s={search_term_string}\"},\"query-input\":{\"@type\":\"PropertyValueSpecification\",\"valueRequired\":true,\"valueName\":\"search_term_string\"}}],\"inLanguage\":\"en-GB\"}]}<\/script>\n<!-- \/ Yoast SEO plugin. -->","yoast_head_json":{"title":"Big Talk + Film: Kleber Mendon\u00e7a Filho &amp; Carla Sim\u00f3n + The Secret Agent - IFFR EN","robots":{"index":"index","follow":"follow","max-snippet":"max-snippet:-1","max-image-preview":"max-image-preview:large","max-video-preview":"max-video-preview:-1"},"canonical":"https:\/\/iffr.com\/en\/iffr-2026-talks\/big-talk-film-kleber-mendon\u00e7a-filho-carla-sim\u00f3n-the-secret-agent","og_locale":"en_GB","og_type":"article","og_title":"Big Talk + Film: Kleber Mendon\u00e7a Filho &amp; Carla Sim\u00f3n + The Secret Agent - IFFR EN","og_description":"Fancy a double-bill? It is this year also possible to purchase a joint ticket for our Big Talks and a connected film from the programme, at a reduced rate. About the Big Talk: Kleber Mendon\u00e7a Filho &amp; Carla Sim\u00f3n Kleber Mendon\u00e7a Filho (The Secret Agent, IFFR 2026) and Carla Sim\u00f3n (Romer\u00eda, IFFR 2026) discuss how [&hellip;]","og_url":"https:\/\/iffr.com\/en\/iffr-2026-talks\/big-talk-film-kleber-mendon\u00e7a-filho-carla-sim\u00f3n-the-secret-agent","og_site_name":"IFFR EN","article_modified_time":"2026-01-30T15:41:47+00:00","og_image":[{"width":1908,"height":1073,"url":"https:\/\/iffr.com\/en\/wp-content\/uploads\/sites\/2\/2026\/01\/0ed10c09-9fc3-4625-8f15-be6172e6b2e0.jpg?image-crop-positioner-ts=1768346451","type":"image\/jpeg"}],"twitter_card":"summary_large_image","twitter_misc":{"Est. reading time":"2 minutes"},"schema":{"@context":"https:\/\/schema.org","@graph":[{"@type":"WebPage","@id":"https:\/\/iffr.com\/en\/iffr-2026-talks\/big-talk-film-kleber-mendon%c3%a7a-filho-carla-sim%c3%b3n-the-secret-agent","url":"https:\/\/iffr.com\/en\/iffr-2026-talks\/big-talk-film-kleber-mendon%c3%a7a-filho-carla-sim%c3%b3n-the-secret-agent","name":"Big Talk + Film: Kleber Mendon\u00e7a Filho &amp; Carla Sim\u00f3n + The Secret Agent - IFFR EN","isPartOf":{"@id":"https:\/\/iffr.com\/en\/#website"},"primaryImageOfPage":{"@id":"https:\/\/iffr.com\/en\/iffr-2026-talks\/big-talk-film-kleber-mendon%c3%a7a-filho-carla-sim%c3%b3n-the-secret-agent#primaryimage"},"image":{"@id":"https:\/\/iffr.com\/en\/iffr-2026-talks\/big-talk-film-kleber-mendon%c3%a7a-filho-carla-sim%c3%b3n-the-secret-agent#primaryimage"},"thumbnailUrl":"https:\/\/iffr.com\/en\/wp-content\/uploads\/sites\/2\/2026\/01\/0ed10c09-9fc3-4625-8f15-be6172e6b2e0.jpg?image-crop-positioner-ts=1768346451","datePublished":"2026-01-14T10:36:19+00:00","dateModified":"2026-01-30T15:41:47+00:00","breadcrumb":{"@id":"https:\/\/iffr.com\/en\/iffr-2026-talks\/big-talk-film-kleber-mendon%c3%a7a-filho-carla-sim%c3%b3n-the-secret-agent#breadcrumb"},"inLanguage":"en-GB","potentialAction":[{"@type":"ReadAction","target":["https:\/\/iffr.com\/en\/iffr-2026-talks\/big-talk-film-kleber-mendon%c3%a7a-filho-carla-sim%c3%b3n-the-secret-agent"]}]},{"@type":"ImageObject","inLanguage":"en-GB","@id":"https:\/\/iffr.com\/en\/iffr-2026-talks\/big-talk-film-kleber-mendon%c3%a7a-filho-carla-sim%c3%b3n-the-secret-agent#primaryimage","url":"https:\/\/iffr.com\/en\/wp-content\/uploads\/sites\/2\/2026\/01\/0ed10c09-9fc3-4625-8f15-be6172e6b2e0.jpg?image-crop-positioner-ts=1768346451","contentUrl":"https:\/\/iffr.com\/en\/wp-content\/uploads\/sites\/2\/2026\/01\/0ed10c09-9fc3-4625-8f15-be6172e6b2e0.jpg?image-crop-positioner-ts=1768346451","width":1908,"height":1073},{"@type":"BreadcrumbList","@id":"https:\/\/iffr.com\/en\/iffr-2026-talks\/big-talk-film-kleber-mendon%c3%a7a-filho-carla-sim%c3%b3n-the-secret-agent#breadcrumb","itemListElement":[{"@type":"ListItem","position":1,"name":"Home","item":"https:\/\/iffr.com\/en\/"},{"@type":"ListItem","position":2,"name":"IFFR 2026 Talks","item":"https:\/\/iffr.com\/en\/iffr-2026-talks"},{"@type":"ListItem","position":3,"name":"Big Talk + Film: Kleber Mendon\u00e7a Filho &amp; Carla Sim\u00f3n + The Secret Agent"}]},{"@type":"WebSite","@id":"https:\/\/iffr.com\/en\/#website","url":"https:\/\/iffr.com\/en\/","name":"IFFR EN","description":"","potentialAction":[{"@type":"SearchAction","target":{"@type":"EntryPoint","urlTemplate":"https:\/\/iffr.com\/en\/?s={search_term_string}"},"query-input":{"@type":"PropertyValueSpecification","valueRequired":true,"valueName":"search_term_string"}}],"inLanguage":"en-GB"}]}},"_links":{"self":[{"href":"https:\/\/iffr.com\/en\/wp-json\/wp\/v2\/pages\/221668","targetHints":{"allow":["GET"]}}],"collection":[{"href":"https:\/\/iffr.com\/en\/wp-json\/wp\/v2\/pages"}],"about":[{"href":"https:\/\/iffr.com\/en\/wp-json\/wp\/v2\/types\/page"}],"author":[{"embeddable":true,"href":"https:\/\/iffr.com\/en\/wp-json\/wp\/v2\/users\/8"}],"replies":[{"embeddable":true,"href":"https:\/\/iffr.com\/en\/wp-json\/wp\/v2\/comments?post=221668"}],"version-history":[{"count":14,"href":"https:\/\/iffr.com\/en\/wp-json\/wp\/v2\/pages\/221668\/revisions"}],"predecessor-version":[{"id":229190,"href":"https:\/\/iffr.com\/en\/wp-json\/wp\/v2\/pages\/221668\/revisions\/229190"}],"up":[{"embeddable":true,"href":"https:\/\/iffr.com\/en\/wp-json\/wp\/v2\/pages\/202324"}],"wp:attachment":[{"href":"https:\/\/iffr.com\/en\/wp-json\/wp\/v2\/media?parent=221668"}],"curies":[{"name":"wp","href":"https:\/\/api.w.org\/{rel}","templated":true}]}}