{"id":204963,"date":"2025-01-16T22:22:42","date_gmt":"2025-01-16T21:22:42","guid":{"rendered":"https:\/\/iffr.com\/en\/?page_id=204963"},"modified":"2025-01-16T22:22:46","modified_gmt":"2025-01-16T21:22:46","slug":"film-talk-the-brutalist-robby-m%c3%bcller-award-lol-crawley","status":"publish","type":"page","link":"https:\/\/iffr.com\/en\/film-talk-the-brutalist-robby-m%c3%bcller-award-lol-crawley","title":{"rendered":"Film + Talk: The Brutalist + Robby M\u00fcller Award: Lol Crawley"},"content":{"rendered":"<figure class=\"wp-block-post-featured-image\"><img loading=\"lazy\" decoding=\"async\" width=\"2560\" height=\"2212\" src=\"https:\/\/iffr.com\/en\/wp-content\/uploads\/sites\/2\/2024\/11\/Lol-Crawley-scaled.jpg?image-crop-positioner-ts=1732204540\" class=\"attachment-post-thumbnail size-post-thumbnail wp-post-image\" alt=\"\" style=\"object-fit:cover;\" \/><\/figure>\n\n\n<p>British cinematographer Lol Crawley is the recipient of the sixth Robby M\u00fcller Award, an annual prize, in collaboration with the Netherlands Society of Cinematographers (NSC) and Andrea M\u00fcller-Schirmer, the wife of the late Robby M\u00fcller. The award pays homage to contemporary artists working behind the lens who, in the spirit of the celebrated Dutch cinematographer, have created a striking visual language throughout their work.<\/p>\n\n\n\n<p>During the Talk, moderated by writer and film critic Peter Bradshaw, Crawley will discuss his cinematographic approach, his inspirations and some of the work from his extensive oeuvre.<\/p>\n\n\n\n<p>Charting the life of a Hungarian architect following his arrival in the US at the end of the Second World War, Brady Corbet\u2019s magisterial drama The Brutalist, explores the stultifying impact of collective trauma, the transformative quality of artistic endeavour and the corrosive nature of unbridled capitalism.<\/p>\n\n\n\n<p>Get your ticket here for the filmscreening + Talk.<\/p>\n\n\n\n\t<div data-name=\"acf\/block-buttons\" class=\"align\">\n\t\t\n\t\t<ul class=\"flex flex-wrap gap-2 md:gap-6\">\n\t\t\t\t\t\t\t<li>\n\t\t\t\t\t\t\t\t\t\t\n\n\n\n\n<a\n\tclass=\"group btn btn-primary  \"\n\t\t\thref=\"https:\/\/tickets.iffr.com\/mtTicket\/pack\/10188?stlt=iffr\"\n\t\t\t\t\t\t\t\t\t\t\t\t\t\t>\n\t\n\t\t\t<span data-button-text>\n\t\t\tTickets \u2013 Film + Talk\n\n\t\t\t\t\t<\/span>\n\t\n\t\t\t\t\t\n\t\t\t\t\t<span class=\"transition-transform duration-300 group-hover:rotate-45 group-focus-visible:rotate-45 flex items-center justify-center w-[1em] h-[1em] icon group-expanded:hidden\" aria-hidden=\"true\">\n\t\t\t<svg width=\"16\" height=\"16\" viewBox=\"0 0 16 16\" fill=\"none\" xmlns=\"http:\/\/www.w3.org\/2000\/svg\"><path d=\"M14.667 2.386v9.122a1.053 1.053 0 0 1-2.105 0V4.93l-9.43 9.428a1.054 1.054 0 1 1-1.49-1.491l9.429-9.429H4.493a1.052 1.052 0 0 1 0-2.105h9.121a1.053 1.053 0 0 1 1.053 1.053Z\" fill=\"currentColor\"\/><\/svg>\n\n\t\t<\/span>\n\n\t\t\t\n\t<\/a>\n\t\t\t\t<\/li>\n\t\t\t\t\t<\/ul>\n\t<\/div>\n","protected":false},"excerpt":{"rendered":"<p>British cinematographer Lol Crawley is the recipient of the sixth Robby M\u00fcller Award, an annual prize, in collaboration with the Netherlands Society of Cinematographers (NSC) and Andrea M\u00fcller-Schirmer, the wife of the late Robby M\u00fcller. The award pays homage to contemporary artists working behind the lens who, in the spirit of the celebrated Dutch cinematographer, [&hellip;]<\/p>\n","protected":false},"author":2753,"featured_media":189149,"parent":0,"menu_order":0,"comment_status":"closed","ping_status":"closed","template":"","meta":{"_acf_changed":false,"editor_notices":[],"footnotes":""},"class_list":["post-204963","page","type-page","status-publish","has-post-thumbnail","hentry"],"acf":[],"yoast_head":"<!-- This site is optimized with the Yoast SEO plugin v27.3 - https:\/\/yoast.com\/product\/yoast-seo-wordpress\/ -->\n<title>Film + Talk: The Brutalist + Robby M\u00fcller Award: Lol Crawley - IFFR EN<\/title>\n<meta name=\"robots\" content=\"index, follow, max-snippet:-1, max-image-preview:large, max-video-preview:-1\" \/>\n<link rel=\"canonical\" href=\"https:\/\/iffr.com\/en\/film-talk-the-brutalist-robby-m\u00fcller-award-lol-crawley\" \/>\n<meta property=\"og:locale\" content=\"en_GB\" \/>\n<meta property=\"og:type\" content=\"article\" \/>\n<meta property=\"og:title\" content=\"Film + Talk: The Brutalist + Robby M\u00fcller Award: Lol Crawley - IFFR EN\" \/>\n<meta property=\"og:description\" content=\"British cinematographer Lol Crawley is the recipient of the sixth Robby M\u00fcller Award, an annual prize, in collaboration with the Netherlands Society of Cinematographers (NSC) and Andrea M\u00fcller-Schirmer, the wife of the late Robby M\u00fcller. The award pays homage to contemporary artists working behind the lens who, in the spirit of the celebrated Dutch cinematographer, [&hellip;]\" \/>\n<meta property=\"og:url\" content=\"https:\/\/iffr.com\/en\/film-talk-the-brutalist-robby-m\u00fcller-award-lol-crawley\" \/>\n<meta property=\"og:site_name\" content=\"IFFR EN\" \/>\n<meta property=\"article:modified_time\" content=\"2025-01-16T21:22:46+00:00\" \/>\n<meta property=\"og:image\" content=\"https:\/\/iffr.com\/en\/wp-content\/uploads\/sites\/2\/2024\/11\/Lol-Crawley-scaled.jpg?image-crop-positioner-ts=1732204540\" \/>\n\t<meta property=\"og:image:width\" content=\"2560\" \/>\n\t<meta property=\"og:image:height\" content=\"2212\" \/>\n\t<meta property=\"og:image:type\" content=\"image\/jpeg\" \/>\n<meta name=\"twitter:card\" content=\"summary_large_image\" \/>\n<meta name=\"twitter:label1\" content=\"Est. reading time\" \/>\n\t<meta name=\"twitter:data1\" content=\"1 minute\" \/>\n<script type=\"application\/ld+json\" class=\"yoast-schema-graph\">{\"@context\":\"https:\\\/\\\/schema.org\",\"@graph\":[{\"@type\":\"WebPage\",\"@id\":\"https:\\\/\\\/iffr.com\\\/en\\\/film-talk-the-brutalist-robby-m%c3%bcller-award-lol-crawley\",\"url\":\"https:\\\/\\\/iffr.com\\\/en\\\/film-talk-the-brutalist-robby-m%c3%bcller-award-lol-crawley\",\"name\":\"Film + Talk: The Brutalist + Robby M\u00fcller Award: Lol Crawley - IFFR EN\",\"isPartOf\":{\"@id\":\"https:\\\/\\\/iffr.com\\\/en\\\/#website\"},\"primaryImageOfPage\":{\"@id\":\"https:\\\/\\\/iffr.com\\\/en\\\/film-talk-the-brutalist-robby-m%c3%bcller-award-lol-crawley#primaryimage\"},\"image\":{\"@id\":\"https:\\\/\\\/iffr.com\\\/en\\\/film-talk-the-brutalist-robby-m%c3%bcller-award-lol-crawley#primaryimage\"},\"thumbnailUrl\":\"https:\\\/\\\/iffr.com\\\/en\\\/wp-content\\\/uploads\\\/sites\\\/2\\\/2024\\\/11\\\/Lol-Crawley-scaled.jpg?image-crop-positioner-ts=1732204540\",\"datePublished\":\"2025-01-16T21:22:42+00:00\",\"dateModified\":\"2025-01-16T21:22:46+00:00\",\"breadcrumb\":{\"@id\":\"https:\\\/\\\/iffr.com\\\/en\\\/film-talk-the-brutalist-robby-m%c3%bcller-award-lol-crawley#breadcrumb\"},\"inLanguage\":\"en-GB\",\"potentialAction\":[{\"@type\":\"ReadAction\",\"target\":[\"https:\\\/\\\/iffr.com\\\/en\\\/film-talk-the-brutalist-robby-m%c3%bcller-award-lol-crawley\"]}]},{\"@type\":\"ImageObject\",\"inLanguage\":\"en-GB\",\"@id\":\"https:\\\/\\\/iffr.com\\\/en\\\/film-talk-the-brutalist-robby-m%c3%bcller-award-lol-crawley#primaryimage\",\"url\":\"https:\\\/\\\/iffr.com\\\/en\\\/wp-content\\\/uploads\\\/sites\\\/2\\\/2024\\\/11\\\/Lol-Crawley-scaled.jpg?image-crop-positioner-ts=1732204540\",\"contentUrl\":\"https:\\\/\\\/iffr.com\\\/en\\\/wp-content\\\/uploads\\\/sites\\\/2\\\/2024\\\/11\\\/Lol-Crawley-scaled.jpg?image-crop-positioner-ts=1732204540\",\"width\":2560,\"height\":2212,\"caption\":\"Lol Crawley, 2025 Robby M\u00fcller Award recipient\"},{\"@type\":\"BreadcrumbList\",\"@id\":\"https:\\\/\\\/iffr.com\\\/en\\\/film-talk-the-brutalist-robby-m%c3%bcller-award-lol-crawley#breadcrumb\",\"itemListElement\":[{\"@type\":\"ListItem\",\"position\":1,\"name\":\"Home\",\"item\":\"https:\\\/\\\/iffr.com\\\/en\\\/\"},{\"@type\":\"ListItem\",\"position\":2,\"name\":\"Film + Talk: The Brutalist + Robby M\u00fcller Award: Lol Crawley\"}]},{\"@type\":\"WebSite\",\"@id\":\"https:\\\/\\\/iffr.com\\\/en\\\/#website\",\"url\":\"https:\\\/\\\/iffr.com\\\/en\\\/\",\"name\":\"IFFR EN\",\"description\":\"\",\"potentialAction\":[{\"@type\":\"SearchAction\",\"target\":{\"@type\":\"EntryPoint\",\"urlTemplate\":\"https:\\\/\\\/iffr.com\\\/en\\\/?s={search_term_string}\"},\"query-input\":{\"@type\":\"PropertyValueSpecification\",\"valueRequired\":true,\"valueName\":\"search_term_string\"}}],\"inLanguage\":\"en-GB\"}]}<\/script>\n<!-- \/ Yoast SEO plugin. -->","yoast_head_json":{"title":"Film + Talk: The Brutalist + Robby M\u00fcller Award: Lol Crawley - IFFR EN","robots":{"index":"index","follow":"follow","max-snippet":"max-snippet:-1","max-image-preview":"max-image-preview:large","max-video-preview":"max-video-preview:-1"},"canonical":"https:\/\/iffr.com\/en\/film-talk-the-brutalist-robby-m\u00fcller-award-lol-crawley","og_locale":"en_GB","og_type":"article","og_title":"Film + Talk: The Brutalist + Robby M\u00fcller Award: Lol Crawley - IFFR EN","og_description":"British cinematographer Lol Crawley is the recipient of the sixth Robby M\u00fcller Award, an annual prize, in collaboration with the Netherlands Society of Cinematographers (NSC) and Andrea M\u00fcller-Schirmer, the wife of the late Robby M\u00fcller. The award pays homage to contemporary artists working behind the lens who, in the spirit of the celebrated Dutch cinematographer, [&hellip;]","og_url":"https:\/\/iffr.com\/en\/film-talk-the-brutalist-robby-m\u00fcller-award-lol-crawley","og_site_name":"IFFR EN","article_modified_time":"2025-01-16T21:22:46+00:00","og_image":[{"width":2560,"height":2212,"url":"https:\/\/iffr.com\/en\/wp-content\/uploads\/sites\/2\/2024\/11\/Lol-Crawley-scaled.jpg?image-crop-positioner-ts=1732204540","type":"image\/jpeg"}],"twitter_card":"summary_large_image","twitter_misc":{"Est. reading time":"1 minute"},"schema":{"@context":"https:\/\/schema.org","@graph":[{"@type":"WebPage","@id":"https:\/\/iffr.com\/en\/film-talk-the-brutalist-robby-m%c3%bcller-award-lol-crawley","url":"https:\/\/iffr.com\/en\/film-talk-the-brutalist-robby-m%c3%bcller-award-lol-crawley","name":"Film + Talk: The Brutalist + Robby M\u00fcller Award: Lol Crawley - IFFR EN","isPartOf":{"@id":"https:\/\/iffr.com\/en\/#website"},"primaryImageOfPage":{"@id":"https:\/\/iffr.com\/en\/film-talk-the-brutalist-robby-m%c3%bcller-award-lol-crawley#primaryimage"},"image":{"@id":"https:\/\/iffr.com\/en\/film-talk-the-brutalist-robby-m%c3%bcller-award-lol-crawley#primaryimage"},"thumbnailUrl":"https:\/\/iffr.com\/en\/wp-content\/uploads\/sites\/2\/2024\/11\/Lol-Crawley-scaled.jpg?image-crop-positioner-ts=1732204540","datePublished":"2025-01-16T21:22:42+00:00","dateModified":"2025-01-16T21:22:46+00:00","breadcrumb":{"@id":"https:\/\/iffr.com\/en\/film-talk-the-brutalist-robby-m%c3%bcller-award-lol-crawley#breadcrumb"},"inLanguage":"en-GB","potentialAction":[{"@type":"ReadAction","target":["https:\/\/iffr.com\/en\/film-talk-the-brutalist-robby-m%c3%bcller-award-lol-crawley"]}]},{"@type":"ImageObject","inLanguage":"en-GB","@id":"https:\/\/iffr.com\/en\/film-talk-the-brutalist-robby-m%c3%bcller-award-lol-crawley#primaryimage","url":"https:\/\/iffr.com\/en\/wp-content\/uploads\/sites\/2\/2024\/11\/Lol-Crawley-scaled.jpg?image-crop-positioner-ts=1732204540","contentUrl":"https:\/\/iffr.com\/en\/wp-content\/uploads\/sites\/2\/2024\/11\/Lol-Crawley-scaled.jpg?image-crop-positioner-ts=1732204540","width":2560,"height":2212,"caption":"Lol Crawley, 2025 Robby M\u00fcller Award recipient"},{"@type":"BreadcrumbList","@id":"https:\/\/iffr.com\/en\/film-talk-the-brutalist-robby-m%c3%bcller-award-lol-crawley#breadcrumb","itemListElement":[{"@type":"ListItem","position":1,"name":"Home","item":"https:\/\/iffr.com\/en\/"},{"@type":"ListItem","position":2,"name":"Film + Talk: The Brutalist + Robby M\u00fcller Award: Lol Crawley"}]},{"@type":"WebSite","@id":"https:\/\/iffr.com\/en\/#website","url":"https:\/\/iffr.com\/en\/","name":"IFFR EN","description":"","potentialAction":[{"@type":"SearchAction","target":{"@type":"EntryPoint","urlTemplate":"https:\/\/iffr.com\/en\/?s={search_term_string}"},"query-input":{"@type":"PropertyValueSpecification","valueRequired":true,"valueName":"search_term_string"}}],"inLanguage":"en-GB"}]}},"_links":{"self":[{"href":"https:\/\/iffr.com\/en\/wp-json\/wp\/v2\/pages\/204963","targetHints":{"allow":["GET"]}}],"collection":[{"href":"https:\/\/iffr.com\/en\/wp-json\/wp\/v2\/pages"}],"about":[{"href":"https:\/\/iffr.com\/en\/wp-json\/wp\/v2\/types\/page"}],"author":[{"embeddable":true,"href":"https:\/\/iffr.com\/en\/wp-json\/wp\/v2\/users\/2753"}],"replies":[{"embeddable":true,"href":"https:\/\/iffr.com\/en\/wp-json\/wp\/v2\/comments?post=204963"}],"version-history":[{"count":1,"href":"https:\/\/iffr.com\/en\/wp-json\/wp\/v2\/pages\/204963\/revisions"}],"predecessor-version":[{"id":204964,"href":"https:\/\/iffr.com\/en\/wp-json\/wp\/v2\/pages\/204963\/revisions\/204964"}],"wp:featuredmedia":[{"embeddable":true,"href":"https:\/\/iffr.com\/en\/wp-json\/wp\/v2\/media\/189149"}],"wp:attachment":[{"href":"https:\/\/iffr.com\/en\/wp-json\/wp\/v2\/media?parent=204963"}],"curies":[{"name":"wp","href":"https:\/\/api.w.org\/{rel}","templated":true}]}}